{"id":1290,"date":"2017-11-08T07:04:26","date_gmt":"2017-11-08T07:04:26","guid":{"rendered":"http:\/\/plzfy.com\/competition\/"},"modified":"2019-10-15T18:13:05","modified_gmt":"2019-10-15T16:13:05","slug":"competition","status":"publish","type":"page","link":"https:\/\/evokaii.com\/pl\/competition\/","title":{"rendered":"Competition"},"content":{"rendered":"\n\n  <div class=\"banner has-hover bg-glow\" id=\"banner-1079439411\">\n          <div class=\"banner-inner fill\">\n        <div class=\"banner-bg fill\" >\n            <img decoding=\"async\" width=\"1020\" height=\"434\" src=\"https:\/\/evokaii.com\/wp-content\/uploads\/2017\/11\/Evokaii_Girls_Surf_Hoodie_9-22-1400x596.jpg\" class=\"bg attachment-large size-large\" alt=\"Evokaii Epic Ocean Surf Hoodie \/ Keg Skirt\" \/>                                    \n                    <\/div>\n\t\t\n        <div class=\"banner-layers container\">\n            <div class=\"fill banner-link\"><\/div>            \n\n   <div id=\"text-box-737142922\" class=\"text-box banner-layer x50 md-x50 lg-x50 y50 md-y50 lg-y50 res-text\">\n                     <div data-animate=\"flipInY\">           <div class=\"text-box-content text dark\">\n              \n              <div class=\"text-inner text-center\">\n                  \n<h1>Zawody<\/h1>\n<div class=\"is-divider divider clearfix\" ><\/div>\n\nKa\u017cdego dnia miesi\u0105ca oddajemy darmowy produkt. Zapisz si\u0119 do naszego newslettera i ju\u017c jeste\u015b!\n\n[contact-form-7 id=&#8221;16&#8243;]\n\n              <\/div>\n           <\/div>\n       <\/div>                     \n<style>\n#text-box-737142922 {\n  width: 67%;\n}\n#text-box-737142922 .text-box-content {\n  font-size: 100%;\n}\n<\/style>\n    <\/div>\n \n\n        <\/div>\n      <\/div>\n\n            \n<style>\n#banner-1079439411 {\n  padding-top: 600px;\n}\n<\/style>\n  <\/div>\n\n\n<div class=\"container section-title-container\" ><h3 class=\"section-title section-title-center\"><b aria-hidden=\"true\"><\/b><span class=\"section-title-main\" >PRZEGL\u0104DAJ PRODUKTY<\/span><b aria-hidden=\"true\"><\/b><\/h3><\/div>\n\n\t\n  \n    <div class=\"row large-columns-4 medium-columns-3 small-columns-2 row-small has-shadow row-box-shadow-1-hover slider row-slider slider-nav-reveal slider-nav-push\"  data-flickity-options='{&quot;imagesLoaded&quot;: true, &quot;groupCells&quot;: &quot;100%&quot;, &quot;dragThreshold&quot; : 5, &quot;cellAlign&quot;: &quot;left&quot;,&quot;wrapAround&quot;: true,&quot;prevNextButtons&quot;: true,&quot;percentPosition&quot;: true,&quot;pageDots&quot;: false, &quot;rightToLeft&quot;: false, &quot;autoPlay&quot; : false}' >\n\n  \n\t     <div class=\"product-small col has-hover out-of-stock product type-product post-1069 status-publish first outofstock product_cat-bluzy-damskie product_tag-hoodie-with-large-hood-pl product_tag-streetwear-pl product_tag-surf-hoodies-pl product_tag-surf-sweatshirt-pl product_tag-surf-wear-pl product_tag-womens-surf-clothing-pl has-post-thumbnail shipping-taxable purchasable product-type-variable\">\n\t<div class=\"col-inner\">\n\t\n<div class=\"badge-container absolute left top z-1\">\n\n<\/div>\n\t<div class=\"product-small box \">\n\t\t<div class=\"box-image\">\n\t\t\t<div class=\"image-fade_in_back\">\n\t\t\t\t<a href=\"https:\/\/evokaii.com\/pl\/produkt\/bombora\/\">\n\t\t\t\t\t<img decoding=\"async\" width=\"320\" height=\"376\" src=\"https:\/\/evokaii.com\/wp-content\/uploads\/2017\/11\/Evokaii-Women-Surf-Hoodie-Bombora-320x376.jpg\" class=\"attachment-woocommerce_thumbnail size-woocommerce_thumbnail\" alt=\"Kamila wearing surf hoodie bombora at the baltic surf sea\" srcset=\"https:\/\/evokaii.com\/wp-content\/uploads\/2017\/11\/Evokaii-Women-Surf-Hoodie-Bombora-320x376.jpg 320w, https:\/\/evokaii.com\/wp-content\/uploads\/2017\/11\/Evokaii-Women-Surf-Hoodie-Bombora-640x753.jpg 640w, https:\/\/evokaii.com\/wp-content\/uploads\/2017\/11\/Evokaii-Women-Surf-Hoodie-Bombora-340x400.jpg 340w, https:\/\/evokaii.com\/wp-content\/uploads\/2017\/11\/Evokaii-Women-Surf-Hoodie-Bombora-680x800.jpg 680w, https:\/\/evokaii.com\/wp-content\/uploads\/2017\/11\/Evokaii-Women-Surf-Hoodie-Bombora-247x291.jpg 247w, https:\/\/evokaii.com\/wp-content\/uploads\/2017\/11\/Evokaii-Women-Surf-Hoodie-Bombora-768x904.jpg 768w, https:\/\/evokaii.com\/wp-content\/uploads\/2017\/11\/Evokaii-Women-Surf-Hoodie-Bombora.jpg 1020w\" sizes=\"(max-width: 320px) 100vw, 320px\" \/><img decoding=\"async\" width=\"320\" height=\"213\" src=\"https:\/\/evokaii.com\/wp-content\/uploads\/2017\/11\/Evokaii_Girls_Surf_Hoodie_9-41-320x213.jpg\" class=\"show-on-hover absolute fill hide-for-small back-image\" alt=\"Bluza Surf Style\" aria-hidden=\"true\" srcset=\"https:\/\/evokaii.com\/wp-content\/uploads\/2017\/11\/Evokaii_Girls_Surf_Hoodie_9-41-320x213.jpg 320w, https:\/\/evokaii.com\/wp-content\/uploads\/2017\/11\/Evokaii_Girls_Surf_Hoodie_9-41-640x427.jpg 640w\" sizes=\"(max-width: 320px) 100vw, 320px\" \/>\t\t\t\t<\/a>\n\t\t\t<\/div>\n\t\t\t<div class=\"image-tools is-small top right show-on-hover\">\n\t\t\t\t\t\t<div class=\"wishlist-icon\">\n\t\t\t<button class=\"wishlist-button button is-outline circle icon\" aria-label=\"Lista \u017cycze\u0144\">\n\t\t\t\t<i class=\"icon-heart\" aria-hidden=\"true\"><\/i>\t\t\t<\/button>\n\t\t\t<div class=\"wishlist-popup dark\">\n\t\t\t\t\n<div\n\tclass=\"yith-wcwl-add-to-wishlist add-to-wishlist-1069 yith-wcwl-add-to-wishlist--link-style wishlist-fragment on-first-load\"\n\tdata-fragment-ref=\"1069\"\n\tdata-fragment-options=\"{&quot;base_url&quot;:&quot;&quot;,&quot;product_id&quot;:1069,&quot;parent_product_id&quot;:0,&quot;product_type&quot;:&quot;variable&quot;,&quot;is_single&quot;:false,&quot;in_default_wishlist&quot;:false,&quot;show_view&quot;:false,&quot;browse_wishlist_text&quot;:&quot;Browse Wishlist&quot;,&quot;already_in_wishslist_text&quot;:&quot;The product is already in the wishlist!&quot;,&quot;product_added_text&quot;:&quot;Product added!&quot;,&quot;available_multi_wishlist&quot;:false,&quot;disable_wishlist&quot;:false,&quot;show_count&quot;:false,&quot;ajax_loading&quot;:false,&quot;loop_position&quot;:false,&quot;item&quot;:&quot;add_to_wishlist&quot;}\"\n>\n\t\t\t\n\t\t\t<!-- ADD TO WISHLIST -->\n\t\t\t\n<div class=\"yith-wcwl-add-button\">\n\t\t<a\n\t\thref=\"?add_to_wishlist=1069&#038;_wpnonce=eaf5eadabc\"\n\t\tclass=\"add_to_wishlist single_add_to_wishlist\"\n\t\tdata-product-id=\"1069\"\n\t\tdata-product-type=\"variable\"\n\t\tdata-original-product-id=\"0\"\n\t\tdata-title=\"Add to Wishlist\"\n\t\trel=\"nofollow\"\n\t>\n\t\t<svg id=\"yith-wcwl-icon-heart-outline\" class=\"yith-wcwl-icon-svg\" fill=\"none\" stroke-width=\"1.5\" stroke=\"currentColor\" viewBox=\"0 0 24 24\" xmlns=\"http:\/\/www.w3.org\/2000\/svg\">\n  <path stroke-linecap=\"round\" stroke-linejoin=\"round\" d=\"M21 8.25c0-2.485-2.099-4.5-4.688-4.5-1.935 0-3.597 1.126-4.312 2.733-.715-1.607-2.377-2.733-4.313-2.733C5.1 3.75 3 5.765 3 8.25c0 7.22 9 12 9 12s9-4.78 9-12Z\"><\/path>\n<\/svg>\t\t<span>Add to Wishlist<\/span>\n\t<\/a>\n<\/div>\n\n\t\t\t<!-- COUNT TEXT -->\n\t\t\t\n\t\t\t<\/div>\n\t\t\t<\/div>\n\t\t<\/div>\n\t\t\t\t\t<\/div>\n\t\t\t<div class=\"image-tools is-small hide-for-small bottom left show-on-hover\">\n\t\t\t\t\t\t\t<\/div>\n\t\t\t<div class=\"image-tools grid-tools text-center hide-for-small bottom hover-slide-in show-on-hover\">\n\t\t\t\t<a href=\"#quick-view\" class=\"quick-view\" role=\"button\" data-prod=\"1069\" aria-haspopup=\"dialog\" aria-expanded=\"false\" data-flatsome-role-button>Szybki podgl\u0105d<\/a>\t\t\t<\/div>\n\t\t\t<div class=\"out-of-stock-label\">Brak w magazynie<\/div>\t\t<\/div>\n\n\t\t<div class=\"box-text box-text-products flex-row align-top grid-style-3 flex-wrap\">\n\t\t\t<div class=\"title-wrapper\">\t\t<p class=\"category uppercase is-smaller no-text-overflow product-cat op-8\">\n\t\t\tBluzy damskie\t\t<\/p>\n\t<p class=\"name product-title woocommerce-loop-product__title\"><a href=\"https:\/\/evokaii.com\/pl\/produkt\/bombora\/\" class=\"woocommerce-LoopProduct-link woocommerce-loop-product__link\">Bombora<\/a><\/p><div class=\"star-rating star-rating--inline\" role=\"img\" aria-label=\"Oceniono 5 na 5\"><span style=\"width:100%\">Oceniono <strong class=\"rating\">5<\/strong> na 5<\/span><\/div><\/div><div class=\"price-wrapper\">\n\t<span class=\"price\"><span class=\"wcpbc-price wcpbc-price-1069\" data-product-id=\"1069\"><span class=\"woocommerce-Price-amount amount\"><bdi>89.90<span class=\"woocommerce-Price-currencySymbol\">&euro;<\/span><\/bdi><\/span><\/span><\/span>\n<\/div>\t\t<\/div>\n\t<\/div>\n\t\t<\/div>\n<\/div><\/div>\n","protected":false},"excerpt":{"rendered":"","protected":false},"author":1,"featured_media":0,"parent":0,"menu_order":0,"comment_status":"closed","ping_status":"open","template":"","meta":{"_acf_changed":false,"footnotes":""},"class_list":["post-1290","page","type-page","status-publish","hentry"],"acf":[],"_links":{"self":[{"href":"https:\/\/evokaii.com\/pl\/wp-json\/wp\/v2\/pages\/1290","targetHints":{"allow":["GET"]}}],"collection":[{"href":"https:\/\/evokaii.com\/pl\/wp-json\/wp\/v2\/pages"}],"about":[{"href":"https:\/\/evokaii.com\/pl\/wp-json\/wp\/v2\/types\/page"}],"author":[{"embeddable":true,"href":"https:\/\/evokaii.com\/pl\/wp-json\/wp\/v2\/users\/1"}],"replies":[{"embeddable":true,"href":"https:\/\/evokaii.com\/pl\/wp-json\/wp\/v2\/comments?post=1290"}],"version-history":[{"count":0,"href":"https:\/\/evokaii.com\/pl\/wp-json\/wp\/v2\/pages\/1290\/revisions"}],"wp:attachment":[{"href":"https:\/\/evokaii.com\/pl\/wp-json\/wp\/v2\/media?parent=1290"}],"curies":[{"name":"wp","href":"https:\/\/api.w.org\/{rel}","templated":true}]}}