{"id":1293,"date":"2017-11-08T01:46:48","date_gmt":"2017-11-08T01:46:48","guid":{"rendered":"http:\/\/plzfy.com\/eu-foundation-statement\/"},"modified":"2025-12-17T23:05:01","modified_gmt":"2025-12-17T21:05:01","slug":"eu-foundation-statement","status":"publish","type":"page","link":"https:\/\/evokaii.com\/pl\/eu-foundation-statement\/","title":{"rendered":"EU Foundation Statement"},"content":{"rendered":"\n<p>We are proud that we received funding from EU Development Foundation:<\/p>\n<p>Projekt polega\u0142 na opracowaniu nowego modelu biznesowego w odniesieniu si\u0119 do eksportu produkt\u00f3w firmy oraz podmiot\u00f3w, z kt\u00f3rymi mo\u017cna podj\u0105\u0107 wsp\u00f3\u0142prac\u0119 na rynku. Dodatkowymi dzia\u0142aniami przewidzianymi w projekcie by\u0142y tak\u017ce: stworzenie koncepcji wzornictwa w zakresie produktu, opakowania i znaku firmowego oraz opracowanie optymalnej koncepcji finansowania. Powy\u017csze dzia\u0142ania by\u0142y niezb\u0119dne celem odpowiedniego dobrania strategii wej\u015bcia Wnioskodawcy na dane rynki docelowe b\u0119d\u0105ce przysz\u0142ym kierunkiem eksportu jego produkt\u00f3w\/us\u0142ug, daj\u0105cych jak najlepsze efekty eksportu, czyli jak najwy\u017cszy popyt, jak i jak najwy\u017csze przychody ze sprzeda\u017cy w stosunku do mo\u017cliwie najni\u017cszych do poniesienia koszt\u00f3w. Wsparcie przeznaczone na realizacj\u0119 projektu wp\u0142ynie na zwi\u0119kszanie mi\u0119dzynarodowej ekspansji przedsi\u0119biorstw, kt\u00f3ra przyczyni si\u0119 do wzrostu obrot\u00f3w przedsi\u0119biorstwa EVOKAII CLOTHING w handlu zagranicznym.<\/p>\n<p>Data rozpocz\u0119cia realizacji projektu\u00a0\u00a0\u00a0\u00a0\u00a0\u00a0\u00a0\u00a0 01.05.2016<\/p>\n<p>Data zako\u0144czenia realizacji projektu\u00a0\u00a0\u00a0\u00a0\u00a0\u00a0\u00a0\u00a0 31.12.2016<\/p>\n<p>Warto\u015b\u0107 wydatk\u00f3w kwalifikowalnych projektu: 100\u00a0000,00 z\u0142<\/p>\n<p><strong><em>Zmieniamy \u0141\u00f3dzkie z Funduszami Europejskimi<\/em><\/strong><\/p>\n<p><strong><em>Fundusze Europejskie w \u0141\u00f3dzkiem wspieraj\u0105 podnoszenie konkurencyjno\u015bci M\u015aP<\/em><\/strong><\/p>\n<p><strong><em>Fundusze Europejskie w \u0141\u00f3dzkiem wspieraj\u0105 tych, kt\u00f3rzy realizuj\u0105c dobre pomys\u0142y, zwi\u0119kszaj\u0105 mo\u017cliwo\u015bci i poprawiaj\u0105 jako\u015b\u0107 \u017cycia mieszka\u0144c\u00f3w regionu.<\/em><\/strong><\/p>\n<p><img decoding=\"async\" class=\"aligncenter wp-image-27275 size-medium\" src=\"https:\/\/evokaii.com\/wp-content\/uploads\/2025\/12\/EU-Fund-596x400.png\" alt=\"\" width=\"596\" height=\"400\" srcset=\"https:\/\/evokaii.com\/wp-content\/uploads\/2025\/12\/EU-Fund-596x400.png 596w, https:\/\/evokaii.com\/wp-content\/uploads\/2025\/12\/EU-Fund-1192x800.png 1192w, https:\/\/evokaii.com\/wp-content\/uploads\/2025\/12\/EU-Fund-247x166.png 247w, https:\/\/evokaii.com\/wp-content\/uploads\/2025\/12\/EU-Fund-768x515.png 768w, https:\/\/evokaii.com\/wp-content\/uploads\/2025\/12\/EU-Fund-1536x1031.png 1536w, https:\/\/evokaii.com\/wp-content\/uploads\/2025\/12\/EU-Fund-2048x1374.png 2048w, https:\/\/evokaii.com\/wp-content\/uploads\/2025\/12\/EU-Fund-320x215.png 320w, https:\/\/evokaii.com\/wp-content\/uploads\/2025\/12\/EU-Fund-640x430.png 640w\" sizes=\"(max-width: 596px) 100vw, 596px\" \/><\/p>\n<p><img decoding=\"async\" class=\"aligncenter\" src=\"https:\/\/cdn.shopify.com\/s\/files\/1\/0155\/4561\/files\/Projekty_EU_large.jpg?v=1496167420\" alt=\"\" \/><\/p>\n<p>\u00a0<\/p>\n<p>\u00a0<\/p>\n\n","protected":false},"excerpt":{"rendered":"","protected":false},"author":1,"featured_media":1294,"parent":0,"menu_order":0,"comment_status":"closed","ping_status":"open","template":"","meta":{"_acf_changed":false,"footnotes":""},"class_list":["post-1293","page","type-page","status-publish","has-post-thumbnail","hentry"],"acf":[],"_links":{"self":[{"href":"https:\/\/evokaii.com\/pl\/wp-json\/wp\/v2\/pages\/1293","targetHints":{"allow":["GET"]}}],"collection":[{"href":"https:\/\/evokaii.com\/pl\/wp-json\/wp\/v2\/pages"}],"about":[{"href":"https:\/\/evokaii.com\/pl\/wp-json\/wp\/v2\/types\/page"}],"author":[{"embeddable":true,"href":"https:\/\/evokaii.com\/pl\/wp-json\/wp\/v2\/users\/1"}],"replies":[{"embeddable":true,"href":"https:\/\/evokaii.com\/pl\/wp-json\/wp\/v2\/comments?post=1293"}],"version-history":[{"count":3,"href":"https:\/\/evokaii.com\/pl\/wp-json\/wp\/v2\/pages\/1293\/revisions"}],"predecessor-version":[{"id":27279,"href":"https:\/\/evokaii.com\/pl\/wp-json\/wp\/v2\/pages\/1293\/revisions\/27279"}],"wp:featuredmedia":[{"embeddable":true,"href":"https:\/\/evokaii.com\/pl\/wp-json\/wp\/v2\/media\/1294"}],"wp:attachment":[{"href":"https:\/\/evokaii.com\/pl\/wp-json\/wp\/v2\/media?parent=1293"}],"curies":[{"name":"wp","href":"https:\/\/api.w.org\/{rel}","templated":true}]}}