{"id":14469,"date":"2020-03-18T19:29:53","date_gmt":"2020-03-18T17:29:53","guid":{"rendered":"http:\/\/3.127.24.41\/o-nas\/"},"modified":"2020-11-18T11:13:51","modified_gmt":"2020-11-18T09:13:51","slug":"o-nas","status":"publish","type":"page","link":"https:\/\/evokaii.com\/pl\/o-nas\/","title":{"rendered":"O Nas"},"content":{"rendered":"\n  <div class=\"banner has-hover has-parallax\" id=\"banner-1378408856\">\n          <div class=\"banner-inner fill\">\n        <div class=\"banner-bg fill\" data-parallax=\"-3\" data-parallax-container=\".banner\" data-parallax-background>\n            <img decoding=\"async\" width=\"1020\" height=\"680\" src=\"https:\/\/evokaii.com\/wp-content\/uploads\/2017\/11\/Evokaii-Poland-Shooting-1200x800.jpg\" class=\"bg attachment-large size-large\" alt=\"Evokaii-Poland-Crew\" \/>                        <div class=\"overlay\"><\/div>            \n\t<div class=\"is-border\"\n\t\tstyle=\"border-width:0px 0px 0px 0px;\">\n\t<\/div>\n                    <\/div>\n\t\t\n        <div class=\"banner-layers container\">\n            <div class=\"fill banner-link\"><\/div>            \n   <div id=\"text-box-1500432761\" class=\"text-box banner-layer x80 md-x80 lg-x80 y40 md-y40 lg-y40 res-text\">\n                                <div class=\"text-box-content text dark\">\n              \n              <div class=\"text-inner text-center\">\n                  \n<h1 class=\"lead\">O Nas<\/h1>\n              <\/div>\n           <\/div>\n                            \n<style>\n#text-box-1500432761 {\n  width: 60%;\n}\n#text-box-1500432761 .text-box-content {\n  font-size: 100%;\n}\n<\/style>\n    <\/div>\n \n        <\/div>\n      <\/div>\n\n            \n<style>\n#banner-1378408856 {\n  padding-top: 430px;\n}\n#banner-1378408856 .overlay {\n  background-color: rgba(0, 0, 0, 0.49);\n}\n<\/style>\n  <\/div>\n\n\n\n<div class=\"row align-middle align-center\"  id=\"row-783507608\">\n\n\t<div id=\"col-164178319\" class=\"col small-12 large-12\"  >\n\t\t\t\t<div class=\"col-inner\"  >\n\t\t\t\n\t\t\t\n<div class=\"row align-center\"  id=\"row-1074569772\">\n\n\t<div id=\"col-379977650\" class=\"col small-12 large-12\"  >\n\t\t\t\t<div class=\"col-inner text-center\"  >\n\t\t\t\n\t\t\t\n\t<div class=\"img has-hover x md-x lg-x y md-y lg-y\" id=\"image_1970069814\">\n\t\t\t\t\t\t\t\t<div class=\"img-inner dark\" style=\"margin:20px 0px 0px 0px;\">\n\t\t\t<img decoding=\"async\" width=\"286\" height=\"90\" src=\"https:\/\/evokaii.com\/wp-content\/uploads\/2017\/11\/Logo-Website-Black.png\" class=\"attachment-original size-original\" alt=\"fajne bluzy damskie bluzy surferskie damskie bluzy z kapturem damskie damska bluza z kapturem, damskie bluzy z kapturem\" \/>\t\t\t\t\t\t\n\t\t\t\t\t<\/div>\n\t\t\t\t\t\t\t\t\n<style>\n#image_1970069814 {\n  width: 40%;\n}\n<\/style>\n\t<\/div>\n\t\n\t\t<\/div>\n\t\t\t\t\t<\/div>\n\n\t\n<\/div>\n<div class=\"row align-center show-for-small\"  id=\"row-480996918\">\n\n\t<div id=\"col-1838080925\" class=\"col medium-6 small-12 large-6\"  >\n\t\t\t\t<div class=\"col-inner\"  >\n\t\t\t\n\t\t\t\n<h1>Evokaii \u2013 \u201cPowstaj\u0105cy z morza\u201d<\/h1>\n<p>Kiedy Steve i Karolina pracowali w Mui Ne w Wietnamie jako instruktorzy kitesurfingu w ich g\u0142owach zrodzi\u0142 si\u0119 pomys\u0142 stworzenia czego\u015b co \u0142\u0105czy\u0142oby w sobie mi\u0142o\u015b\u0107 do oceanu i wiatru w ich codziennym \u017cyciu zdala od pla\u017cy.<\/p>\n<p>Szybko zdali sobie spraw\u0119, \u017ce ich tw\u00f3r musi przypomina\u0107 im o ich g\u0142\u0119bokiej relacji z kitesurfingiem i falami. <br \/>Zecydowali, \u017ce stworz\u0105 surfersk\u0105 odzie\u017c. Wizja wzor\u00f3w, kroj\u00f3w i charakterystyczny styl mia\u0142y sprawi\u0107,\u00a0 \u017ce ich ubrania stan\u0105 si\u0119 idealnym wyborem na co dzie\u0144 dla surfer\u00f3w i kitesurfer\u00f3w. Tak narodzi\u0142 si\u0119 pocz\u0105tek nowej surferskiej marki odzie\u017cowej.<\/p>\n<h1>Narodziny surferskiej marki<\/h1>\n<p>Kiedy tworzyli\u015bmy swoje pierwsze surferskie bluzy w 2011, nie wiele wiedzieli\u015bmy o produkcji odzie\u017cy. Mieli\u015bmy w g\u0142owie tylko pomys\u0142y i wizje jak one powinny wygl\u0105da\u0107 i jak chcieliby\u015bmy si\u0119 w nich czu\u0107. <br \/>Jak wielu innych ruszyli\u015bmy z ubraniami, kt\u00f3re by\u0142y ju\u017c dost\u0119pne na rynku i nanie\u015bli\u015bmy na nie wszyskie nasze ulepszenia, kt\u00f3rze chcieli\u015bmy na nich widzie\u0107.<\/p>\n<h1>Pomys\u0142<\/h1>\n<p>Na pocz\u0105tku musieli\u015bmy znale\u017a\u0107 spos\u00f3b oraz pomys\u0142, punkt odniesienia, od kt\u00f3rego mogliby\u015bmy zacz\u0105\u0107. Roz\u0142o\u017cyli\u015bmy nasze ulubione bluzy na cz\u0119\u015bci pierwsze, kt\u00f3re kawa\u0142ek po kawa\u0142ku da\u0142y pocz\u0105tek pierwszym wzorom wykroj\u00f3w. Z pomoc\u0105 naszej przyjaci\u00f3\u0142ki, studentki projektowania mody, zacz\u0119li\u015bmy od zmiany ma\u0142ych rzeczy takich\u00a0 jak nowe kroje kieszeni czy u\u017cycie niestandardowych tkanin dla dodania kontrastu i stylu. Wsp\u00f3ln\u0105 prac\u0105 prze\u0142o\u017cyli\u015bmy nasze pomys\u0142y, wizj\u0119 i poprawki na powstaj\u0105ce ubrania.<\/p>\n<p>Naprawd\u0119 zale\u017ca\u0142o nam na tym, aby bluzy z naszej surferskiej kolekcji by\u0142y obszerne i wygodne, poniewa\u017c wi\u0119kszo\u015b\u0107 bluz w tamtych czasach by\u0142a mocno dopasowana i obcis\u0142a przy ubieraniu przez g\u0142ow\u0119. <br \/>Zak\u0142adaj\u0105c, \u017ce masz wi\u0119cej w\u0142os\u00f3w, nosisz du\u017ce czapki czy szalik, to rozwi\u0105zanie by\u0142o wyj\u0105tkowo niewygodne.<\/p>\n<h1>Z pasj\u0105 do ubra\u0144 na pla\u017c\u0119<\/h1>\n<p>W tym spos\u00f3b obszerne bluzy z wysokimi ko\u0142nierzami pojawi\u0142y si\u0119 na sta\u0142e w naszych kolekcjach i spe\u0142niaj\u0105 swoje funkcje lepiej ni\u017c standardowe \u00a0surferskie bluzy. Wi\u0119kszy kaptur zakrywa Twoj\u0105 g\u0142ow\u0119 nawet je\u017celi masz bujn\u0105 fryzur\u0119 czy s\u0142uchawki na uszach, podczas gdy wysoki ko\u0142nierz chroni Ci\u0119 przez wiatrem oraz deszczem. <br \/>Obecnie Evokaii pracuje nad tworzeniem odzie\u017cy przyjaznej \u015brodowisku oraz projektowaniu nowoczesnych rozwi\u0105za\u0144 do Twojej stylowej pla\u017cowej garderoby.<\/p>\n\t\t<\/div>\n\t\t\t\t\t<\/div>\n\n\t\n<\/div>\n<div class=\"row align-center hide-for-medium\"  id=\"row-2015983440\">\n\n\t<div id=\"col-1278189611\" class=\"col medium-6 small-12 large-6\"  >\n\t\t\t\t<div class=\"col-inner\"  >\n\t\t\t\n\t\t\t\n\t<div class=\"img has-hover hide-for-medium x md-x lg-x y md-y lg-y\" id=\"image_1489924391\">\n\t\t\t\t\t\t\t\t<div class=\"img-inner dark\" style=\"margin:40px 0px 0px 0px;\">\n\t\t\t<img decoding=\"async\" width=\"524\" height=\"1091\" src=\"https:\/\/evokaii.com\/wp-content\/uploads\/2020\/03\/Bombora-Long-Hoodie-Side.jpg\" class=\"attachment-original size-original\" alt=\"fajne bluzy damskie bluzy surferskie damskie bluzy z kapturem damskie damska bluza z kapturem, damskie bluzy z kapturem\" srcset=\"https:\/\/evokaii.com\/wp-content\/uploads\/2020\/03\/Bombora-Long-Hoodie-Side.jpg 524w, https:\/\/evokaii.com\/wp-content\/uploads\/2020\/03\/Bombora-Long-Hoodie-Side-320x666.jpg 320w, https:\/\/evokaii.com\/wp-content\/uploads\/2020\/03\/Bombora-Long-Hoodie-Side-510x1062.jpg 510w, https:\/\/evokaii.com\/wp-content\/uploads\/2020\/03\/Bombora-Long-Hoodie-Side-192x400.jpg 192w, https:\/\/evokaii.com\/wp-content\/uploads\/2020\/03\/Bombora-Long-Hoodie-Side-384x800.jpg 384w\" sizes=\"(max-width: 524px) 100vw, 524px\" \/>\t\t\t\t\t\t\n\t\t\t\t\t<\/div>\n\t\t\t\t\t\t\t\t\n<style>\n#image_1489924391 {\n  width: 100%;\n}\n<\/style>\n\t<\/div>\n\t\n\t\t<\/div>\n\t\t\t\t\t<\/div>\n\n\t\n\n\t<div id=\"col-1456281120\" class=\"col medium-6 small-12 large-6\"  >\n\t\t\t\t<div class=\"col-inner\"  >\n\t\t\t\n\t\t\t\n<h1>Evokaii \u2013 \u201cPowstaj\u0105cy z morza\u201d<\/h1>\n<p>Kiedy Steve i Karolina pracowali w Mui Ne w Wietnamie jako instruktorzy kitesurfingu w ich g\u0142owach zrodzi\u0142 si\u0119 pomys\u0142 stworzenia czego\u015b co \u0142\u0105czy\u0142oby w sobie mi\u0142o\u015b\u0107 do oceanu i wiatru w ich codziennym \u017cyciu zdala od pla\u017cy.<\/p>\n<p>Szybko zdali sobie spraw\u0119, \u017ce ich tw\u00f3r musi przypomina\u0107 im o ich g\u0142\u0119bokiej relacji z kitesurfingiem i falami. <br \/>Zecydowali, \u017ce stworz\u0105 surfersk\u0105 odzie\u017c. Wizja wzor\u00f3w, kroj\u00f3w i charakterystyczny styl mia\u0142y sprawi\u0107,\u00a0 \u017ce ich ubrania stan\u0105 si\u0119 idealnym wyborem na co dzie\u0144 dla surfer\u00f3w i kitesurfer\u00f3w. Tak narodzi\u0142 si\u0119 pocz\u0105tek nowej surferskiej marki odzie\u017cowej.<\/p>\n<h1>Narodziny surferskiej marki<\/h1>\n<p>Kiedy tworzyli\u015bmy swoje pierwsze surferskie bluzy w 2011, nie wiele wiedzieli\u015bmy o produkcji odzie\u017cy. Mieli\u015bmy w g\u0142owie tylko pomys\u0142y i wizje jak one powinny wygl\u0105da\u0107 i jak chcieliby\u015bmy si\u0119 w nich czu\u0107. <br \/>Jak wielu innych ruszyli\u015bmy z ubraniami, kt\u00f3re by\u0142y ju\u017c dost\u0119pne na rynku i nanie\u015bli\u015bmy na nie wszyskie nasze ulepszenia, kt\u00f3rze chcieli\u015bmy na nich widzie\u0107.<\/p>\n<h1>Pomys\u0142<\/h1>\n<p>Na pocz\u0105tku musieli\u015bmy znale\u017a\u0107 spos\u00f3b oraz pomys\u0142, punkt odniesienia, od kt\u00f3rego mogliby\u015bmy zacz\u0105\u0107. Roz\u0142o\u017cyli\u015bmy nasze ulubione bluzy na cz\u0119\u015bci pierwsze, kt\u00f3re kawa\u0142ek po kawa\u0142ku da\u0142y pocz\u0105tek pierwszym wzorom wykroj\u00f3w. Z pomoc\u0105 naszej przyjaci\u00f3\u0142ki, studentki projektowania mody, zacz\u0119li\u015bmy od zmiany ma\u0142ych rzeczy takich\u00a0 jak nowe kroje kieszeni czy u\u017cycie niestandardowych tkanin dla dodania kontrastu i stylu. Wsp\u00f3ln\u0105 prac\u0105 prze\u0142o\u017cyli\u015bmy nasze pomys\u0142y, wizj\u0119 i poprawki na powstaj\u0105ce ubrania.<\/p>\n<p>Naprawd\u0119 zale\u017ca\u0142o nam na tym, aby bluzy z naszej surferskiej kolekcji by\u0142y obszerne i wygodne, poniewa\u017c wi\u0119kszo\u015b\u0107 bluz w tamtych czasach by\u0142a mocno dopasowana i obcis\u0142a przy ubieraniu przez g\u0142ow\u0119. <br \/>Zak\u0142adaj\u0105c, \u017ce masz wi\u0119cej w\u0142os\u00f3w, nosisz du\u017ce czapki czy szalik, to rozwi\u0105zanie by\u0142o wyj\u0105tkowo niewygodne.<\/p>\n<h1>Z pasj\u0105 do ubra\u0144 na pla\u017c\u0119<\/h1>\n<p>W ten spos\u00f3b obszerne bluzy z wysokimi ko\u0142nierzami pojawi\u0142y si\u0119 na sta\u0142e w naszych kolekcjach i spe\u0142niaj\u0105 swoje funkcje lepiej ni\u017c standardowe \u00a0surferskie bluzy. Wi\u0119kszy kaptur zakrywa Twoj\u0105 g\u0142ow\u0119 nawet je\u017celi masz bujn\u0105 fryzur\u0119 czy s\u0142uchawki na uszach, podczas gdy wysoki ko\u0142nierz chroni Ci\u0119 przez wiatrem oraz deszczem. <br \/>Obecnie Evokaii pracuje nad tworzeniem odzie\u017cy przyjaznej \u015brodowisku oraz projektowaniu nowoczesnych rozwi\u0105za\u0144 do Twojej stylowej pla\u017cowej garderoby.<\/p>\n\t\t<\/div>\n\t\t\t\t\t<\/div>\n\n\t\n<\/div>\n<p style=\"text-align: center;\"><em>Odpowiedzialna moda dla surferek <br \/>tworzona z pasji w Europie <br \/>na potrzeby Waszych przyg\u00f3d i podr\u00f3\u017cy.<\/em><\/p>\n<p style=\"text-align: center;\"><img decoding=\"async\" class=\"aligncenter size-full wp-image-2583\" src=\"http:\/\/evokaii.com\/wp-content\/uploads\/2017\/11\/Evokaii_Logo_Font.png\" alt=\"Evokaii Logo\" width=\"128\" height=\"163\" \/><\/p>\n\t\t<\/div>\n\t\t\t\t\t<\/div>\n\n\t\n<\/div>\n","protected":false},"excerpt":{"rendered":"","protected":false},"author":1,"featured_media":1283,"parent":0,"menu_order":0,"comment_status":"closed","ping_status":"open","template":"page-transparent-header-light.php","meta":{"_acf_changed":false,"footnotes":""},"class_list":["post-14469","page","type-page","status-publish","has-post-thumbnail","hentry"],"acf":[],"_links":{"self":[{"href":"https:\/\/evokaii.com\/pl\/wp-json\/wp\/v2\/pages\/14469","targetHints":{"allow":["GET"]}}],"collection":[{"href":"https:\/\/evokaii.com\/pl\/wp-json\/wp\/v2\/pages"}],"about":[{"href":"https:\/\/evokaii.com\/pl\/wp-json\/wp\/v2\/types\/page"}],"author":[{"embeddable":true,"href":"https:\/\/evokaii.com\/pl\/wp-json\/wp\/v2\/users\/1"}],"replies":[{"embeddable":true,"href":"https:\/\/evokaii.com\/pl\/wp-json\/wp\/v2\/comments?post=14469"}],"version-history":[{"count":4,"href":"https:\/\/evokaii.com\/pl\/wp-json\/wp\/v2\/pages\/14469\/revisions"}],"predecessor-version":[{"id":16458,"href":"https:\/\/evokaii.com\/pl\/wp-json\/wp\/v2\/pages\/14469\/revisions\/16458"}],"wp:featuredmedia":[{"embeddable":true,"href":"https:\/\/evokaii.com\/pl\/wp-json\/wp\/v2\/media\/1283"}],"wp:attachment":[{"href":"https:\/\/evokaii.com\/pl\/wp-json\/wp\/v2\/media?parent=14469"}],"curies":[{"name":"wp","href":"https:\/\/api.w.org\/{rel}","templated":true}]}}