{"id":8536,"date":"2019-09-30T10:18:21","date_gmt":"2019-09-30T08:18:21","guid":{"rendered":"http:\/\/3.127.24.41\/kontakt\/"},"modified":"2021-11-25T10:59:22","modified_gmt":"2021-11-25T08:59:22","slug":"kontakt","status":"publish","type":"page","link":"https:\/\/evokaii.com\/pl\/kontakt\/","title":{"rendered":"Kontakt"},"content":{"rendered":"\n<div class=\"row row-small row-full-width align-middle align-center\"  id=\"row-1046008010\">\n\n\n\t<div id=\"col-1334095826\" class=\"col small-12 large-12\"  >\n\t\t\t\t<div class=\"col-inner text-center\"  >\n\t\t\t\n\t\t\t\n\n\t<div class=\"img has-hover x md-x lg-x y md-y lg-y\" id=\"image_130001940\">\n\t\t\t\t\t\t<div data-animate=\"bounceInUp\">\t\t<div class=\"img-inner dark\" >\n\t\t\t<img decoding=\"async\" width=\"500\" height=\"500\" src=\"https:\/\/evokaii.com\/wp-content\/uploads\/2017\/11\/Tuk-1.png\" class=\"attachment-large size-large\" alt=\"\" srcset=\"https:\/\/evokaii.com\/wp-content\/uploads\/2017\/11\/Tuk-1.png 500w, https:\/\/evokaii.com\/wp-content\/uploads\/2017\/11\/Tuk-1-320x320.png 320w, https:\/\/evokaii.com\/wp-content\/uploads\/2017\/11\/Tuk-1-100x100.png 100w\" sizes=\"(max-width: 500px) 100vw, 500px\" \/>\t\t\t\t\t\t\n\t\t\t\t\t<\/div>\n\t\t<\/div>\t\t\t\t\t\t\n<style>\n#image_130001940 {\n  width: 25%;\n}\n<\/style>\n\t<\/div>\n\t\n\n\n\t\t<\/div>\n\t\t\t\t\t<\/div>\n\n\t\n\n<\/div>\n<div class=\"row\"  id=\"row-535820257\">\n\n\n\t<div id=\"col-1976487144\" class=\"col medium-6 large-6\"  >\n\t\t\t\t<div class=\"col-inner\"  >\n\t\t\t\n\t\t\t\n\n<div class=\"container section-title-container\" ><h3 class=\"section-title section-title-normal\"><b aria-hidden=\"true\"><\/b><span class=\"section-title-main\" >Cz\u0119sto Zadawane Pytania<\/span><b aria-hidden=\"true\"><\/b><\/h3><\/div>\n\n<p class=\"lead\">Przed wys\u0142aniem wiadomo\u015bci przeczytaj nasze FAQ.<\/p>\n<div class=\"accordion\">\n\n\t<div id=\"accordion-3011211559\" class=\"accordion-item\">\n\t\t<a id=\"accordion-3011211559-label\" class=\"accordion-title plain\" href=\"#accordion-item-jak-d\u0142ugo-potrwa-dostawa?\" aria-expanded=\"false\" aria-controls=\"accordion-3011211559-content\">\n\t\t\t<button class=\"toggle\" aria-label=\"Prze\u0142\u0105cznik\"><i class=\"icon-angle-down\" aria-hidden=\"true\"><\/i><\/button>\n\t\t\t<span>Jak d\u0142ugo potrwa dostawa?<\/span>\n\t\t<\/a>\n\t\t<div id=\"accordion-3011211559-content\" class=\"accordion-inner\" aria-labelledby=\"accordion-3011211559-label\">\n\t\t\t\n\nPodczas sk\u0142adania zam\u00f3wienia mo\u017cesz wybra\u0107 wysy\u0142k\u0119 kurierem UPS lub Poczt\u0105 Polsk\u0105.UPS zapewnia dostaw\u0119 nast\u0119pnego dnia na terenie Polski, a w przypadku kraj\u00f3w europejskich dostawa trwa oko\u0142o 3-5 dni roboczych.Poczta Polska zapewnia dostaw\u0119 na terenie Polski w ci\u0105gu 3-5 dni roboczych, a dla kraj\u00f3w europejskich w ci\u0105gu 5-10 dni roboczych.Po wys\u0142aniu produkt\u00f3w mo\u017cesz \u015bledzi\u0107 zam\u00f3wienie za pomoc\u0105 dostarczonego identyfikatora wysy\u0142ki.\n\n\t\t<\/div>\n\t<\/div>\n\t\n\t<div id=\"accordion-1044124734\" class=\"accordion-item\">\n\t\t<a id=\"accordion-1044124734-label\" class=\"accordion-title plain\" href=\"#accordion-item-jakie-metody-p\u0142atno\u015bci-s\u0105-akceptowane-w-sklepie-evokaii?\" aria-expanded=\"false\" aria-controls=\"accordion-1044124734-content\">\n\t\t\t<button class=\"toggle\" aria-label=\"Prze\u0142\u0105cznik\"><i class=\"icon-angle-down\" aria-hidden=\"true\"><\/i><\/button>\n\t\t\t<span>Jakie metody p\u0142atno\u015bci s\u0105 akceptowane w sklepie Evokaii?<\/span>\n\t\t<\/a>\n\t\t<div id=\"accordion-1044124734-content\" class=\"accordion-inner\" aria-labelledby=\"accordion-1044124734-label\">\n\t\t\t\n\nAkceptujemy wszystkie g\u0142\u00f3wne karty kredytowe, paypal i przelew bankowy.Pami\u0119taj, \u017ce przelew bankowy z regu\u0142y trwa do 2-3 dni w zale\u017cno\u015bci od banku.Po otrzymaniu \u015brodk\u00f3w natychmiast wysy\u0142amy zakupiony towar.\n\n\t\t<\/div>\n\t<\/div>\n\t\n\t<div id=\"accordion-2794046583\" class=\"accordion-item\">\n\t\t<a id=\"accordion-2794046583-label\" class=\"accordion-title plain\" href=\"#accordion-item-czy-zakupy-s\u0105-bezpieczne?-czy-moje-dane-s\u0105-chronione?\" aria-expanded=\"false\" aria-controls=\"accordion-2794046583-content\">\n\t\t\t<button class=\"toggle\" aria-label=\"Prze\u0142\u0105cznik\"><i class=\"icon-angle-down\" aria-hidden=\"true\"><\/i><\/button>\n\t\t\t<span>Czy zakupy s\u0105 bezpieczne? Czy moje dane s\u0105 chronione?<\/span>\n\t\t<\/a>\n\t\t<div id=\"accordion-2794046583-content\" class=\"accordion-inner\" aria-labelledby=\"accordion-2794046583-label\">\n\t\t\t\n\nZakupy w tym sklepie Evokaii s\u0105 r\u00f3wnie bezpieczne, jak zakupy w Amazon, eBay lub Paypal. Przechowujemy tylko dane do dostawy. P\u0142atno\u015bci s\u0105 przetwarzane przez BrainTree Gateway, kt\u00f3re s\u0105 zgodne z PCI DSS.Je\u015bli zdecydujesz si\u0119 zapisa\u0107 dane karty kredytowej na potrzeby przysz\u0142ych zakup\u00f3w, b\u0119d\u0105 one przechowywane w BrainTree, kt\u00f3ry jest jednym z lider\u00f3w rynku w przetwarzaniu p\u0142atno\u015bci online.<a href=\"https:\/\/www.braintreegateway.com\/merchants\/vt3c68p7wk5sgpxr\/verified\" target=\"_blank\" rel=\"noopener noreferrer\">\n<img decoding=\"async\" src=\"https:\/\/s3.amazonaws.com\/braintree-badges\/braintree-badge-wide-light.png\" width=\"280px\" height=\"44px\" border=\"0\">\n<\/a>\n\n\t\t<\/div>\n\t<\/div>\n\t\n\t<div id=\"accordion-3282554124\" class=\"accordion-item\">\n\t\t<a id=\"accordion-3282554124-label\" class=\"accordion-title plain\" href=\"#accordion-item-co-dok\u0142adnie-dzieje-si\u0119-po-z\u0142o\u017ceniu-zam\u00f3wienia?\" aria-expanded=\"false\" aria-controls=\"accordion-3282554124-content\">\n\t\t\t<button class=\"toggle\" aria-label=\"Prze\u0142\u0105cznik\"><i class=\"icon-angle-down\" aria-hidden=\"true\"><\/i><\/button>\n\t\t\t<span>Co dok\u0142adnie dzieje si\u0119 po z\u0142o\u017ceniu zam\u00f3wienia?<\/span>\n\t\t<\/a>\n\t\t<div id=\"accordion-3282554124-content\" class=\"accordion-inner\" aria-labelledby=\"accordion-3282554124-label\">\n\t\t\t\n\nJak tylko potwierdzimy zam\u00f3wienie i otrzymamy p\u0142atno\u015b\u0107, natychmiast wysy\u0142amy zam\u00f3wione produkty. Otrzymasz od nas wiadomo\u015b\u0107 e-mail z potwierdzeniem wys\u0142ania i linkiem do \u015bledzenia przesy\u0142ki.\n\n\t\t<\/div>\n\t<\/div>\n\t\n\t<div id=\"accordion-3451117331\" class=\"accordion-item\">\n\t\t<a id=\"accordion-3451117331-label\" class=\"accordion-title plain\" href=\"#accordion-item-czy-mog\u0119-zwr\u00f3ci\u0107-moje-zam\u00f3wienie?\" aria-expanded=\"false\" aria-controls=\"accordion-3451117331-content\">\n\t\t\t<button class=\"toggle\" aria-label=\"Prze\u0142\u0105cznik\"><i class=\"icon-angle-down\" aria-hidden=\"true\"><\/i><\/button>\n\t\t\t<span>Czy mog\u0119 zwr\u00f3ci\u0107 moje zam\u00f3wienie?<\/span>\n\t\t<\/a>\n\t\t<div id=\"accordion-3451117331-content\" class=\"accordion-inner\" aria-labelledby=\"accordion-3451117331-label\">\n\t\t\t\n\n<p>Mo\u017cesz zwr\u00f3ci\u0107 zam\u00f3wione produkty w ci\u0105gu 14 dni od otrzymania. Produkty nie mog\u0105 wykazywa\u0107 \u017cadnych oznak u\u017cytkowania w celu uzyskania zwrotu. Koszty wysy\u0142ki nie podlegaj\u0105 zwrotowi.Adres do zwrot\u00f3w: Evokaii Clothing, C\/O Karolina Grobelna, Matejki 6B, 96-316 Miedzyborow, Poland. <a href=\"http:\/\/evokaii.com\/wp-content\/uploads\/2021\/11\/FORMULARZ-ODSTAPIENIA-OD-UMOWY-EVOKAII.pdf\">Plik do pobrania : FORMULARZ ZWROT\u00d3W<\/a> Skontaktuj si\u0119 z nami je\u015bli masz jakie\u015b pytania.<\/p>\n\n\t\t<\/div>\n\t<\/div>\n\t\n\n<\/div>\n\n\t\t<\/div>\n\t\t\t\t\t<\/div>\n\n\t\n\n\t<div id=\"col-5930359\" class=\"col medium-6 large-6\"  >\n\t\t\t\t<div class=\"col-inner\"  >\n\t\t\t\n\t\t\t\n\n<div class=\"container section-title-container\" ><h3 class=\"section-title section-title-normal\"><b aria-hidden=\"true\"><\/b><span class=\"section-title-main\" >Wy\u015blij nam wiadomo\u015b\u0107<\/span><b aria-hidden=\"true\"><\/b><\/h3><\/div>\n\n[contact-form-7 id=&#8221;8538&#8243;]\n\n\n\t\t<\/div>\n\t\t\t\t\t<\/div>\n\n\t\n\n<\/div>\n\n","protected":false},"excerpt":{"rendered":"","protected":false},"author":1,"featured_media":0,"parent":0,"menu_order":0,"comment_status":"closed","ping_status":"open","template":"page-blank.php","meta":{"_acf_changed":false,"footnotes":""},"class_list":["post-8536","page","type-page","status-publish","hentry"],"acf":[],"_links":{"self":[{"href":"https:\/\/evokaii.com\/pl\/wp-json\/wp\/v2\/pages\/8536","targetHints":{"allow":["GET"]}}],"collection":[{"href":"https:\/\/evokaii.com\/pl\/wp-json\/wp\/v2\/pages"}],"about":[{"href":"https:\/\/evokaii.com\/pl\/wp-json\/wp\/v2\/types\/page"}],"author":[{"embeddable":true,"href":"https:\/\/evokaii.com\/pl\/wp-json\/wp\/v2\/users\/1"}],"replies":[{"embeddable":true,"href":"https:\/\/evokaii.com\/pl\/wp-json\/wp\/v2\/comments?post=8536"}],"version-history":[{"count":3,"href":"https:\/\/evokaii.com\/pl\/wp-json\/wp\/v2\/pages\/8536\/revisions"}],"predecessor-version":[{"id":17659,"href":"https:\/\/evokaii.com\/pl\/wp-json\/wp\/v2\/pages\/8536\/revisions\/17659"}],"wp:attachment":[{"href":"https:\/\/evokaii.com\/pl\/wp-json\/wp\/v2\/media?parent=8536"}],"curies":[{"name":"wp","href":"https:\/\/api.w.org\/{rel}","templated":true}]}}