{"id":10469,"date":"2019-12-14T16:09:37","date_gmt":"2019-12-14T14:09:37","guid":{"rendered":"http:\/\/3.127.24.41\/product\/storm-keeper\/"},"modified":"2023-12-18T19:24:18","modified_gmt":"2023-12-18T17:24:18","slug":"storm-keeper-mint","status":"publish","type":"product","link":"https:\/\/evokaii.com\/pl\/produkt\/storm-keeper-mint\/","title":{"rendered":"Storm Keeper &#8211; Mint"},"content":{"rendered":"<h3>Storm Keeper &#8211; Hat<\/h3>\n<p>Bardzo twarzowa czapka uni-sex. Nadaje si\u0119 idealnie dla doros\u0142ych jak r\u00f3wnie\u017c dla dzieci. Z przodu czapki naszyte jest logo marki Evokaii wykonane z eko sk\u00f3rki.<\/p>\n","protected":false},"excerpt":{"rendered":"<p>\u2299 Simple Design<br \/>\u2299 Coloured To Mix &amp; Match<br \/>\u2299 Keeping Your Head Clear &amp; Warm<\/p>\n","protected":false},"featured_media":16489,"comment_status":"open","ping_status":"closed","template":"","meta":{"_acf_changed":false},"product_brand":[],"product_cat":[2647,2207],"product_tag":[2645,2646,2649,2648],"class_list":{"0":"post-10469","1":"product","2":"type-product","3":"status-publish","4":"has-post-thumbnail","6":"product_cat-czapki","7":"product_cat-wyprzedaz","8":"product_tag-beanie-pl","9":"product_tag-hat-pl","10":"product_tag-kitesurf-beanie-pl","11":"product_tag-surf-beanie-pl","12":"product_shipping_class-small","13":"pa_colour-pattern-mietowy","15":"first","16":"outofstock","17":"shipping-taxable","18":"purchasable","19":"product-type-simple"},"acf":[],"_links":{"self":[{"href":"https:\/\/evokaii.com\/pl\/wp-json\/wp\/v2\/product\/10469","targetHints":{"allow":["GET"]}}],"collection":[{"href":"https:\/\/evokaii.com\/pl\/wp-json\/wp\/v2\/product"}],"about":[{"href":"https:\/\/evokaii.com\/pl\/wp-json\/wp\/v2\/types\/product"}],"replies":[{"embeddable":true,"href":"https:\/\/evokaii.com\/pl\/wp-json\/wp\/v2\/comments?post=10469"}],"wp:featuredmedia":[{"embeddable":true,"href":"https:\/\/evokaii.com\/pl\/wp-json\/wp\/v2\/media\/16489"}],"wp:attachment":[{"href":"https:\/\/evokaii.com\/pl\/wp-json\/wp\/v2\/media?parent=10469"}],"wp:term":[{"taxonomy":"product_brand","embeddable":true,"href":"https:\/\/evokaii.com\/pl\/wp-json\/wp\/v2\/product_brand?post=10469"},{"taxonomy":"product_cat","embeddable":true,"href":"https:\/\/evokaii.com\/pl\/wp-json\/wp\/v2\/product_cat?post=10469"},{"taxonomy":"product_tag","embeddable":true,"href":"https:\/\/evokaii.com\/pl\/wp-json\/wp\/v2\/product_tag?post=10469"}],"curies":[{"name":"wp","href":"https:\/\/api.w.org\/{rel}","templated":true}]}}