{"id":1069,"date":"2017-11-04T23:26:42","date_gmt":"2017-11-04T23:26:42","guid":{"rendered":"http:\/\/plzfy.com\/product\/bombora\/"},"modified":"2023-05-24T21:27:02","modified_gmt":"2023-05-24T19:27:02","slug":"bombora","status":"publish","type":"product","link":"https:\/\/evokaii.com\/pl\/produkt\/bombora\/","title":{"rendered":"Bombora"},"content":{"rendered":"<h2>Bluza surferska: Bombora<\/h2>\n<p style=\"text-align: justify;\">Bombora to bardzo wygodna i oryginalna\u00a0bluza typu kangur, kt\u00f3ra sprawi, \u017ce tej jesieni poczujesz si\u0119 prawdziwie jak ryba w wodzie! Surferska bluza z motywem fal posiada\u00a0du\u017cy kaptur na zak\u0142adk\u0119, kt\u00f3ry chroni przed wiatrem i ch\u0142odem. Bombora jest wykonana w wysokiej jako\u015bci bawe\u0142ny (90%) z dodatkiem poliestru (10%). \u00a0Bluza jest dost\u0119pna w rozmiarach S, M, L oraz XL w kolorze siwym z elementami niebieskich fal. Nasza bluza typu kangur posiada naszyt\u0105 z przodu kiesze\u0144 dodaj\u0105c\u0105 jej oryginalnego, miejskiego stylu. Bombora dost\u0119pna w naszym sklepie to\u00a0<em>must have<\/em>\u00a0tegorocznej jesieni!<\/p>\n<p style=\"text-align: justify;\"><a href=\"https:\/\/evokaii.com\/pl\/kategoria-produktu\/bluzy\/\">Bluzy sportowe<\/a> s\u0105 doskona\u0142ymi rozwi\u0105zaniami w r\u00f3\u017cnych sytuacjach. W momentach nieoficjalnych, na spacer, na ognisko z przyjaci\u00f3\u0142mi czy do wieczornego biegania. Bombory pozwalaj\u0105 na komfortowe wykonywanie ruch\u00f3w, s\u0105 wygodne na podr\u00f3\u017c czy wielogodzinn\u0105 wycieczk\u0119. Bluzy sportowe najlepiej sprawdzaj\u0105 si\u0119 w okresach ch\u0142odnych czy przej\u015bciowych, gdy mamy ochot\u0119 za\u0142o\u017cy\u0107 co\u015b mi\u0142ego, przytulnego, a jednocze\u015bnie daj\u0105cego ciep\u0142o.<\/p>\n<p><em>Bluza ma zani\u017con\u0105 rozmiar\u00f3wk\u0119, sugerujemy wyb\u00f3r rozmiaru wi\u0119kszego.<\/em><\/p>\n","protected":false},"excerpt":{"rendered":"<p>\u2299 Du\u017cy kaptur na zak\u0142adk\u0119<br \/>\n\u2299 Surf-Style<br \/>\n\u2299 Super wygodna i ciep\u0142a<\/p>\n","protected":false},"featured_media":15934,"comment_status":"open","ping_status":"closed","template":"","meta":{"_acf_changed":false},"product_brand":[],"product_cat":[155],"product_tag":[2616,2497,2589,2617,2496,2602],"class_list":{"0":"post-1069","1":"product","2":"type-product","3":"status-publish","4":"has-post-thumbnail","6":"product_cat-bluzy-damskie","7":"product_tag-hoodie-with-large-hood-pl","8":"product_tag-streetwear-pl","9":"product_tag-surf-hoodies-pl","10":"product_tag-surf-sweatshirt-pl","11":"product_tag-surf-wear-pl","12":"product_tag-womens-surf-clothing-pl","13":"size_chart-bombora-hoodie-pl","15":"first","16":"outofstock","17":"shipping-taxable","18":"purchasable","19":"product-type-variable"},"acf":[],"_links":{"self":[{"href":"https:\/\/evokaii.com\/pl\/wp-json\/wp\/v2\/product\/1069","targetHints":{"allow":["GET"]}}],"collection":[{"href":"https:\/\/evokaii.com\/pl\/wp-json\/wp\/v2\/product"}],"about":[{"href":"https:\/\/evokaii.com\/pl\/wp-json\/wp\/v2\/types\/product"}],"replies":[{"embeddable":true,"href":"https:\/\/evokaii.com\/pl\/wp-json\/wp\/v2\/comments?post=1069"}],"wp:featuredmedia":[{"embeddable":true,"href":"https:\/\/evokaii.com\/pl\/wp-json\/wp\/v2\/media\/15934"}],"wp:attachment":[{"href":"https:\/\/evokaii.com\/pl\/wp-json\/wp\/v2\/media?parent=1069"}],"wp:term":[{"taxonomy":"product_brand","embeddable":true,"href":"https:\/\/evokaii.com\/pl\/wp-json\/wp\/v2\/product_brand?post=1069"},{"taxonomy":"product_cat","embeddable":true,"href":"https:\/\/evokaii.com\/pl\/wp-json\/wp\/v2\/product_cat?post=1069"},{"taxonomy":"product_tag","embeddable":true,"href":"https:\/\/evokaii.com\/pl\/wp-json\/wp\/v2\/product_tag?post=1069"}],"curies":[{"name":"wp","href":"https:\/\/api.w.org\/{rel}","templated":true}]}}