{"id":10692,"date":"2019-12-20T10:34:45","date_gmt":"2019-12-20T08:34:55","guid":{"rendered":"http:\/\/3.127.24.41\/?post_type=product&#038;p=10692"},"modified":"2024-04-01T00:00:19","modified_gmt":"2024-03-31T22:00:19","slug":"candy-keeper-mint","status":"publish","type":"product","link":"https:\/\/evokaii.com\/pl\/produkt\/candy-keeper-mint\/","title":{"rendered":"Candy Storm Keeper &#8211; Mint"},"content":{"rendered":"<h3>Candy Storm Keeper &#8211; Mint<\/h3>\n<p>Bardzo twarzowa czapka o przepi\u0119knym mi\u0119towym kolorze. Storm keeper to czapka Uni sex. Nadaje si\u0119 idealnie dla doros\u0142ych jak r\u00f3wnie\u017c dla dzieci. Z boku czapki naszyte jest logo marki Evokaii wykonane z eko sk\u00f3rki (mo\u017cna czapk\u0119 nosi\u0107 z logo na froncie). Czapka ma delikatny wz\u00f3r, a od \u015brodka obszyta jest ciep\u0142ym polarem. Idealnie sprawdzi si\u0119 w mro\u017ane dni. Czapka to idealny prezent dla ka\u017cdego.<\/p>\n<p>Wyprodukowano w Polsce.<\/p>\n","protected":false},"excerpt":{"rendered":"<p>\u2299 Prosty design<br \/>\n\u2299 Kolory do kombinacji\u00a0 Mix &amp; Match<br \/>\n\u2299 W \u015brodku ciep\u0142y polar obejmuj\u0105cy uszy<\/p>\n","protected":false},"featured_media":18465,"comment_status":"open","ping_status":"closed","template":"","meta":{"_acf_changed":false},"product_brand":[],"product_cat":[2647,2207],"product_tag":[2645,2646,2649,2648],"class_list":{"0":"post-10692","1":"product","2":"type-product","3":"status-publish","4":"has-post-thumbnail","6":"product_cat-czapki","7":"product_cat-wyprzedaz","8":"product_tag-beanie-pl","9":"product_tag-hat-pl","10":"product_tag-kitesurf-beanie-pl","11":"product_tag-surf-beanie-pl","12":"product_shipping_class-small","14":"first","15":"instock","16":"shipping-taxable","17":"purchasable","18":"product-type-simple"},"acf":[],"_links":{"self":[{"href":"https:\/\/evokaii.com\/pl\/wp-json\/wp\/v2\/product\/10692","targetHints":{"allow":["GET"]}}],"collection":[{"href":"https:\/\/evokaii.com\/pl\/wp-json\/wp\/v2\/product"}],"about":[{"href":"https:\/\/evokaii.com\/pl\/wp-json\/wp\/v2\/types\/product"}],"replies":[{"embeddable":true,"href":"https:\/\/evokaii.com\/pl\/wp-json\/wp\/v2\/comments?post=10692"}],"wp:featuredmedia":[{"embeddable":true,"href":"https:\/\/evokaii.com\/pl\/wp-json\/wp\/v2\/media\/18465"}],"wp:attachment":[{"href":"https:\/\/evokaii.com\/pl\/wp-json\/wp\/v2\/media?parent=10692"}],"wp:term":[{"taxonomy":"product_brand","embeddable":true,"href":"https:\/\/evokaii.com\/pl\/wp-json\/wp\/v2\/product_brand?post=10692"},{"taxonomy":"product_cat","embeddable":true,"href":"https:\/\/evokaii.com\/pl\/wp-json\/wp\/v2\/product_cat?post=10692"},{"taxonomy":"product_tag","embeddable":true,"href":"https:\/\/evokaii.com\/pl\/wp-json\/wp\/v2\/product_tag?post=10692"}],"curies":[{"name":"wp","href":"https:\/\/api.w.org\/{rel}","templated":true}]}}