{"id":1076,"date":"2017-11-05T02:16:11","date_gmt":"2017-11-05T02:16:11","guid":{"rendered":"http:\/\/plzfy.com\/product\/summer-hood\/"},"modified":"2020-11-30T12:14:06","modified_gmt":"2020-11-30T10:14:06","slug":"summer-hood","status":"publish","type":"product","link":"https:\/\/evokaii.com\/pl\/produkt\/summer-hood\/","title":{"rendered":"Summer Hood"},"content":{"rendered":"<h3>Summer Hood &#8211; Kolejny klasyk<\/h3>\n<p class=\"p1\"><span class=\"s1\">Ten ca\u0142oroczny p\u0142aszcz jest cz\u0119\u015bci\u0105 naszej klasycznej kolekcji. Przytulny p\u0142aszcz z kapturem \u015bwietnie sprawdzi si\u0119 na wiele okazji.<\/span><\/p>\n<p class=\"p1\"><span class=\"s1\">Od pierwszego pojawienia si\u0119 tego p\u0142aszcza w naszym asortymencie, jeste\u015bmy zachwyceni, jak mo\u017cna go nosi\u0107 w po\u0142\u0105czeniu ze spodniami czy sukienkami, na sportowo czy elegancko. Pasuje idealnie do wielu sylwetek. <\/span><\/p>\n<p>&nbsp;<\/p>\n","protected":false},"excerpt":{"rendered":"<p>\u2299 Mi\u0119kka, szczotkowana bawe\u0142na<br \/>\n\u2299 Idealny\u00a0<span class=\"s1\">p\u0142aszcz na ka\u017cd\u0105 okazj\u0119<\/span><\/p>\n","protected":false},"featured_media":1081,"comment_status":"open","ping_status":"closed","template":"","meta":{"_acf_changed":false},"product_brand":[],"product_cat":[153],"product_tag":[196,218],"class_list":{"0":"post-1076","1":"product","2":"type-product","3":"status-publish","4":"has-post-thumbnail","6":"product_cat-plaszcze","7":"product_tag-plaszcze","8":"product_tag-summer-hood-pl","9":"product_shipping_class-medium","10":"pa_colour-pattern-fioletowy","11":"pa_colour-pattern-rozowy","12":"pa_colour-pattern-zielony","14":"first","15":"outofstock","16":"shipping-taxable","17":"product-type-variable","18":"has-default-attributes"},"acf":[],"_links":{"self":[{"href":"https:\/\/evokaii.com\/pl\/wp-json\/wp\/v2\/product\/1076","targetHints":{"allow":["GET"]}}],"collection":[{"href":"https:\/\/evokaii.com\/pl\/wp-json\/wp\/v2\/product"}],"about":[{"href":"https:\/\/evokaii.com\/pl\/wp-json\/wp\/v2\/types\/product"}],"replies":[{"embeddable":true,"href":"https:\/\/evokaii.com\/pl\/wp-json\/wp\/v2\/comments?post=1076"}],"wp:featuredmedia":[{"embeddable":true,"href":"https:\/\/evokaii.com\/pl\/wp-json\/wp\/v2\/media\/1081"}],"wp:attachment":[{"href":"https:\/\/evokaii.com\/pl\/wp-json\/wp\/v2\/media?parent=1076"}],"wp:term":[{"taxonomy":"product_brand","embeddable":true,"href":"https:\/\/evokaii.com\/pl\/wp-json\/wp\/v2\/product_brand?post=1076"},{"taxonomy":"product_cat","embeddable":true,"href":"https:\/\/evokaii.com\/pl\/wp-json\/wp\/v2\/product_cat?post=1076"},{"taxonomy":"product_tag","embeddable":true,"href":"https:\/\/evokaii.com\/pl\/wp-json\/wp\/v2\/product_tag?post=1076"}],"curies":[{"name":"wp","href":"https:\/\/api.w.org\/{rel}","templated":true}]}}