{"id":1089,"date":"2017-11-05T05:25:50","date_gmt":"2017-11-05T05:25:50","guid":{"rendered":"http:\/\/plzfy.com\/product\/epic\/"},"modified":"2020-11-30T12:14:05","modified_gmt":"2020-11-30T10:14:05","slug":"epic","status":"publish","type":"product","link":"https:\/\/evokaii.com\/pl\/produkt\/epic\/","title":{"rendered":"Epic"},"content":{"rendered":"<h2>Zielony sweter Epic<\/h2>\n<p style=\"text-align: justify\">Sweter Epic z szerokim dekoltem wykonany jestz mi\u0119kkiej i przyjemnej bawe\u0142ny. Doskonale sprawdzi si\u0119 w ch\u0142odniejsze dni lub wieczory. Produkt dost\u0119pny jest w czterech rozmiarach: S (ma\u0142y), M (\u015bredni), L (du\u017cy) oraz XL (bardzo du\u017cy). Zawiera 90% bawe\u0142ny i 10% poliestru. Model Epic to zielony sweter,\u00a0o popularnym i funkcjonalnym kroju. Unikalny odcie\u0144 morskiej zieleni podkre\u015bli sportowy styl lub nada nieco luzu bardziej eleganckiej, wakacyjnej stylizacji.<\/p>\n<p style=\"text-align: justify\">Wygodny, szeroki dekolt w \u0142\u00f3dk\u0119 wspaniale podkre\u015bli lini\u0119 ramion i nada im subtelno\u015bci. Delikatne \u015bci\u0105gacze na dole oraz przy r\u0119kawach swetra sprawiaj\u0105, \u017ce znakomicie si\u0119 uk\u0142ada i zapewnia komfort noszenia. Epic do doskona\u0142y model bluzy,\u00a0kt\u00f3ry jednocze\u015bnie zachowuje sportow\u0105 funkcjonalno\u015b\u0107 stylowego swetra.\u00a0Jednolity. pi\u0119kny kolor b\u0119dzie pasowa\u0142 zar\u00f3wno do spodni jak i sp\u00f3dnicy.\u00a0Delikatne logo umieszczone z boku swetra nadaje mu minimalistycznego charakteru. Wyj\u0105tkowy, ciep\u0142y, komfortowy i stylowy sweter Epic to \u015bwietny wyb\u00f3r dla mi\u0142o\u015bniczek dobrego stylu i znakomitej jako\u015bci produktu!<\/p>\n<p>&nbsp;<\/p>\n","protected":false},"excerpt":{"rendered":"<p>\u2299 Sweter z szerokim dekoltem<br \/>\n\u2299 Mi\u0119kka i przyjemna bawe\u0142na<br \/>\n\u2299 Intenstywny kolor<\/p>\n","protected":false},"featured_media":1090,"comment_status":"open","ping_status":"closed","template":"","meta":{"_acf_changed":false},"product_brand":[],"product_cat":[155],"product_tag":[181],"class_list":{"0":"post-1089","1":"product","2":"type-product","3":"status-publish","4":"has-post-thumbnail","6":"product_cat-bluzy-damskie","7":"product_tag-bluzy","8":"product_shipping_class-medium","10":"first","11":"outofstock","12":"shipping-taxable","13":"product-type-variable"},"acf":[],"_links":{"self":[{"href":"https:\/\/evokaii.com\/pl\/wp-json\/wp\/v2\/product\/1089","targetHints":{"allow":["GET"]}}],"collection":[{"href":"https:\/\/evokaii.com\/pl\/wp-json\/wp\/v2\/product"}],"about":[{"href":"https:\/\/evokaii.com\/pl\/wp-json\/wp\/v2\/types\/product"}],"replies":[{"embeddable":true,"href":"https:\/\/evokaii.com\/pl\/wp-json\/wp\/v2\/comments?post=1089"}],"wp:featuredmedia":[{"embeddable":true,"href":"https:\/\/evokaii.com\/pl\/wp-json\/wp\/v2\/media\/1090"}],"wp:attachment":[{"href":"https:\/\/evokaii.com\/pl\/wp-json\/wp\/v2\/media?parent=1089"}],"wp:term":[{"taxonomy":"product_brand","embeddable":true,"href":"https:\/\/evokaii.com\/pl\/wp-json\/wp\/v2\/product_brand?post=1089"},{"taxonomy":"product_cat","embeddable":true,"href":"https:\/\/evokaii.com\/pl\/wp-json\/wp\/v2\/product_cat?post=1089"},{"taxonomy":"product_tag","embeddable":true,"href":"https:\/\/evokaii.com\/pl\/wp-json\/wp\/v2\/product_tag?post=1089"}],"curies":[{"name":"wp","href":"https:\/\/api.w.org\/{rel}","templated":true}]}}