{"id":1097,"date":"2017-11-05T05:56:35","date_gmt":"2017-11-05T05:56:35","guid":{"rendered":"http:\/\/plzfy.com\/product\/freestyle\/"},"modified":"2020-11-30T12:14:05","modified_gmt":"2020-11-30T10:14:05","slug":"freestyle-koral","status":"publish","type":"product","link":"https:\/\/evokaii.com\/pl\/produkt\/freestyle-koral\/","title":{"rendered":"Freestyle Koral"},"content":{"rendered":"<h3>D\u0142uga Bluza &#8211; Styl Freestyle<\/h3>\n<p class=\"p1\">Nasza d\u0142uga bluza z kapturem \u0142\u0105czy wygodn\u0105 g\u00f3r\u0119 z d\u0142ugim wyci\u0119ciem z ty\u0142u.Wygl\u0105da na to, \u017ce bluza z kapturem po\u015blubi\u0142a sukienk\u0119 i stworzy\u0142a sukienke z kapturem, kt\u00f3ra utrzymuje ciep\u0142o u\u017cytkownika i zapewnia maksymaln\u0105 przytulno\u015b\u0107.<br \/>\nKolejn\u0105 atrakcj\u0105 jest haft kitesurfingowy upcycling, kt\u00f3ry przypomina o pasji do kitesurfingu w codziennym \u017cyciu.<\/p>\n<p class=\"p1\">Bluza z d\u0142ugim r\u0119kawem Freestyle jest dost\u0119pna w kolorach szaroniebieskim, koralowo-czerwonym i fioletowym. Wszystkie te kolory przyci\u0105gaj\u0105 wzrok, dzi\u0119ki czemu u\u017cytkownik zdecydowanie si\u0119 wyr\u00f3\u017cnia. W kapturze i we wn\u0119trzu kieszeni drukowany jest nasz latawiec. R\u0119kawy maj\u0105 haftowany otw\u00f3r na d\u0142onie, dzi\u0119ki czemu mo\u017cna je ogrza\u0107 w zimie.<\/p>\n<p>&nbsp;<\/p>\n","protected":false},"excerpt":{"rendered":"<p>\u2299 Du\u017cy kaptur<br \/>\n\u2299 D\u0142uga cz\u0119\u015b\u0107 tylna<br \/>\n\u2299 Zestaw haftu \u201cUpcycled\u201d<br \/>\n\u2299 Super wygodne i ciep\u0142e<\/p>\n","protected":false},"featured_media":1100,"comment_status":"open","ping_status":"closed","template":"","meta":{"_acf_changed":false},"product_brand":[],"product_cat":[155],"product_tag":[181,187],"class_list":{"0":"post-1097","1":"product","2":"type-product","3":"status-publish","4":"has-post-thumbnail","6":"product_cat-bluzy-damskie","7":"product_tag-bluzy","8":"product_tag-wyjatkowo-dlugi","10":"first","11":"outofstock","12":"sale","13":"shipping-taxable","14":"purchasable","15":"product-type-variable"},"acf":[],"_links":{"self":[{"href":"https:\/\/evokaii.com\/pl\/wp-json\/wp\/v2\/product\/1097","targetHints":{"allow":["GET"]}}],"collection":[{"href":"https:\/\/evokaii.com\/pl\/wp-json\/wp\/v2\/product"}],"about":[{"href":"https:\/\/evokaii.com\/pl\/wp-json\/wp\/v2\/types\/product"}],"replies":[{"embeddable":true,"href":"https:\/\/evokaii.com\/pl\/wp-json\/wp\/v2\/comments?post=1097"}],"wp:featuredmedia":[{"embeddable":true,"href":"https:\/\/evokaii.com\/pl\/wp-json\/wp\/v2\/media\/1100"}],"wp:attachment":[{"href":"https:\/\/evokaii.com\/pl\/wp-json\/wp\/v2\/media?parent=1097"}],"wp:term":[{"taxonomy":"product_brand","embeddable":true,"href":"https:\/\/evokaii.com\/pl\/wp-json\/wp\/v2\/product_brand?post=1097"},{"taxonomy":"product_cat","embeddable":true,"href":"https:\/\/evokaii.com\/pl\/wp-json\/wp\/v2\/product_cat?post=1097"},{"taxonomy":"product_tag","embeddable":true,"href":"https:\/\/evokaii.com\/pl\/wp-json\/wp\/v2\/product_tag?post=1097"}],"curies":[{"name":"wp","href":"https:\/\/api.w.org\/{rel}","templated":true}]}}