{"id":1109,"date":"2017-11-05T18:37:07","date_gmt":"2017-11-05T18:37:07","guid":{"rendered":"http:\/\/plzfy.com\/product\/summer-hood-two-face\/"},"modified":"2020-11-30T12:14:04","modified_gmt":"2020-11-30T10:14:04","slug":"summer-hood-two-face","status":"publish","type":"product","link":"https:\/\/evokaii.com\/pl\/produkt\/summer-hood-two-face\/","title":{"rendered":"Summer Hood Two Face"},"content":{"rendered":"<h3>Summer Hood Two Face &#8211; Kr\u00f3tki letni p\u0142aszcz z kapturem dla kobiet<\/h3>\n<p class=\"p1\">Wygodny letni p\u0142aszcz \/ peleryna: Idealny do narzucenia, czy to po surfowaniu, na pla\u017cy czy wieczorem. Szczotkowana bawe\u0142na utrzymuje ciep\u0142o w letnie noce. \u0141atwo \u0142\u0105czy si\u0119 z sukienkami, sp\u00f3dnicami i innymi ubraniami. Idealny wyb\u00f3r, je\u015bli nie jeste\u015b pewna, czy powinna\u015b<span class=\"Apple-converted-space\">\u00a0 <\/span>zabra\u0107 ze sob\u0105 kurtk\u0119 lub sweter.<\/p>\n","protected":false},"excerpt":{"rendered":"<p>\u2299 Mi\u0119kka, szczotkowana bawe\u0142na<br \/>\n\u2299 Przytulny p\u0142aszcz do narzucenia<br \/>\n\u2299 Nadaje si\u0119 do ka\u017cdej innej odzie\u017cy<br \/>\n\u2299 Mo\u017cna \u0142\u0105czy\u0107 na wiele sposob\u00f3w<\/p>\n<p class=\"p1\">\n<p class=\"p1\">\n<p class=\"p1\">\n","protected":false},"featured_media":1111,"comment_status":"open","ping_status":"closed","template":"","meta":{"_acf_changed":false},"product_brand":[],"product_cat":[153],"product_tag":[196,218],"class_list":{"0":"post-1109","1":"product","2":"type-product","3":"status-publish","4":"has-post-thumbnail","6":"product_cat-plaszcze","7":"product_tag-plaszcze","8":"product_tag-summer-hood-pl","9":"product_shipping_class-medium","10":"pa_colour-pattern-szary-niebieski","12":"first","13":"outofstock","14":"shipping-taxable","15":"product-type-variable"},"acf":[],"_links":{"self":[{"href":"https:\/\/evokaii.com\/pl\/wp-json\/wp\/v2\/product\/1109","targetHints":{"allow":["GET"]}}],"collection":[{"href":"https:\/\/evokaii.com\/pl\/wp-json\/wp\/v2\/product"}],"about":[{"href":"https:\/\/evokaii.com\/pl\/wp-json\/wp\/v2\/types\/product"}],"replies":[{"embeddable":true,"href":"https:\/\/evokaii.com\/pl\/wp-json\/wp\/v2\/comments?post=1109"}],"wp:featuredmedia":[{"embeddable":true,"href":"https:\/\/evokaii.com\/pl\/wp-json\/wp\/v2\/media\/1111"}],"wp:attachment":[{"href":"https:\/\/evokaii.com\/pl\/wp-json\/wp\/v2\/media?parent=1109"}],"wp:term":[{"taxonomy":"product_brand","embeddable":true,"href":"https:\/\/evokaii.com\/pl\/wp-json\/wp\/v2\/product_brand?post=1109"},{"taxonomy":"product_cat","embeddable":true,"href":"https:\/\/evokaii.com\/pl\/wp-json\/wp\/v2\/product_cat?post=1109"},{"taxonomy":"product_tag","embeddable":true,"href":"https:\/\/evokaii.com\/pl\/wp-json\/wp\/v2\/product_tag?post=1109"}],"curies":[{"name":"wp","href":"https:\/\/api.w.org\/{rel}","templated":true}]}}