{"id":1148,"date":"2017-11-05T20:07:22","date_gmt":"2017-11-05T20:07:22","guid":{"rendered":"http:\/\/plzfy.com\/product\/zipper-wave\/"},"modified":"2023-06-03T10:50:24","modified_gmt":"2023-06-03T08:50:24","slug":"zipper-wave-zielony","status":"publish","type":"product","link":"https:\/\/evokaii.com\/pl\/produkt\/zipper-wave-zielony\/","title":{"rendered":"Zipper Wave Zielony"},"content":{"rendered":"<h2>Zielona bluza z kapturem: Zipper Wave Zielony<\/h2>\n<p style=\"text-align: justify\">Oryginalna bluza Zipper Wave to idealna propozycja na ka\u017cdy dzie\u0144. Zapewnia ogromn\u0105 wygod\u0119 u\u017cytkowania &#8211; zapinana na zamek b\u0142yskawiczny, z wygodnym kapturem. Dost\u0119pna jest w rozmiarze S, M, L i XL. Atutem tego modelu jest bezdyskusyjnie styl wykonania i wyko\u0144czenia. Charakterystyczny motyw stanowi haft kitesurfingowy, kt\u00f3ry gwarantuje modny wygl\u0105d. Zielona bluza z kapturem\u00a0sprawdzi si\u0119 doskonale w ka\u017cdej sytuacji &#8211; podczas spaceru czy wyj\u015bcia ze znajomymi, kiedy liczy si\u0119 wysoki komfort. Za nienagann\u0105 estetyk\u0119 odpowiadaj\u0105 wysokogatunkowe tkaniny &#8211; przyjemne podczas noszenia i bezproblemowe w praniu.<\/p>\n<p style=\"text-align: justify\">Wygodne, <a href=\"https:\/\/evokaii.com\/pl\/kategoria-produktu\/bluzy\/\">rozpinane bluzy<\/a> powinny znale\u017a\u0107 si\u0119 w ka\u017cdej nowoczesnej i funkcjonalnej garderobie. Mo\u017cna je swobodnie \u0142\u0105czy\u0107 z r\u00f3\u017cnymi wariantami stylistycznymi. Taka odzie\u017c nigdy nie wychodzi z mody a na dodatek zapewnia ogromn\u0105 wygod\u0119 w u\u017cytkowaniu i rewelacyjny design. Kontrastuj\u0105ce kolory o\u017cywiaj\u0105 stylowy look i poprawiaj\u0105 samopoczucie. Warto wybiera\u0107 designersk\u0105 odzie\u017c &#8211; zielona, rozpinana bluza\u00a0na pewno wpisuje si\u0119 nowoczesne trendy.<\/p>\n","protected":false},"excerpt":{"rendered":"<p>\u2299 Wysoki ko\u0142nierzyk<br \/>\n\u2299 Praktyczny zamek b\u0142yskawiczny<br \/>\n\u2299 Minimalistyczny design<br \/>\n\u2299 Zestaw haftu &#8220;Upcycled&#8221;<\/p>\n","protected":false},"featured_media":6112,"comment_status":"open","ping_status":"closed","template":"","meta":{"_acf_changed":false},"product_brand":[],"product_cat":[155,2207],"product_tag":[2497,2508,2617,2496],"class_list":{"0":"post-1148","1":"product","2":"type-product","3":"status-publish","4":"has-post-thumbnail","6":"product_cat-bluzy-damskie","7":"product_cat-wyprzedaz","8":"product_tag-streetwear-pl","9":"product_tag-surf-hoodie-pl","10":"product_tag-surf-sweatshirt-pl","11":"product_tag-surf-wear-pl","13":"first","14":"instock","15":"shipping-taxable","16":"product-type-variable"},"acf":[],"_links":{"self":[{"href":"https:\/\/evokaii.com\/pl\/wp-json\/wp\/v2\/product\/1148","targetHints":{"allow":["GET"]}}],"collection":[{"href":"https:\/\/evokaii.com\/pl\/wp-json\/wp\/v2\/product"}],"about":[{"href":"https:\/\/evokaii.com\/pl\/wp-json\/wp\/v2\/types\/product"}],"replies":[{"embeddable":true,"href":"https:\/\/evokaii.com\/pl\/wp-json\/wp\/v2\/comments?post=1148"}],"wp:featuredmedia":[{"embeddable":true,"href":"https:\/\/evokaii.com\/pl\/wp-json\/wp\/v2\/media\/6112"}],"wp:attachment":[{"href":"https:\/\/evokaii.com\/pl\/wp-json\/wp\/v2\/media?parent=1148"}],"wp:term":[{"taxonomy":"product_brand","embeddable":true,"href":"https:\/\/evokaii.com\/pl\/wp-json\/wp\/v2\/product_brand?post=1148"},{"taxonomy":"product_cat","embeddable":true,"href":"https:\/\/evokaii.com\/pl\/wp-json\/wp\/v2\/product_cat?post=1148"},{"taxonomy":"product_tag","embeddable":true,"href":"https:\/\/evokaii.com\/pl\/wp-json\/wp\/v2\/product_tag?post=1148"}],"curies":[{"name":"wp","href":"https:\/\/api.w.org\/{rel}","templated":true}]}}