{"id":1200,"date":"2017-11-06T03:01:51","date_gmt":"2017-11-06T03:01:51","guid":{"rendered":"http:\/\/plzfy.com\/product\/mermaid-dress\/"},"modified":"2021-08-05T19:57:22","modified_gmt":"2021-08-05T17:57:22","slug":"mermaid-dress","status":"publish","type":"product","link":"https:\/\/evokaii.com\/pl\/produkt\/mermaid-dress\/","title":{"rendered":"Mermaid"},"content":{"rendered":"<h3>Sportowa sukienka Mermaid<\/h3>\n<p style=\"text-align: justify\">Sportowa sukienka\u00a0w bia\u0142o-szare paski z kr\u00f3tkim r\u0119kawem. D\u0142ugo\u015b\u0107: przed kolano. Wykonana w 100% z bawe\u0142ny. Wygodny fason. Sznurek w talii pozwala na dopasowanie sukienki do sylwetki. Dost\u0119pna w rozmiarach S, M, L.<\/p>\n<p style=\"text-align: justify\">Ta letnia sukienka to doskona\u0142e rozwi\u0105zanie dla kobiet, kt\u00f3re ceni\u0105 sobie wygod\u0119 i komfort u\u017cytkowania. Naturalna bawe\u0142na doskonale si\u0119 sprawdza podczas upalnych dni, gwarantuj\u0105c przewiewno\u015b\u0107. Uniwersalny, sportowy, a jednocze\u015bnie klasyczny fason sprawia, \u017ce sukienk\u0119 mo\u017cemy ubra\u0107 zar\u00f3wno do pracy, jak i na wieczorne wyj\u015bcie do kina albo weekendowy spacer po parku. Sukienka sprawdzi si\u0119 r\u00f3wnie\u017c na pla\u017cy lub na festiwalu muzycznym &#8211; wszystko zale\u017cy od dodatk\u00f3w, kt\u00f3re do niej wybierzemy. Dzi\u0119ki sznurkowi znajduj\u0105cemu si\u0119 w pasie, mo\u017cemy dopasowa\u0107 sukienk\u0119 do naszej sylwetki. Ozdobna kieszonka na piersi dodaje jej uroku. Jasne kolory pi\u0119knie podkre\u015bl\u0105 letni\u0105 opalenizn\u0119. Mi\u0119kki materia\u0142 jest przyjemny w dotyku i \u0142atwo si\u0119 prasuje. To doskona\u0142a podstawa do stworzenia wakacyjnej stylizacji.<\/p>\n","protected":false},"excerpt":{"rendered":"<p>\u2299 Lekka letnia sukienka<br \/>\n\u2299 Talia regulowana za pomoc\u0105 sznurka<\/p>\n","protected":false},"featured_media":1202,"comment_status":"open","ping_status":"closed","template":"","meta":{"_acf_changed":false},"product_brand":[],"product_cat":[154],"product_tag":[211,190],"class_list":{"0":"post-1200","1":"product","2":"type-product","3":"status-publish","4":"has-post-thumbnail","6":"product_cat-sukienki","7":"product_tag-paski","8":"product_tag-sukienka","9":"product_shipping_class-medium","10":"pa_colour-pattern-paski","12":"first","13":"outofstock","14":"shipping-taxable","15":"product-type-variable"},"acf":[],"_links":{"self":[{"href":"https:\/\/evokaii.com\/pl\/wp-json\/wp\/v2\/product\/1200","targetHints":{"allow":["GET"]}}],"collection":[{"href":"https:\/\/evokaii.com\/pl\/wp-json\/wp\/v2\/product"}],"about":[{"href":"https:\/\/evokaii.com\/pl\/wp-json\/wp\/v2\/types\/product"}],"replies":[{"embeddable":true,"href":"https:\/\/evokaii.com\/pl\/wp-json\/wp\/v2\/comments?post=1200"}],"wp:featuredmedia":[{"embeddable":true,"href":"https:\/\/evokaii.com\/pl\/wp-json\/wp\/v2\/media\/1202"}],"wp:attachment":[{"href":"https:\/\/evokaii.com\/pl\/wp-json\/wp\/v2\/media?parent=1200"}],"wp:term":[{"taxonomy":"product_brand","embeddable":true,"href":"https:\/\/evokaii.com\/pl\/wp-json\/wp\/v2\/product_brand?post=1200"},{"taxonomy":"product_cat","embeddable":true,"href":"https:\/\/evokaii.com\/pl\/wp-json\/wp\/v2\/product_cat?post=1200"},{"taxonomy":"product_tag","embeddable":true,"href":"https:\/\/evokaii.com\/pl\/wp-json\/wp\/v2\/product_tag?post=1200"}],"curies":[{"name":"wp","href":"https:\/\/api.w.org\/{rel}","templated":true}]}}