{"id":1213,"date":"2017-11-06T03:34:22","date_gmt":"2017-11-06T03:34:22","guid":{"rendered":"http:\/\/plzfy.com\/product\/goree\/"},"modified":"2023-05-24T21:30:27","modified_gmt":"2023-05-24T19:30:27","slug":"goree","status":"publish","type":"product","link":"https:\/\/evokaii.com\/pl\/produkt\/goree\/","title":{"rendered":"Goree"},"content":{"rendered":"<h2>D\u0142uga sp\u00f3dnica Goree<\/h2>\n<p style=\"text-align: justify;\"><span style=\"font-size: 10.5pt; font-family: 'Helvetica',sans-serif; color: #333333;\">Szara sp\u00f3dnica do kostek to doskona\u0142y pomys\u0142 dla mi\u0142o\u015bniczek stylu urban. Jest bardzo wygodna, poniewa\u017c regulowana talia pozwala dopasowa\u0107 sp\u00f3dnic\u0119 do sylwetki, a dyskretny rozporek zapewnia swobod\u0119 ruch\u00f3w podczas chodzenia. Wykonana jest z ekologicznej tkaniny bambusowej (94%) z domieszk\u0105 elastanu (6%), dlatego sprawdzi si\u0119 dla os\u00f3b, kt\u00f3re troszcz\u0105 si\u0119 o \u015brodowisko. Poza tym tkanina ta jest mi\u0119kka w dotyku, przypomina troch\u0119 bawe\u0142n\u0119, nie gniecie si\u0119 i \u0142atwo si\u0119 prasuje. Ta sp\u00f3dnica to \u015bwietne rozwi\u0105zanie dla kobiet, kt\u00f3re ceni\u0105 sobie uniwersalne, stonowane ubrania, kt\u00f3re \u0142atwo mo\u017cna odmieni\u0107 przy pomocy dodatk\u00f3w. \u00a0W po\u0142\u0105czeniu z bia\u0142\u0105 koszul\u0105 sp\u00f3dnica sprawdzi si\u0119 na biznesowym spotkaniu, a kiedy narzucimy na siebie kolorowy t-shirt i ramonesk\u0119, z powodzeniem mo\u017cemy si\u0119 w niej wybra\u0107 na koncert do klubu lub na wieczornego drinka z przyjaci\u00f3\u0142kami.<\/span><\/p>\n<p><span style=\"font-size: 10.5pt; font-family: 'Helvetica',sans-serif; color: #333333;\">Dost\u0119pna w rozmiarach: S, M, L, XL.<\/span><\/p>\n","protected":false},"excerpt":{"rendered":"<p>\u2299 D\u0142uga sp\u00f3dnica<br \/>\n\u2299 Regulowany pasek<br \/>\n\u2299 Przyjazna dla \u015brodowiska tkanina bambusowa<\/p>\n","protected":false},"featured_media":1214,"comment_status":"open","ping_status":"closed","template":"","meta":{"_acf_changed":false},"product_brand":[],"product_cat":[2207],"product_tag":[214],"class_list":{"0":"post-1213","1":"product","2":"type-product","3":"status-publish","4":"has-post-thumbnail","6":"product_cat-wyprzedaz","7":"product_tag-spodnice","8":"product_shipping_class-medium","9":"pa_colour-pattern-ciemnoszary","10":"pa_colour-pattern-ocean-pl","12":"first","13":"outofstock","14":"shipping-taxable","15":"product-type-variable","16":"has-default-attributes"},"acf":[],"_links":{"self":[{"href":"https:\/\/evokaii.com\/pl\/wp-json\/wp\/v2\/product\/1213","targetHints":{"allow":["GET"]}}],"collection":[{"href":"https:\/\/evokaii.com\/pl\/wp-json\/wp\/v2\/product"}],"about":[{"href":"https:\/\/evokaii.com\/pl\/wp-json\/wp\/v2\/types\/product"}],"replies":[{"embeddable":true,"href":"https:\/\/evokaii.com\/pl\/wp-json\/wp\/v2\/comments?post=1213"}],"wp:featuredmedia":[{"embeddable":true,"href":"https:\/\/evokaii.com\/pl\/wp-json\/wp\/v2\/media\/1214"}],"wp:attachment":[{"href":"https:\/\/evokaii.com\/pl\/wp-json\/wp\/v2\/media?parent=1213"}],"wp:term":[{"taxonomy":"product_brand","embeddable":true,"href":"https:\/\/evokaii.com\/pl\/wp-json\/wp\/v2\/product_brand?post=1213"},{"taxonomy":"product_cat","embeddable":true,"href":"https:\/\/evokaii.com\/pl\/wp-json\/wp\/v2\/product_cat?post=1213"},{"taxonomy":"product_tag","embeddable":true,"href":"https:\/\/evokaii.com\/pl\/wp-json\/wp\/v2\/product_tag?post=1213"}],"curies":[{"name":"wp","href":"https:\/\/api.w.org\/{rel}","templated":true}]}}