{"id":1224,"date":"2017-11-06T03:40:07","date_gmt":"2017-11-06T03:40:07","guid":{"rendered":"http:\/\/plzfy.com\/product\/mermaid-pants\/"},"modified":"2020-11-30T12:14:00","modified_gmt":"2020-11-30T10:14:00","slug":"mermaid-pants","status":"publish","type":"product","link":"https:\/\/evokaii.com\/pl\/produkt\/mermaid-pants\/","title":{"rendered":"Mermaid"},"content":{"rendered":"<h2>\u017b\u00f3\u0142te spodnie Mermaid<\/h2>\n<p>Niesamowicie oryginalne spodnie Mermaid sprawdz\u0105 si\u0119 w po\u0142\u0105czeniu z r\u00f3\u017cnymi elementami garderoby. \u017b\u00f3\u0142te spodnie s\u0105 bardzo wygodne, a z ty\u0142u posiadaj\u0105 delikatny nadruk, kt\u00f3ry dodaje im oryginalno\u015bci. Dodatkowo posiadaj\u0105 one regulowany pasek, kt\u00f3ry umo\u017cliwia lepsze dopasowanie. Boczne kieszenie s\u0105 na zamek, dzi\u0119ki czemu mo\u017cna chowa\u0107 tam drobne przedmioty i nie obawia\u0107 si\u0119 ich zgubienia. Spodnie zosta\u0142y stworzone ze 100% bawe\u0142ny. To w\u0142a\u015bnie dzi\u0119ki temu s\u0105 tak przyjemne w dotyku.<\/p>\n<p>Spodnie damskie\u00a0 Mermaid s\u0105 doskona\u0142ym wyborem dla odwa\u017cnych kobiet . Doskonale komponuj\u0105 si\u0119 z bluzkami, kt\u00f3re znajdziesz w naszym asortymencie.<\/p>\n","protected":false},"excerpt":{"rendered":"<p>\u2299 Wygodne spodnie z delikatnym nadrukiem<br \/>\n\u2299 Regulowany pasek<br \/>\n\u2299 Boczne kieszenie na suwak<br \/>\n\u2299 Tylna kiesze\u0144<\/p>\n","protected":false},"featured_media":1225,"comment_status":"closed","ping_status":"closed","template":"","meta":{"_acf_changed":false},"product_brand":[],"product_cat":[1303],"product_tag":[171,178],"class_list":{"0":"post-1224","1":"product","2":"type-product","3":"status-publish","4":"has-post-thumbnail","6":"product_cat-spodnie","7":"product_tag-mermaid-pl","8":"product_tag-spodnie","9":"product_shipping_class-medium","11":"first","12":"outofstock","13":"shipping-taxable","14":"purchasable","15":"product-type-simple"},"acf":[],"_links":{"self":[{"href":"https:\/\/evokaii.com\/pl\/wp-json\/wp\/v2\/product\/1224","targetHints":{"allow":["GET"]}}],"collection":[{"href":"https:\/\/evokaii.com\/pl\/wp-json\/wp\/v2\/product"}],"about":[{"href":"https:\/\/evokaii.com\/pl\/wp-json\/wp\/v2\/types\/product"}],"replies":[{"embeddable":true,"href":"https:\/\/evokaii.com\/pl\/wp-json\/wp\/v2\/comments?post=1224"}],"wp:featuredmedia":[{"embeddable":true,"href":"https:\/\/evokaii.com\/pl\/wp-json\/wp\/v2\/media\/1225"}],"wp:attachment":[{"href":"https:\/\/evokaii.com\/pl\/wp-json\/wp\/v2\/media?parent=1224"}],"wp:term":[{"taxonomy":"product_brand","embeddable":true,"href":"https:\/\/evokaii.com\/pl\/wp-json\/wp\/v2\/product_brand?post=1224"},{"taxonomy":"product_cat","embeddable":true,"href":"https:\/\/evokaii.com\/pl\/wp-json\/wp\/v2\/product_cat?post=1224"},{"taxonomy":"product_tag","embeddable":true,"href":"https:\/\/evokaii.com\/pl\/wp-json\/wp\/v2\/product_tag?post=1224"}],"curies":[{"name":"wp","href":"https:\/\/api.w.org\/{rel}","templated":true}]}}