{"id":1227,"date":"2017-11-06T04:18:49","date_gmt":"2017-11-06T04:18:49","guid":{"rendered":"http:\/\/plzfy.com\/product\/samoa\/"},"modified":"2020-11-30T12:13:59","modified_gmt":"2020-11-30T10:13:59","slug":"samoa-szary","status":"publish","type":"product","link":"https:\/\/evokaii.com\/pl\/produkt\/samoa-szary\/","title":{"rendered":"Samoa Szary"},"content":{"rendered":"<h3>Szary T-shirt Samoa<\/h3>\n<p style=\"text-align: justify\">Sportowy t-shirt zawsze jest doskona\u0142ym wyborem dlatego, \u017ce jest bardzo uniwersalny i pasuje do ka\u017cdej stylizacji. Nosi\u0107 go mo\u017cna, zar\u00f3wno na co dzie\u0144, jak i w bardziej formalny spos\u00f3b. Szary tshirt Samoa dost\u0119pny jest w czterech rozmiarach: S, M, L oraz XL. Na dole koszulki znajduje si\u0119 delikatny, kwiatowy nadruk, kt\u00f3ry nadaje bluzce lekko\u015bci i dziewcz\u0119cego look&#8217;u. Ca\u0142o\u015b\u0107 wykonana jest z przyjaznej dla \u015brodowiska tkaniny bambusowej, kt\u00f3ra w pe\u0142ni podlega recyklingowi, a wi\u0119c jest eco-friendly. Koszulka jest lekka i w po\u0142\u0105czeniu z pozosta\u0142ymi elementami stylizacji, naprawd\u0119 tworzy efekt &#8220;wow&#8221;.<\/p>\n<p style=\"text-align: justify\">Szary t-shirt tego typu b\u0119dzie dobrym pomys\u0142em dla pa\u0144, kt\u00f3re lubi\u0105 niezobowi\u0105zuj\u0105cy styl i w\u0142a\u015bnie taki wybieraj\u0105 na co dzie\u0144. Tak\u0105 koszulk\u0119 po\u0142\u0105czy\u0107 mo\u017cna, zar\u00f3wno z dopasowanymi jeansami, jak i dziewcz\u0119cymi sp\u00f3dniczkami. Za ka\u017cdym razem pomo\u017ce to na stworzenie unikatowej stylizacji. Na pewno warto mie\u0107 w swojej szafie przynajmniej jeden mi\u0142y w dotyku szary t-shirt z kwiatowym nadrukiem.<\/p>\n","protected":false},"excerpt":{"rendered":"<p>\u2299 Delikatny kwiatowy nadruk<br \/>\n\u2299 Tkanina bambusowa<br \/>\n\u2299 Eco-friendly<\/p>\n","protected":false},"featured_media":6276,"comment_status":"open","ping_status":"closed","template":"","meta":{"_acf_changed":false},"product_brand":[],"product_cat":[158,2207],"product_tag":[],"class_list":{"0":"post-1227","1":"product","2":"type-product","3":"status-publish","4":"has-post-thumbnail","6":"product_cat-tops-pl","7":"product_cat-wyprzedaz","9":"first","10":"outofstock","11":"sale","12":"shipping-taxable","13":"purchasable","14":"product-type-variable"},"acf":[],"_links":{"self":[{"href":"https:\/\/evokaii.com\/pl\/wp-json\/wp\/v2\/product\/1227","targetHints":{"allow":["GET"]}}],"collection":[{"href":"https:\/\/evokaii.com\/pl\/wp-json\/wp\/v2\/product"}],"about":[{"href":"https:\/\/evokaii.com\/pl\/wp-json\/wp\/v2\/types\/product"}],"replies":[{"embeddable":true,"href":"https:\/\/evokaii.com\/pl\/wp-json\/wp\/v2\/comments?post=1227"}],"wp:featuredmedia":[{"embeddable":true,"href":"https:\/\/evokaii.com\/pl\/wp-json\/wp\/v2\/media\/6276"}],"wp:attachment":[{"href":"https:\/\/evokaii.com\/pl\/wp-json\/wp\/v2\/media?parent=1227"}],"wp:term":[{"taxonomy":"product_brand","embeddable":true,"href":"https:\/\/evokaii.com\/pl\/wp-json\/wp\/v2\/product_brand?post=1227"},{"taxonomy":"product_cat","embeddable":true,"href":"https:\/\/evokaii.com\/pl\/wp-json\/wp\/v2\/product_cat?post=1227"},{"taxonomy":"product_tag","embeddable":true,"href":"https:\/\/evokaii.com\/pl\/wp-json\/wp\/v2\/product_tag?post=1227"}],"curies":[{"name":"wp","href":"https:\/\/api.w.org\/{rel}","templated":true}]}}