{"id":1235,"date":"2017-11-06T04:20:19","date_gmt":"2017-11-06T04:20:19","guid":{"rendered":"http:\/\/plzfy.com\/product\/tela\/"},"modified":"2023-05-24T21:45:54","modified_gmt":"2023-05-24T19:45:54","slug":"tela","status":"publish","type":"product","link":"https:\/\/evokaii.com\/pl\/produkt\/tela\/","title":{"rendered":"Tela"},"content":{"rendered":"<h2>Szary Top z tkaniny Bambusowej TELA<\/h2>\n<p style=\"text-align: justify\">Szary, sportowy top o do\u015b\u0107 lu\u017anym kroju. Na plecach subtelny, kwiatowy nadruk w kolorze r\u00f3\u017cowym. Wykonany z tkaniny bambusowej z domieszk\u0105 elasthanu. Dost\u0119pny w rozmiarach S, M i L.<\/p>\n<p style=\"text-align: justify\">Tank top uszyty z tkaniny bambusowej to idealny wyb\u00f3r dla aktywnych kobiet. Swobodny, lu\u017any fason zapewnia du\u017c\u0105 wygod\u0119 i \u015bwietnie wygl\u0105da na r\u00f3\u017cnych typach sylwetek. Neutralny odcie\u0144 sprawia, \u017ce b\u0119dzie dobrze komponowa\u0142 si\u0119\u00a0z wi\u0119kszo\u015bci\u0105 kolor\u00f3w ubra\u0144.\u00a0Mo\u017cna nosi\u0107 go\u00a0zar\u00f3wno do sportowych spodni lub legins\u00f3w podczas uprawiania sportu, jak i do letniej sp\u00f3dnicy.\u00a0Delikatny nadruk dodaje mu kobieco\u015bci.\u00a0Na uwag\u0119 zas\u0142uguje materia\u0142, z kt\u00f3rego top zosta\u0142 wykonany. W\u0142\u00f3kno bambusowe cieszy si\u0119 coraz wi\u0119ksz\u0105 popularno\u015bci\u0105 ze wzgl\u0119du na swoje w\u0142a\u015bciwo\u015bci.\u00a0Wykonane z niego tkaniny\u00a0s\u0105 ekologiczne, w dodatku nie uczulaj\u0105 i maj\u0105 w\u0142a\u015bciwo\u015bci bakteriob\u00f3jcze. Ponadto doskonale ch\u0142on\u0105 wilgo\u0107, sch\u0142adzaj\u0105 powierzchni\u0119 cia\u0142a i chroni\u0105 sk\u00f3r\u0119 przed promieniami UV.\u00a0Dzi\u0119ki tym zaletom materia\u0142u, top b\u0119dzie najlepszym wyborem\u00a0na upalne dni.<\/p>\n","protected":false},"excerpt":{"rendered":"<p>\u2299 Delikatny kwiatowy nadruk<br \/>\n\u2299 Przyjazna dla \u015brodowiska tkanina bambusowa<\/p>\n","protected":false},"featured_media":1236,"comment_status":"open","ping_status":"closed","template":"","meta":{"_acf_changed":false},"product_brand":[],"product_cat":[155,158,2207],"product_tag":[170,205],"class_list":{"0":"post-1235","1":"product","2":"type-product","3":"status-publish","4":"has-post-thumbnail","6":"product_cat-bluzy-damskie","7":"product_cat-tops-pl","8":"product_cat-wyprzedaz","9":"product_tag-aloha-pl","10":"product_tag-tank-top-pl","12":"first","13":"outofstock","14":"shipping-taxable","15":"product-type-variable"},"acf":[],"_links":{"self":[{"href":"https:\/\/evokaii.com\/pl\/wp-json\/wp\/v2\/product\/1235","targetHints":{"allow":["GET"]}}],"collection":[{"href":"https:\/\/evokaii.com\/pl\/wp-json\/wp\/v2\/product"}],"about":[{"href":"https:\/\/evokaii.com\/pl\/wp-json\/wp\/v2\/types\/product"}],"replies":[{"embeddable":true,"href":"https:\/\/evokaii.com\/pl\/wp-json\/wp\/v2\/comments?post=1235"}],"wp:featuredmedia":[{"embeddable":true,"href":"https:\/\/evokaii.com\/pl\/wp-json\/wp\/v2\/media\/1236"}],"wp:attachment":[{"href":"https:\/\/evokaii.com\/pl\/wp-json\/wp\/v2\/media?parent=1235"}],"wp:term":[{"taxonomy":"product_brand","embeddable":true,"href":"https:\/\/evokaii.com\/pl\/wp-json\/wp\/v2\/product_brand?post=1235"},{"taxonomy":"product_cat","embeddable":true,"href":"https:\/\/evokaii.com\/pl\/wp-json\/wp\/v2\/product_cat?post=1235"},{"taxonomy":"product_tag","embeddable":true,"href":"https:\/\/evokaii.com\/pl\/wp-json\/wp\/v2\/product_tag?post=1235"}],"curies":[{"name":"wp","href":"https:\/\/api.w.org\/{rel}","templated":true}]}}