{"id":1249,"date":"2017-11-06T04:36:48","date_gmt":"2017-11-06T04:36:48","guid":{"rendered":"http:\/\/plzfy.com\/product\/gwinea\/"},"modified":"2020-11-30T12:13:58","modified_gmt":"2020-11-30T10:13:58","slug":"gwinea","status":"publish","type":"product","link":"https:\/\/evokaii.com\/pl\/produkt\/gwinea\/","title":{"rendered":"Gwinea"},"content":{"rendered":"<h2>Kr\u00f3tka sp\u00f3dniczka Gwinea<\/h2>\n<p style=\"text-align: justify\"><span style=\"font-size: 10.5pt;font-family: 'Helvetica',sans-serif;color: #333333\">Sportowa sp\u00f3dniczka to idealny wyb\u00f3r dla ka\u017cdej kobiety, kt\u00f3ra lubi niezobowi\u0105zuj\u0105cy styl oraz na pierwszy miejscu zawsze stawia swoj\u0105 wygod\u0119. Wbrew pozorom sportowe ubrania mo\u017cna doskonale \u0142\u0105czy\u0107 z pozosta\u0142ymi elementami garderoby, co umo\u017cliwia tworzenie bardzo ciekawych stylizacji. Kr\u00f3tka sp\u00f3dniczka z tkaniny bambusowej wykonana jest z 4% z elastyny i 96% z bambusa. Wi\u0105zana jest w talii na specjalny sznurek, kt\u00f3ry podkre\u015bla figur\u0119. Szary kolor sprawia natomiast, \u017ce sp\u00f3dniczka jest bardzo uniwersalna. Dodatkowo w jej dolnym rogu znajduje si\u0119 motyw tropikalnego kwiatu, kt\u00f3ry nadaje jej charakteru. Dost\u0119pna jest w\u00a0czterech wersjach rozmiarowych, czyli S, M, L oraz XL.\u00a0<\/span><\/p>\n<p style=\"text-align: justify\"><span style=\"font-size: 10.5pt;font-family: 'Helvetica',sans-serif;color: #333333\">Sp\u00f3dniczka z tkaniny bambusowej jest na tyle uniwersalna, \u017ce doskonale b\u0119dzie le\u017ce\u0107 na ka\u017cdej figurze. Z ca\u0142\u0105 pewno\u015bci\u0105 podkre\u015bli ona kobiece kszta\u0142ty. Dodatkowo zapewnia ca\u0142kowit\u0105 swobod\u0119 ruch\u00f3w, dzi\u0119ki czemu mo\u017cna nosi\u0107 j\u0105 nawet na co dzie\u0144. Na pewno warto mie\u0107 w swojej szafie przynajmniej jedn\u0105 sp\u00f3dniczk\u0119 w takim typie.<\/span><\/p>\n","protected":false},"excerpt":{"rendered":"<p>\u2299 Przyjazna dla \u015brodowiska tkanina bambusowa<br \/>\n\u2299 Delikatny kwiatowy nadruk<br \/>\n\u2299 Regulowany pasek<\/p>\n","protected":false},"featured_media":4720,"comment_status":"open","ping_status":"closed","template":"","meta":{"_acf_changed":false},"product_brand":[],"product_cat":[2207],"product_tag":[170,214],"class_list":{"0":"post-1249","1":"product","2":"type-product","3":"status-publish","4":"has-post-thumbnail","6":"product_cat-wyprzedaz","7":"product_tag-aloha-pl","8":"product_tag-spodnice","9":"product_shipping_class-small","11":"first","12":"outofstock","13":"sale","14":"shipping-taxable","15":"purchasable","16":"product-type-variable"},"acf":[],"_links":{"self":[{"href":"https:\/\/evokaii.com\/pl\/wp-json\/wp\/v2\/product\/1249","targetHints":{"allow":["GET"]}}],"collection":[{"href":"https:\/\/evokaii.com\/pl\/wp-json\/wp\/v2\/product"}],"about":[{"href":"https:\/\/evokaii.com\/pl\/wp-json\/wp\/v2\/types\/product"}],"replies":[{"embeddable":true,"href":"https:\/\/evokaii.com\/pl\/wp-json\/wp\/v2\/comments?post=1249"}],"wp:featuredmedia":[{"embeddable":true,"href":"https:\/\/evokaii.com\/pl\/wp-json\/wp\/v2\/media\/4720"}],"wp:attachment":[{"href":"https:\/\/evokaii.com\/pl\/wp-json\/wp\/v2\/media?parent=1249"}],"wp:term":[{"taxonomy":"product_brand","embeddable":true,"href":"https:\/\/evokaii.com\/pl\/wp-json\/wp\/v2\/product_brand?post=1249"},{"taxonomy":"product_cat","embeddable":true,"href":"https:\/\/evokaii.com\/pl\/wp-json\/wp\/v2\/product_cat?post=1249"},{"taxonomy":"product_tag","embeddable":true,"href":"https:\/\/evokaii.com\/pl\/wp-json\/wp\/v2\/product_tag?post=1249"}],"curies":[{"name":"wp","href":"https:\/\/api.w.org\/{rel}","templated":true}]}}