{"id":1271,"date":"2017-11-06T04:39:20","date_gmt":"2017-11-06T04:39:20","guid":{"rendered":"http:\/\/plzfy.com\/product\/mermaid-skirt\/"},"modified":"2020-11-30T12:13:57","modified_gmt":"2020-11-30T10:13:57","slug":"mermaid-skirt","status":"publish","type":"product","link":"https:\/\/evokaii.com\/pl\/produkt\/mermaid-skirt\/","title":{"rendered":"Mermaid"},"content":{"rendered":"<h3>Mermaid &#8211; Short Skirt<\/h3>\n<p class=\"p1\">Kr\u00f3tka sp\u00f3dnica z wszytym sznurkiem do regulacji w talii. W komplecie ma\u0142y suwak z ty\u0142u u\u0142atwiaj\u0105cy ubieranie i rozbieranie, z boku delikatna syrenka i ma\u0142y haft z evokaii.<\/p>\n","protected":false},"excerpt":{"rendered":"<p>\u2299 Ma\u0142y zamek b\u0142yskawiczny z ty\u0142u<br \/>\n\u2299 Delikatny druk syrenki<br \/>\n\u2299 Regulowany pasek<\/p>\n","protected":false},"featured_media":2860,"comment_status":"open","ping_status":"closed","template":"","meta":{"_acf_changed":false},"product_brand":[],"product_cat":[155],"product_tag":[171,214],"class_list":{"0":"post-1271","1":"product","2":"type-product","3":"status-publish","4":"has-post-thumbnail","6":"product_cat-bluzy-damskie","7":"product_tag-mermaid-pl","8":"product_tag-spodnice","9":"product_shipping_class-small","11":"first","12":"outofstock","13":"shipping-taxable","14":"product-type-variable","15":"has-default-attributes"},"acf":[],"_links":{"self":[{"href":"https:\/\/evokaii.com\/pl\/wp-json\/wp\/v2\/product\/1271","targetHints":{"allow":["GET"]}}],"collection":[{"href":"https:\/\/evokaii.com\/pl\/wp-json\/wp\/v2\/product"}],"about":[{"href":"https:\/\/evokaii.com\/pl\/wp-json\/wp\/v2\/types\/product"}],"replies":[{"embeddable":true,"href":"https:\/\/evokaii.com\/pl\/wp-json\/wp\/v2\/comments?post=1271"}],"wp:featuredmedia":[{"embeddable":true,"href":"https:\/\/evokaii.com\/pl\/wp-json\/wp\/v2\/media\/2860"}],"wp:attachment":[{"href":"https:\/\/evokaii.com\/pl\/wp-json\/wp\/v2\/media?parent=1271"}],"wp:term":[{"taxonomy":"product_brand","embeddable":true,"href":"https:\/\/evokaii.com\/pl\/wp-json\/wp\/v2\/product_brand?post=1271"},{"taxonomy":"product_cat","embeddable":true,"href":"https:\/\/evokaii.com\/pl\/wp-json\/wp\/v2\/product_cat?post=1271"},{"taxonomy":"product_tag","embeddable":true,"href":"https:\/\/evokaii.com\/pl\/wp-json\/wp\/v2\/product_tag?post=1271"}],"curies":[{"name":"wp","href":"https:\/\/api.w.org\/{rel}","templated":true}]}}