{"id":15426,"date":"2020-07-29T00:23:23","date_gmt":"2020-07-28T22:23:26","guid":{"rendered":"http:\/\/evokaii.com\/?post_type=product&#038;p=15426"},"modified":"2020-11-22T14:41:12","modified_gmt":"2020-11-22T12:41:12","slug":"kangoo-floress-oversized-hoodie","status":"publish","type":"product","link":"https:\/\/evokaii.com\/pl\/produkt\/kangoo-floress-oversized-hoodie\/","title":{"rendered":"Kangoo Hoodie &#8211; Floress"},"content":{"rendered":"<h3>Kangoo Hoodie &#8211; Floress<\/h3>\n<p>Bluza z kapturem o kroju oversizowym posiada oryginalny zadruk w tropikalne kwiaty. Lu\u017any kr\u00f3j mo\u017cna \u0142\u0105czy\u0107 ze wszystkim. Ta bluza z pewno\u015bci\u0105 zapewni Ci ciep\u0142o po treningu na pla\u017cy lub na snowboardzie.<\/p>\n","protected":false},"excerpt":{"rendered":"<p>\u2299 Bluza o lu\u017anym, oversizowym kroju<br \/>\n\u2299 Nadruk tropikalne kwiaty<br \/>\n\u2299 Du\u017ca kiesze\u0144 typu kangur<\/p>\n","protected":false},"featured_media":16133,"comment_status":"open","ping_status":"closed","template":"","meta":{"_acf_changed":false},"product_brand":[],"product_cat":[155,2721],"product_tag":[2507,2509,2511,849,2506,2510,2508,2496,2512],"class_list":{"0":"post-15426","1":"product","2":"type-product","3":"status-publish","4":"has-post-thumbnail","6":"product_cat-bluzy-damskie","7":"product_cat-bluzy-oversize","8":"product_tag-kangoo-pl","9":"product_tag-kitesurf-hoodie-pl","10":"product_tag-kitesurf-wear-pl","11":"product_tag-overprint-pl","12":"product_tag-oversized-pl","13":"product_tag-surf-apparel-pl","14":"product_tag-surf-hoodie-pl","15":"product_tag-surf-wear-pl","16":"product_tag-surfstyle-pl","18":"first","19":"outofstock","20":"shipping-taxable","21":"product-type-variable"},"acf":[],"_links":{"self":[{"href":"https:\/\/evokaii.com\/pl\/wp-json\/wp\/v2\/product\/15426","targetHints":{"allow":["GET"]}}],"collection":[{"href":"https:\/\/evokaii.com\/pl\/wp-json\/wp\/v2\/product"}],"about":[{"href":"https:\/\/evokaii.com\/pl\/wp-json\/wp\/v2\/types\/product"}],"replies":[{"embeddable":true,"href":"https:\/\/evokaii.com\/pl\/wp-json\/wp\/v2\/comments?post=15426"}],"wp:featuredmedia":[{"embeddable":true,"href":"https:\/\/evokaii.com\/pl\/wp-json\/wp\/v2\/media\/16133"}],"wp:attachment":[{"href":"https:\/\/evokaii.com\/pl\/wp-json\/wp\/v2\/media?parent=15426"}],"wp:term":[{"taxonomy":"product_brand","embeddable":true,"href":"https:\/\/evokaii.com\/pl\/wp-json\/wp\/v2\/product_brand?post=15426"},{"taxonomy":"product_cat","embeddable":true,"href":"https:\/\/evokaii.com\/pl\/wp-json\/wp\/v2\/product_cat?post=15426"},{"taxonomy":"product_tag","embeddable":true,"href":"https:\/\/evokaii.com\/pl\/wp-json\/wp\/v2\/product_tag?post=15426"}],"curies":[{"name":"wp","href":"https:\/\/api.w.org\/{rel}","templated":true}]}}