{"id":16040,"date":"2020-09-16T17:35:15","date_gmt":"2020-09-16T15:35:18","guid":{"rendered":"http:\/\/evokaii.com\/?post_type=product&#038;p=16040"},"modified":"2021-06-05T16:33:02","modified_gmt":"2021-06-05T14:33:02","slug":"kangoo-jasny-niebieski","status":"publish","type":"product","link":"https:\/\/evokaii.com\/pl\/produkt\/kangoo-jasny-niebieski\/","title":{"rendered":"Kangoo Hoodie &#8211; Jasny Niebieski"},"content":{"rendered":"<h3>Kangoo Hoodie &#8211; Jasny Niebieski<\/h3>\n<p>Bluza Kangoo to bluza o lu\u017anym kroju, pasuj\u0105c\u0105 do wi\u0119kszo\u015bci sylwetek. Du\u017cy kaptur chroni przed wiatrem i zimnem. Bluza doskonale sprawdzi si\u0119 na stoku czy latem na pla\u017cy. Wykonana jest z grubej dzianiny bawe\u0142nianej. Bluza ma du\u017c\u0105 naszyt\u0105 kiesze\u0144 z przodu oraz nadruk &#8220;feathers&#8221; na plecach.<\/p>\n","protected":false},"excerpt":{"rendered":"<p>\u2299 Bluza o kroju lu\u017anym, oversizowym<br \/>\n\u2299 &#8220;Feathers&#8221; Nadruk<br \/>\n\u2299 Du\u017ca kiesze\u0144 typu kangurka<\/p>\n","protected":false},"featured_media":16049,"comment_status":"open","ping_status":"closed","template":"","meta":{"_acf_changed":false},"product_brand":[],"product_cat":[155,2721],"product_tag":[2507,2506,2750],"class_list":{"0":"post-16040","1":"product","2":"type-product","3":"status-publish","4":"has-post-thumbnail","6":"product_cat-bluzy-damskie","7":"product_cat-bluzy-oversize","8":"product_tag-kangoo-pl","9":"product_tag-oversized-pl","10":"product_tag-oversized-hoodie-pl","12":"first","13":"outofstock","14":"shipping-taxable","15":"product-type-variable"},"acf":[],"_links":{"self":[{"href":"https:\/\/evokaii.com\/pl\/wp-json\/wp\/v2\/product\/16040","targetHints":{"allow":["GET"]}}],"collection":[{"href":"https:\/\/evokaii.com\/pl\/wp-json\/wp\/v2\/product"}],"about":[{"href":"https:\/\/evokaii.com\/pl\/wp-json\/wp\/v2\/types\/product"}],"replies":[{"embeddable":true,"href":"https:\/\/evokaii.com\/pl\/wp-json\/wp\/v2\/comments?post=16040"}],"wp:featuredmedia":[{"embeddable":true,"href":"https:\/\/evokaii.com\/pl\/wp-json\/wp\/v2\/media\/16049"}],"wp:attachment":[{"href":"https:\/\/evokaii.com\/pl\/wp-json\/wp\/v2\/media?parent=16040"}],"wp:term":[{"taxonomy":"product_brand","embeddable":true,"href":"https:\/\/evokaii.com\/pl\/wp-json\/wp\/v2\/product_brand?post=16040"},{"taxonomy":"product_cat","embeddable":true,"href":"https:\/\/evokaii.com\/pl\/wp-json\/wp\/v2\/product_cat?post=16040"},{"taxonomy":"product_tag","embeddable":true,"href":"https:\/\/evokaii.com\/pl\/wp-json\/wp\/v2\/product_tag?post=16040"}],"curies":[{"name":"wp","href":"https:\/\/api.w.org\/{rel}","templated":true}]}}