{"id":16207,"date":"2020-10-20T08:34:57","date_gmt":"2020-10-20T06:35:01","guid":{"rendered":"http:\/\/evokaii.com\/?post_type=product&#038;p=16207"},"modified":"2021-07-31T17:29:16","modified_gmt":"2021-07-31T15:29:16","slug":"bali-dress-after-midnight","status":"publish","type":"product","link":"https:\/\/evokaii.com\/pl\/produkt\/bali-dress-after-midnight\/","title":{"rendered":"Bali Dress &#8211; After Midnight"},"content":{"rendered":"<h3>Bali Dress &#8211; After Midnight<\/h3>\n<p>Sukienka z d\u0142ugim r\u0119kawem Bali wykonana jest z wysokogatunkowej, bardzo przyjemnej w dotyku bawe\u0142nie z dodatkiem elastanu.<br \/>Sukienka idealnie dopasowuje si\u0119 do wi\u0119kszo\u015bci sylwetek. Wyprodukowano w Polsce.<\/p>\n","protected":false},"excerpt":{"rendered":"<p>\u2299 Light Beach Dress<br \/>\n\u2299 Long Arms<br \/>\n\u2299 Draped Skirt<\/p>\n","protected":false},"featured_media":16221,"comment_status":"open","ping_status":"closed","template":"","meta":{"_acf_changed":false},"product_brand":[],"product_cat":[154],"product_tag":[2547,2546,2634,190],"class_list":{"0":"post-16207","1":"product","2":"type-product","3":"status-publish","4":"has-post-thumbnail","6":"product_cat-sukienki","7":"product_tag-bali-pl","8":"product_tag-beach-dress-pl","9":"product_tag-long-arm-dress-pl","10":"product_tag-sukienka","11":"product_shipping_class-small","13":"first","14":"instock","15":"shipping-taxable","16":"product-type-variable","17":"has-default-attributes"},"acf":[],"_links":{"self":[{"href":"https:\/\/evokaii.com\/pl\/wp-json\/wp\/v2\/product\/16207","targetHints":{"allow":["GET"]}}],"collection":[{"href":"https:\/\/evokaii.com\/pl\/wp-json\/wp\/v2\/product"}],"about":[{"href":"https:\/\/evokaii.com\/pl\/wp-json\/wp\/v2\/types\/product"}],"replies":[{"embeddable":true,"href":"https:\/\/evokaii.com\/pl\/wp-json\/wp\/v2\/comments?post=16207"}],"wp:featuredmedia":[{"embeddable":true,"href":"https:\/\/evokaii.com\/pl\/wp-json\/wp\/v2\/media\/16221"}],"wp:attachment":[{"href":"https:\/\/evokaii.com\/pl\/wp-json\/wp\/v2\/media?parent=16207"}],"wp:term":[{"taxonomy":"product_brand","embeddable":true,"href":"https:\/\/evokaii.com\/pl\/wp-json\/wp\/v2\/product_brand?post=16207"},{"taxonomy":"product_cat","embeddable":true,"href":"https:\/\/evokaii.com\/pl\/wp-json\/wp\/v2\/product_cat?post=16207"},{"taxonomy":"product_tag","embeddable":true,"href":"https:\/\/evokaii.com\/pl\/wp-json\/wp\/v2\/product_tag?post=16207"}],"curies":[{"name":"wp","href":"https:\/\/api.w.org\/{rel}","templated":true}]}}