{"id":16242,"date":"2020-10-20T11:44:18","date_gmt":"2020-10-20T09:44:21","guid":{"rendered":"http:\/\/evokaii.com\/?post_type=product&#038;p=16242"},"modified":"2020-12-04T11:55:56","modified_gmt":"2020-12-04T09:55:56","slug":"bali-dress-dawn","status":"publish","type":"product","link":"https:\/\/evokaii.com\/pl\/produkt\/bali-dress-dawn\/","title":{"rendered":"Bali Dress &#8211; Dawn"},"content":{"rendered":"<h3>Bali Dress &#8211; Dawn<\/h3>\n<p>Sukienka z d\u0142ugim r\u0119kawem Bali wykonana jest z wysokogatunkowej, bardzo przyjemnej w dotyku bawe\u0142nie z dodatkiem elastanu.<br \/>Sukienka idealnie dopasowuje si\u0119 do wi\u0119kszo\u015bci sylwetek. Wyprodukowano w Polsce.<\/p>\n","protected":false},"excerpt":{"rendered":"<p>\u2299 Light Beach Dress<br \/>\n\u2299 Long Arms<br \/>\n\u2299 Draped Skirt<\/p>\n","protected":false},"featured_media":16225,"comment_status":"open","ping_status":"closed","template":"","meta":{"_acf_changed":false},"product_brand":[],"product_cat":[154,2207],"product_tag":[2547,2546,2634,190],"class_list":{"0":"post-16242","1":"product","2":"type-product","3":"status-publish","4":"has-post-thumbnail","6":"product_cat-sukienki","7":"product_cat-wyprzedaz","8":"product_tag-bali-pl","9":"product_tag-beach-dress-pl","10":"product_tag-long-arm-dress-pl","11":"product_tag-sukienka","12":"product_shipping_class-small","14":"first","15":"instock","16":"sale","17":"shipping-taxable","18":"purchasable","19":"product-type-variable","20":"has-default-attributes"},"acf":[],"_links":{"self":[{"href":"https:\/\/evokaii.com\/pl\/wp-json\/wp\/v2\/product\/16242","targetHints":{"allow":["GET"]}}],"collection":[{"href":"https:\/\/evokaii.com\/pl\/wp-json\/wp\/v2\/product"}],"about":[{"href":"https:\/\/evokaii.com\/pl\/wp-json\/wp\/v2\/types\/product"}],"replies":[{"embeddable":true,"href":"https:\/\/evokaii.com\/pl\/wp-json\/wp\/v2\/comments?post=16242"}],"wp:featuredmedia":[{"embeddable":true,"href":"https:\/\/evokaii.com\/pl\/wp-json\/wp\/v2\/media\/16225"}],"wp:attachment":[{"href":"https:\/\/evokaii.com\/pl\/wp-json\/wp\/v2\/media?parent=16242"}],"wp:term":[{"taxonomy":"product_brand","embeddable":true,"href":"https:\/\/evokaii.com\/pl\/wp-json\/wp\/v2\/product_brand?post=16242"},{"taxonomy":"product_cat","embeddable":true,"href":"https:\/\/evokaii.com\/pl\/wp-json\/wp\/v2\/product_cat?post=16242"},{"taxonomy":"product_tag","embeddable":true,"href":"https:\/\/evokaii.com\/pl\/wp-json\/wp\/v2\/product_tag?post=16242"}],"curies":[{"name":"wp","href":"https:\/\/api.w.org\/{rel}","templated":true}]}}