{"id":16537,"date":"2020-11-20T10:00:58","date_gmt":"2020-11-20T08:00:59","guid":{"rendered":"http:\/\/evokaii.com\/?post_type=product&#038;p=16537"},"modified":"2024-04-01T00:00:18","modified_gmt":"2024-03-31T22:00:18","slug":"storm-keeper-indigo","status":"publish","type":"product","link":"https:\/\/evokaii.com\/pl\/produkt\/storm-keeper-indigo\/","title":{"rendered":"Storm Keeper &#8211; Indigo"},"content":{"rendered":"<h3>Beanie Hat &#8211; Indigo<\/h3>\n<p>Bardzo twarzowa czapka uni-sex. Nadaje si\u0119 idealnie dla doros\u0142ych jak r\u00f3wnie\u017c dla dzieci. Z przodu czapki naszyte jest logo marki Evokaii wykonane z eko sk\u00f3rki.<\/p>\n","protected":false},"excerpt":{"rendered":"<p>\u2299 Simple Design<br \/>\n\u2299 Coloured To Mix &amp; Match<br \/>\n\u2299 Keeping Your Head Clear &amp; Warm<\/p>\n","protected":false},"featured_media":16487,"comment_status":"open","ping_status":"closed","template":"","meta":{"_acf_changed":false},"product_brand":[],"product_cat":[2647,2207],"product_tag":[2645,2646,2649,2648],"class_list":{"0":"post-16537","1":"product","2":"type-product","3":"status-publish","4":"has-post-thumbnail","6":"product_cat-czapki","7":"product_cat-wyprzedaz","8":"product_tag-beanie-pl","9":"product_tag-hat-pl","10":"product_tag-kitesurf-beanie-pl","11":"product_tag-surf-beanie-pl","12":"pa_colour-pattern-anthracite-pl","14":"first","15":"instock","16":"shipping-taxable","17":"purchasable","18":"product-type-simple"},"acf":[],"_links":{"self":[{"href":"https:\/\/evokaii.com\/pl\/wp-json\/wp\/v2\/product\/16537","targetHints":{"allow":["GET"]}}],"collection":[{"href":"https:\/\/evokaii.com\/pl\/wp-json\/wp\/v2\/product"}],"about":[{"href":"https:\/\/evokaii.com\/pl\/wp-json\/wp\/v2\/types\/product"}],"replies":[{"embeddable":true,"href":"https:\/\/evokaii.com\/pl\/wp-json\/wp\/v2\/comments?post=16537"}],"wp:featuredmedia":[{"embeddable":true,"href":"https:\/\/evokaii.com\/pl\/wp-json\/wp\/v2\/media\/16487"}],"wp:attachment":[{"href":"https:\/\/evokaii.com\/pl\/wp-json\/wp\/v2\/media?parent=16537"}],"wp:term":[{"taxonomy":"product_brand","embeddable":true,"href":"https:\/\/evokaii.com\/pl\/wp-json\/wp\/v2\/product_brand?post=16537"},{"taxonomy":"product_cat","embeddable":true,"href":"https:\/\/evokaii.com\/pl\/wp-json\/wp\/v2\/product_cat?post=16537"},{"taxonomy":"product_tag","embeddable":true,"href":"https:\/\/evokaii.com\/pl\/wp-json\/wp\/v2\/product_tag?post=16537"}],"curies":[{"name":"wp","href":"https:\/\/api.w.org\/{rel}","templated":true}]}}