{"id":16557,"date":"2020-11-20T10:52:08","date_gmt":"2020-11-20T08:52:14","guid":{"rendered":"http:\/\/evokaii.com\/?post_type=product&#038;p=16557"},"modified":"2020-11-20T14:49:52","modified_gmt":"2020-11-20T12:49:52","slug":"candy-keeper-salmon","status":"publish","type":"product","link":"https:\/\/evokaii.com\/pl\/produkt\/candy-keeper-salmon\/","title":{"rendered":"Candy Keeper &#8211; Salmon"},"content":{"rendered":"<h3>Candy Keeper &#8211; Hat<\/h3>\n<p>Bardzo twarzowa czapka uni-sex. Nadaje si\u0119 idealnie dla doros\u0142ych jak r\u00f3wnie\u017c dla dzieci.<br \/>Z boku czapki naszyte jest logo marki Evokaii wykonane z eko sk\u00f3rki( mo\u017cna czapk\u0119 nosi\u0107 z logo na froncie) . Czapka ma delikatny wz\u00f3r a od \u015brodka obszyta jest ciep\u0142ym polarem. Idealnie sprawdzi si\u0119 w mro\u017ane dni.<\/p>\n","protected":false},"excerpt":{"rendered":"<p>\u2299 Simple Design<br \/>\n\u2299 Coloured To Mix &amp; Match<br \/>\n\u2299 Inside Ear-Embracing Polar<\/p>\n","protected":false},"featured_media":16496,"comment_status":"open","ping_status":"closed","template":"","meta":{"_acf_changed":false},"product_brand":[],"product_cat":[2647],"product_tag":[2645,2646,2649,177,2648],"class_list":{"0":"post-16557","1":"product","2":"type-product","3":"status-publish","4":"has-post-thumbnail","6":"product_cat-czapki","7":"product_tag-beanie-pl","8":"product_tag-hat-pl","9":"product_tag-kitesurf-beanie-pl","10":"product_tag-nowy","11":"product_tag-surf-beanie-pl","12":"pa_colour-pattern-anthracite-pl","13":"pa_colour-pattern-dark-rose-pl","14":"pa_colour-pattern-deep-ocean-pl","15":"pa_colour-pattern-indigo-pl","16":"pa_colour-pattern-mietowy","17":"pa_colour-pattern-salmon-pl","19":"first","20":"outofstock","21":"shipping-taxable","22":"purchasable","23":"product-type-simple"},"acf":[],"_links":{"self":[{"href":"https:\/\/evokaii.com\/pl\/wp-json\/wp\/v2\/product\/16557","targetHints":{"allow":["GET"]}}],"collection":[{"href":"https:\/\/evokaii.com\/pl\/wp-json\/wp\/v2\/product"}],"about":[{"href":"https:\/\/evokaii.com\/pl\/wp-json\/wp\/v2\/types\/product"}],"replies":[{"embeddable":true,"href":"https:\/\/evokaii.com\/pl\/wp-json\/wp\/v2\/comments?post=16557"}],"wp:featuredmedia":[{"embeddable":true,"href":"https:\/\/evokaii.com\/pl\/wp-json\/wp\/v2\/media\/16496"}],"wp:attachment":[{"href":"https:\/\/evokaii.com\/pl\/wp-json\/wp\/v2\/media?parent=16557"}],"wp:term":[{"taxonomy":"product_brand","embeddable":true,"href":"https:\/\/evokaii.com\/pl\/wp-json\/wp\/v2\/product_brand?post=16557"},{"taxonomy":"product_cat","embeddable":true,"href":"https:\/\/evokaii.com\/pl\/wp-json\/wp\/v2\/product_cat?post=16557"},{"taxonomy":"product_tag","embeddable":true,"href":"https:\/\/evokaii.com\/pl\/wp-json\/wp\/v2\/product_tag?post=16557"}],"curies":[{"name":"wp","href":"https:\/\/api.w.org\/{rel}","templated":true}]}}