{"id":17278,"date":"2021-09-03T16:34:45","date_gmt":"2021-09-03T14:34:45","guid":{"rendered":"http:\/\/evokaii.com\/product\/dluga-bluza-rozpinana-z-kapturem-candy-feathers-pink\/"},"modified":"2025-08-02T20:09:29","modified_gmt":"2025-08-02T18:09:29","slug":"dluga-bluza-rozpinana-z-kapturem-candy-feathers-pink","status":"publish","type":"product","link":"https:\/\/evokaii.com\/pl\/produkt\/dluga-bluza-rozpinana-z-kapturem-candy-feathers-pink\/","title":{"rendered":"D\u0142uga bluza rozpinana z kapturem Candy \u2013 Feathers Pink"},"content":{"rendered":"","protected":false},"excerpt":{"rendered":"<p>\u2299 Du\u017cy kaptur<br \/>\n\u2299 Extra d\u0142ugi projekt<br \/>\n\u2299 \u0141atwe zapi\u0119cie<\/p>\n<p>Bluza z kapturem Candy Feathers Pink to d\u0142uga bluza, kt\u00f3ra wykonana jest z dzianiny bawe\u0142nianej z oryginalnymi elementami nadruku w kolorowe pi\u00f3ra. Bardzo twarzowa bluza z suwakiem Ykk. Okr\u0105g\u0142e logo marki naszyte z przodu. D\u0142uga Bluza posiada otwory na kciuki, dzi\u0119ki czemu sprawdzi si\u0119 na jesienno- zimowe spacery. Do bluzy mo\u017cna dobra\u0107 spodnie, kt\u00f3re posiadaj\u0105 wyko\u0144czenia z elementami wzoru.<\/p>\n","protected":false},"featured_media":17273,"comment_status":"open","ping_status":"closed","template":"","meta":{"_acf_changed":false},"product_brand":[],"product_cat":[155,2694,2207],"product_tag":[],"class_list":{"0":"post-17278","1":"product","2":"type-product","3":"status-publish","4":"has-post-thumbnail","6":"product_cat-bluzy-damskie","7":"product_cat-dlugie-bluzy-z-kapturem","8":"product_cat-wyprzedaz","9":"pa_colour-pattern-rozowy","11":"first","12":"outofstock","13":"sale","14":"shipping-taxable","15":"purchasable","16":"product-type-variable"},"acf":[],"_links":{"self":[{"href":"https:\/\/evokaii.com\/pl\/wp-json\/wp\/v2\/product\/17278","targetHints":{"allow":["GET"]}}],"collection":[{"href":"https:\/\/evokaii.com\/pl\/wp-json\/wp\/v2\/product"}],"about":[{"href":"https:\/\/evokaii.com\/pl\/wp-json\/wp\/v2\/types\/product"}],"replies":[{"embeddable":true,"href":"https:\/\/evokaii.com\/pl\/wp-json\/wp\/v2\/comments?post=17278"}],"wp:featuredmedia":[{"embeddable":true,"href":"https:\/\/evokaii.com\/pl\/wp-json\/wp\/v2\/media\/17273"}],"wp:attachment":[{"href":"https:\/\/evokaii.com\/pl\/wp-json\/wp\/v2\/media?parent=17278"}],"wp:term":[{"taxonomy":"product_brand","embeddable":true,"href":"https:\/\/evokaii.com\/pl\/wp-json\/wp\/v2\/product_brand?post=17278"},{"taxonomy":"product_cat","embeddable":true,"href":"https:\/\/evokaii.com\/pl\/wp-json\/wp\/v2\/product_cat?post=17278"},{"taxonomy":"product_tag","embeddable":true,"href":"https:\/\/evokaii.com\/pl\/wp-json\/wp\/v2\/product_tag?post=17278"}],"curies":[{"name":"wp","href":"https:\/\/api.w.org\/{rel}","templated":true}]}}