{"id":17301,"date":"2021-09-03T18:22:08","date_gmt":"2021-09-03T16:22:08","guid":{"rendered":"http:\/\/evokaii.com\/product\/spodnie-welurowe-arctic\/"},"modified":"2025-07-12T19:49:28","modified_gmt":"2025-07-12T17:49:28","slug":"spodnie-welurowe-arctic","status":"publish","type":"product","link":"https:\/\/evokaii.com\/pl\/produkt\/spodnie-welurowe-arctic\/","title":{"rendered":"Spodnie welurowe &#8211; Arctic"},"content":{"rendered":"<h3>Velvet Pants &#8211; Arctic<\/h3>\n<p>Welurowe spodnie to must have tego sezonu. Wykonane s\u0105 z bardzo mi\u0142ej dzianiny bawe\u0142nianej 80% oraz domieszki 20% poliesteru. Kolor przepi\u0119knej arktycznej zieleni po\u0142\u0105czony zosta\u0142 z zadrukiem w egzotyczne li\u015bcie, kwiaty i ptaki( na wyko\u0144czeniu od \u015brodka). Spodnie mo\u017cna \u0142\u0105czy\u0107 z wieloma kolorami.<br \/>\nSpodnie s\u0105 na gumce a z przodu posiadaj\u0105 gruby sznurek bawe\u0142niany.<\/p>\n<p>Modelka na zdj\u0119ciu; 172cm, 69kg- nosi rozmiar M.<\/p>\n<p>Wyprodukowano w Polsce.<\/p>\n","protected":false},"excerpt":{"rendered":"<p>Velvet Pants &#8211; Arctic Welurowe spodnie to must have tego sezonu. Wykonane s\u0105 z bardzo mi\u0142ej dzianiny bawe\u0142nianej 80% oraz domieszki 20% poliesteru. Kolor przepi\u0119knej arktycznej zieleni po\u0142\u0105czony zosta\u0142 z zadrukiem w egzotyczne li\u015bcie, kwiaty i ptaki( na wyko\u0144czeniu od \u015brodka). Spodnie mo\u017cna \u0142\u0105czy\u0107 z wieloma kolorami. Spodnie s\u0105 na gumce a z przodu posiadaj\u0105 [&#8230;]\n","protected":false},"featured_media":17306,"comment_status":"open","ping_status":"closed","template":"","meta":{"_acf_changed":false},"product_brand":[],"product_cat":[1303,2207],"product_tag":[],"class_list":{"0":"post-17301","1":"product","2":"type-product","3":"status-publish","4":"has-post-thumbnail","6":"product_cat-spodnie","7":"product_cat-wyprzedaz","8":"pa_colour-pattern-zielony","10":"first","11":"instock","12":"shipping-taxable","13":"purchasable","14":"product-type-variable"},"acf":[],"_links":{"self":[{"href":"https:\/\/evokaii.com\/pl\/wp-json\/wp\/v2\/product\/17301","targetHints":{"allow":["GET"]}}],"collection":[{"href":"https:\/\/evokaii.com\/pl\/wp-json\/wp\/v2\/product"}],"about":[{"href":"https:\/\/evokaii.com\/pl\/wp-json\/wp\/v2\/types\/product"}],"replies":[{"embeddable":true,"href":"https:\/\/evokaii.com\/pl\/wp-json\/wp\/v2\/comments?post=17301"}],"wp:featuredmedia":[{"embeddable":true,"href":"https:\/\/evokaii.com\/pl\/wp-json\/wp\/v2\/media\/17306"}],"wp:attachment":[{"href":"https:\/\/evokaii.com\/pl\/wp-json\/wp\/v2\/media?parent=17301"}],"wp:term":[{"taxonomy":"product_brand","embeddable":true,"href":"https:\/\/evokaii.com\/pl\/wp-json\/wp\/v2\/product_brand?post=17301"},{"taxonomy":"product_cat","embeddable":true,"href":"https:\/\/evokaii.com\/pl\/wp-json\/wp\/v2\/product_cat?post=17301"},{"taxonomy":"product_tag","embeddable":true,"href":"https:\/\/evokaii.com\/pl\/wp-json\/wp\/v2\/product_tag?post=17301"}],"curies":[{"name":"wp","href":"https:\/\/api.w.org\/{rel}","templated":true}]}}