{"id":17324,"date":"2021-09-01T15:49:16","date_gmt":"2021-09-01T13:49:16","guid":{"rendered":"http:\/\/evokaii.com\/product\/spodnie-bawelniane-szare\/"},"modified":"2024-04-01T00:00:56","modified_gmt":"2024-03-31T22:00:56","slug":"spodnie-bawelniane-szare","status":"publish","type":"product","link":"https:\/\/evokaii.com\/pl\/produkt\/spodnie-bawelniane-szare\/","title":{"rendered":"Spodnie bawe\u0142niane &#8211; Szare"},"content":{"rendered":"<h3>Spodnie bawe\u0142niane &#8211; Szare<\/h3>\n<p>Nasze spodnie wykonane s\u0105 z bardzo mi\u0142ej dzianiny bawe\u0142nianej z niewielk\u0105 domieszk\u0105 elastanu, \u017ceby jeszcze lepiej pasowa\u0142y do Twojego cia\u0142a. Kolor jasnego melan\u017cu po\u0142\u0105czony zosta\u0142 z zadrukiem w egzotyczne kwiaty i czarn\u0105 panter\u0119( na wyko\u0144czeniu od \u015brodka), kt\u00f3ry po wywini\u0119ciu w d\u00f3\u0142 tworzy ozdobn\u0105 nogawk\u0119. Spodnie mo\u017cna \u0142\u0105czy\u0107 z wieloma kolorami.<\/p>\n<p>Modelka ma na sobie rozmiar M, wzrost 166cm.<\/p>\n<p>Wyprodukowano w Polsce.<\/p>\n","protected":false},"excerpt":{"rendered":"<div class=\"price-wrapper\">\n<p>\u2299 Super wygodne spodnie dresowe<br \/>\n\u2299 W \u015brodku egzotyczny print<br \/>\n\u2299 Mi\u0119kka bawe\u0142niana dzianina<\/p>\n<\/div>\n","protected":false},"featured_media":18401,"comment_status":"open","ping_status":"closed","template":"","meta":{"_acf_changed":false},"product_brand":[],"product_cat":[1303,2207],"product_tag":[2803,2525,2524,2497,2598,2599,2602],"class_list":{"0":"post-17324","1":"product","2":"type-product","3":"status-publish","4":"has-post-thumbnail","6":"product_cat-spodnie","7":"product_cat-wyprzedaz","8":"product_tag-bawelna","9":"product_tag-kitesurf-shop-pl","10":"product_tag-kitesurf-streetwear-pl","11":"product_tag-streetwear-pl","12":"product_tag-surf-clothing-pl","13":"product_tag-sweatpants-pl","14":"product_tag-womens-surf-clothing-pl","15":"pa_colour-pattern-szary","17":"first","18":"instock","19":"shipping-taxable","20":"purchasable","21":"product-type-variable"},"acf":[],"_links":{"self":[{"href":"https:\/\/evokaii.com\/pl\/wp-json\/wp\/v2\/product\/17324","targetHints":{"allow":["GET"]}}],"collection":[{"href":"https:\/\/evokaii.com\/pl\/wp-json\/wp\/v2\/product"}],"about":[{"href":"https:\/\/evokaii.com\/pl\/wp-json\/wp\/v2\/types\/product"}],"replies":[{"embeddable":true,"href":"https:\/\/evokaii.com\/pl\/wp-json\/wp\/v2\/comments?post=17324"}],"wp:featuredmedia":[{"embeddable":true,"href":"https:\/\/evokaii.com\/pl\/wp-json\/wp\/v2\/media\/18401"}],"wp:attachment":[{"href":"https:\/\/evokaii.com\/pl\/wp-json\/wp\/v2\/media?parent=17324"}],"wp:term":[{"taxonomy":"product_brand","embeddable":true,"href":"https:\/\/evokaii.com\/pl\/wp-json\/wp\/v2\/product_brand?post=17324"},{"taxonomy":"product_cat","embeddable":true,"href":"https:\/\/evokaii.com\/pl\/wp-json\/wp\/v2\/product_cat?post=17324"},{"taxonomy":"product_tag","embeddable":true,"href":"https:\/\/evokaii.com\/pl\/wp-json\/wp\/v2\/product_tag?post=17324"}],"curies":[{"name":"wp","href":"https:\/\/api.w.org\/{rel}","templated":true}]}}