{"id":17328,"date":"2021-09-03T12:03:41","date_gmt":"2021-09-03T10:03:41","guid":{"rendered":"http:\/\/evokaii.com\/product\/spodnie-bawelniane-mietowe\/"},"modified":"2024-06-24T19:51:21","modified_gmt":"2024-06-24T17:51:21","slug":"spodnie-bawelniane-mietowe","status":"publish","type":"product","link":"https:\/\/evokaii.com\/pl\/produkt\/spodnie-bawelniane-mietowe\/","title":{"rendered":"Spodnie bawe\u0142niane &#8211; Mi\u0119towe"},"content":{"rendered":"<h3>Spodnie bawe\u0142niane &#8211; Mi\u0119towe<\/h3>\n<p>Nasze spodnie wykonane s\u0105 z bardzo mi\u0142ej dzianiny bawe\u0142nianej z niewielk\u0105 domieszk\u0105 elastanu, \u017ceby jeszcze lepiej pasowa\u0142y do Twojego cia\u0142a. Mi\u0119towy kolor po\u0142\u0105czony zosta\u0142 z zadrukiem w egzotyczne kwiaty i li\u015bcie ( na wyko\u0144czeniu od \u015brodka), kt\u00f3ry po wywini\u0119ciu w d\u00f3\u0142 tworzy ozdobn\u0105 nogawk\u0119. Spodnie mo\u017cna \u0142\u0105czy\u0107 z wieloma kolorami.<\/p>\n<p>Modelka ma na sobie rozmiar M, wzrost 166cm.<\/p>\n<p>Wyprodukowano w Polsce.<\/p>\n","protected":false},"excerpt":{"rendered":"<p>\u2299 Super wygodne spodnie dresowe<br \/>\n\u2299 W \u015brodku egzotyczny print<br \/>\n\u2299 Mi\u0119kka bawe\u0142niana dzianina<\/p>\n","protected":false},"featured_media":18414,"comment_status":"open","ping_status":"closed","template":"","meta":{"_acf_changed":false},"product_brand":[],"product_cat":[1303,2207],"product_tag":[2803,2525,2524,2497,2598,2599,2602],"class_list":{"0":"post-17328","1":"product","2":"type-product","3":"status-publish","4":"has-post-thumbnail","6":"product_cat-spodnie","7":"product_cat-wyprzedaz","8":"product_tag-bawelna","9":"product_tag-kitesurf-shop-pl","10":"product_tag-kitesurf-streetwear-pl","11":"product_tag-streetwear-pl","12":"product_tag-surf-clothing-pl","13":"product_tag-sweatpants-pl","14":"product_tag-womens-surf-clothing-pl","15":"pa_colour-pattern-mietowy","17":"first","18":"instock","19":"shipping-taxable","20":"purchasable","21":"product-type-variable"},"acf":[],"_links":{"self":[{"href":"https:\/\/evokaii.com\/pl\/wp-json\/wp\/v2\/product\/17328","targetHints":{"allow":["GET"]}}],"collection":[{"href":"https:\/\/evokaii.com\/pl\/wp-json\/wp\/v2\/product"}],"about":[{"href":"https:\/\/evokaii.com\/pl\/wp-json\/wp\/v2\/types\/product"}],"replies":[{"embeddable":true,"href":"https:\/\/evokaii.com\/pl\/wp-json\/wp\/v2\/comments?post=17328"}],"wp:featuredmedia":[{"embeddable":true,"href":"https:\/\/evokaii.com\/pl\/wp-json\/wp\/v2\/media\/18414"}],"wp:attachment":[{"href":"https:\/\/evokaii.com\/pl\/wp-json\/wp\/v2\/media?parent=17328"}],"wp:term":[{"taxonomy":"product_brand","embeddable":true,"href":"https:\/\/evokaii.com\/pl\/wp-json\/wp\/v2\/product_brand?post=17328"},{"taxonomy":"product_cat","embeddable":true,"href":"https:\/\/evokaii.com\/pl\/wp-json\/wp\/v2\/product_cat?post=17328"},{"taxonomy":"product_tag","embeddable":true,"href":"https:\/\/evokaii.com\/pl\/wp-json\/wp\/v2\/product_tag?post=17328"}],"curies":[{"name":"wp","href":"https:\/\/api.w.org\/{rel}","templated":true}]}}