{"id":17349,"date":"2021-09-06T17:37:42","date_gmt":"2021-09-06T15:37:42","guid":{"rendered":"http:\/\/evokaii.com\/product\/krotka-kurtka-tourquise-delight\/"},"modified":"2021-09-06T18:14:55","modified_gmt":"2021-09-06T16:14:55","slug":"krotka-kurtka-tourquise-delight","status":"publish","type":"product","link":"https:\/\/evokaii.com\/pl\/produkt\/krotka-kurtka-tourquise-delight\/","title":{"rendered":"Kr\u00f3tka Kurtka na suwak &#8211; Tourquise Delight"},"content":{"rendered":"<p>Kr\u00f3tka kurtka na suwak uszyta jest z tkaniny poliestrowej z oryginalnymi elementami nadruku w egzotyczne li\u015bcie, kwiaty i ptaki. Od spodu kurtka ma g\u0142adk\u0105 podszewk\u0119, kt\u00f3ra mieni si\u0119 jak per\u0142a w odcieniu niebiesko zielonym. Kurtka ma 2 kieszenie z boku na suwak. Wszystkie suwaki w kurtce s\u0105 z renomowanej firmy Ykk. Wype\u0142nienie kurtki to 100% poliester, kt\u00f3ry idealnie ogrzewa w ch\u0142odne dni (kurtka nie ma naturalnego puchu). Modelka na zdj\u0119ciu ma 172cm i ma na sobie rozmiar L. Spos\u00f3b prania i prasowania: pra\u0107 chemicznie, nie stosowa\u0107 wybielacza, prasowa\u0107 w niskich temperaturach.<\/p>\n","protected":false},"excerpt":{"rendered":"<p>Kr\u00f3tka kurtka na suwak<\/p>\n","protected":false},"featured_media":18517,"comment_status":"open","ping_status":"closed","template":"","meta":{"_acf_changed":false},"product_brand":[],"product_cat":[2719,2207],"product_tag":[2530,2496,2602],"class_list":{"0":"post-17349","1":"product","2":"type-product","3":"status-publish","4":"has-post-thumbnail","6":"product_cat-kurtki","7":"product_cat-wyprzedaz","8":"product_tag-surf-girls-pl","9":"product_tag-surf-wear-pl","10":"product_tag-womens-surf-clothing-pl","11":"pa_colour-pattern-turkusowy","13":"first","14":"outofstock","15":"sale","16":"shipping-taxable","17":"purchasable","18":"product-type-variable"},"acf":[],"_links":{"self":[{"href":"https:\/\/evokaii.com\/pl\/wp-json\/wp\/v2\/product\/17349","targetHints":{"allow":["GET"]}}],"collection":[{"href":"https:\/\/evokaii.com\/pl\/wp-json\/wp\/v2\/product"}],"about":[{"href":"https:\/\/evokaii.com\/pl\/wp-json\/wp\/v2\/types\/product"}],"replies":[{"embeddable":true,"href":"https:\/\/evokaii.com\/pl\/wp-json\/wp\/v2\/comments?post=17349"}],"wp:featuredmedia":[{"embeddable":true,"href":"https:\/\/evokaii.com\/pl\/wp-json\/wp\/v2\/media\/18517"}],"wp:attachment":[{"href":"https:\/\/evokaii.com\/pl\/wp-json\/wp\/v2\/media?parent=17349"}],"wp:term":[{"taxonomy":"product_brand","embeddable":true,"href":"https:\/\/evokaii.com\/pl\/wp-json\/wp\/v2\/product_brand?post=17349"},{"taxonomy":"product_cat","embeddable":true,"href":"https:\/\/evokaii.com\/pl\/wp-json\/wp\/v2\/product_cat?post=17349"},{"taxonomy":"product_tag","embeddable":true,"href":"https:\/\/evokaii.com\/pl\/wp-json\/wp\/v2\/product_tag?post=17349"}],"curies":[{"name":"wp","href":"https:\/\/api.w.org\/{rel}","templated":true}]}}