{"id":17370,"date":"2021-09-06T17:52:11","date_gmt":"2021-09-06T15:52:11","guid":{"rendered":"http:\/\/evokaii.com\/product\/bluza-z-kapturem-oversize-mietowa\/"},"modified":"2021-09-06T17:52:11","modified_gmt":"2021-09-06T15:52:11","slug":"bluza-z-kapturem-oversize-mietowa","status":"publish","type":"product","link":"https:\/\/evokaii.com\/pl\/produkt\/bluza-z-kapturem-oversize-mietowa\/","title":{"rendered":"Bluza z kapturem Oversize &#8211; Mi\u0119towa"},"content":{"rendered":"<p>Bluza Kangoo ma oversizowy kr\u00f3j pasuj\u0105cy do wi\u0119kszo\u015bci sylwetek. Du\u017cy kaptur chroni przez zimnem. Bluza wykonana jest z bardzo ciep\u0142ej bawe\u0142nianej dzianiny z nadrukowanym tropikalnym kwiatem Aloha. Bluza wyst\u0119puje w 2 rozmiarach: dla ni\u017cszych Pa\u0144 S-M oraz dla wy\u017cszych M-L. Rozmiar M-L b\u0119dzie pasowa\u0142 r\u00f3wnie\u017c dla Pa\u0144 nosz\u0105cych wi\u0119ksze rozmiary jak Xl lub XXL.<\/p>\n","protected":false},"excerpt":{"rendered":"<p>Bluza typu oversize<\/p>\n","protected":false},"featured_media":17359,"comment_status":"open","ping_status":"closed","template":"","meta":{"_acf_changed":false},"product_brand":[],"product_cat":[2721],"product_tag":[2507,2506,2750,2497,2496],"class_list":{"0":"post-17370","1":"product","2":"type-product","3":"status-publish","4":"has-post-thumbnail","6":"product_cat-bluzy-oversize","7":"product_tag-kangoo-pl","8":"product_tag-oversized-pl","9":"product_tag-oversized-hoodie-pl","10":"product_tag-streetwear-pl","11":"product_tag-surf-wear-pl","12":"pa_colour-pattern-mietowy","14":"first","15":"outofstock","16":"shipping-taxable","17":"product-type-variable"},"acf":[],"_links":{"self":[{"href":"https:\/\/evokaii.com\/pl\/wp-json\/wp\/v2\/product\/17370","targetHints":{"allow":["GET"]}}],"collection":[{"href":"https:\/\/evokaii.com\/pl\/wp-json\/wp\/v2\/product"}],"about":[{"href":"https:\/\/evokaii.com\/pl\/wp-json\/wp\/v2\/types\/product"}],"replies":[{"embeddable":true,"href":"https:\/\/evokaii.com\/pl\/wp-json\/wp\/v2\/comments?post=17370"}],"wp:featuredmedia":[{"embeddable":true,"href":"https:\/\/evokaii.com\/pl\/wp-json\/wp\/v2\/media\/17359"}],"wp:attachment":[{"href":"https:\/\/evokaii.com\/pl\/wp-json\/wp\/v2\/media?parent=17370"}],"wp:term":[{"taxonomy":"product_brand","embeddable":true,"href":"https:\/\/evokaii.com\/pl\/wp-json\/wp\/v2\/product_brand?post=17370"},{"taxonomy":"product_cat","embeddable":true,"href":"https:\/\/evokaii.com\/pl\/wp-json\/wp\/v2\/product_cat?post=17370"},{"taxonomy":"product_tag","embeddable":true,"href":"https:\/\/evokaii.com\/pl\/wp-json\/wp\/v2\/product_tag?post=17370"}],"curies":[{"name":"wp","href":"https:\/\/api.w.org\/{rel}","templated":true}]}}