{"id":17482,"date":"2021-09-08T17:58:21","date_gmt":"2021-09-08T15:58:21","guid":{"rendered":"http:\/\/evokaii.com\/product\/spodnie-welurowe-szare\/"},"modified":"2024-12-12T23:00:53","modified_gmt":"2024-12-12T21:00:53","slug":"spodnie-welurowe-szare","status":"publish","type":"product","link":"https:\/\/evokaii.com\/pl\/produkt\/spodnie-welurowe-szare\/","title":{"rendered":"Spodnie welurowe &#8211; Szare"},"content":{"rendered":"<h3>Velvet Pants &#8211; Grey<\/h3>\n<p>Welurowe spodnie to must have tego sezonu. Wykonane s\u0105 z bardzo mi\u0142ej dzianiny bawe\u0142nianej 80% oraz domieszki 20% poliesteru. Spodnie s\u0105 kolorze przepi\u0119knego antracytu, kt\u00f3ry mieni si\u0119 z ka\u017cdym krokiem. Spodnie mo\u017cna \u0142\u0105czy\u0107 z wieloma kolorami.<br \/>\nSpodnie s\u0105 na gumce a z przodu posiadaj\u0105 gruby sznurek bawe\u0142niany.<\/p>\n<p>Modelka na zdj\u0119ciu; 166cm i wybra\u0142a lu\u017any rozmiar L.<\/p>\n<p>Wyprodukowano w Polsce.<\/p>\n","protected":false},"excerpt":{"rendered":"<p>Spodnie welurowe z dzianiny bawe\u0142nianej<\/p>\n","protected":false},"featured_media":19169,"comment_status":"open","ping_status":"closed","template":"","meta":{"_acf_changed":false},"product_brand":[],"product_cat":[1303,2207],"product_tag":[],"class_list":{"0":"post-17482","1":"product","2":"type-product","3":"status-publish","4":"has-post-thumbnail","6":"product_cat-spodnie","7":"product_cat-wyprzedaz","8":"pa_colour-pattern-szary","10":"first","11":"instock","12":"shipping-taxable","13":"purchasable","14":"product-type-variable"},"acf":[],"_links":{"self":[{"href":"https:\/\/evokaii.com\/pl\/wp-json\/wp\/v2\/product\/17482","targetHints":{"allow":["GET"]}}],"collection":[{"href":"https:\/\/evokaii.com\/pl\/wp-json\/wp\/v2\/product"}],"about":[{"href":"https:\/\/evokaii.com\/pl\/wp-json\/wp\/v2\/types\/product"}],"replies":[{"embeddable":true,"href":"https:\/\/evokaii.com\/pl\/wp-json\/wp\/v2\/comments?post=17482"}],"wp:featuredmedia":[{"embeddable":true,"href":"https:\/\/evokaii.com\/pl\/wp-json\/wp\/v2\/media\/19169"}],"wp:attachment":[{"href":"https:\/\/evokaii.com\/pl\/wp-json\/wp\/v2\/media?parent=17482"}],"wp:term":[{"taxonomy":"product_brand","embeddable":true,"href":"https:\/\/evokaii.com\/pl\/wp-json\/wp\/v2\/product_brand?post=17482"},{"taxonomy":"product_cat","embeddable":true,"href":"https:\/\/evokaii.com\/pl\/wp-json\/wp\/v2\/product_cat?post=17482"},{"taxonomy":"product_tag","embeddable":true,"href":"https:\/\/evokaii.com\/pl\/wp-json\/wp\/v2\/product_tag?post=17482"}],"curies":[{"name":"wp","href":"https:\/\/api.w.org\/{rel}","templated":true}]}}