{"id":17505,"date":"2021-09-08T18:12:41","date_gmt":"2021-09-08T16:12:41","guid":{"rendered":"http:\/\/evokaii.com\/product\/dziecieca-bluza-z-kapturem-na-suwak-candy-blue-feathers\/"},"modified":"2021-09-08T18:12:41","modified_gmt":"2021-09-08T16:12:41","slug":"dziecieca-bluza-z-kapturem-na-suwak-candy-blue-feathers","status":"publish","type":"product","link":"https:\/\/evokaii.com\/pl\/produkt\/dziecieca-bluza-z-kapturem-na-suwak-candy-blue-feathers\/","title":{"rendered":"Dzieci\u0119ca Bluza z kapturem na suwak Candy &#8211; Blue Feathers"},"content":{"rendered":"<p>Bluza Candy Hoodie Blue Feathers dla dzieci to bluza rozpinana. Wykonana jest z mi\u0142ej i ciep\u0142ej dzianiny o sk\u0142adzie 90% bawe\u0142na i 10% poliester z zadrukiem w egzotyczne, kolorowe pi\u00f3ra. Bluza ma du\u017cy kaptur pod kt\u00f3rym zmie\u015bci si\u0119 czapka podczas ch\u0142odniejszych dni oraz dziury na kciuk. Bluzy s\u0105 w 2 rozmiarach;128cm-140cm dla dzieci w wieku 6-8 lat oraz146cm-155cm dla dzieci w wieku 8-10 lat i wi\u0119cej.<\/p>\n","protected":false},"excerpt":{"rendered":"<p>Bluza na suwak dla dziecka<\/p>\n","protected":false},"featured_media":17509,"comment_status":"open","ping_status":"closed","template":"","meta":{"_acf_changed":false},"product_brand":[],"product_cat":[2503],"product_tag":[],"class_list":{"0":"post-17505","1":"product","2":"type-product","3":"status-publish","4":"has-post-thumbnail","6":"product_cat-dzieci","7":"pa_colour-pattern-niebieski","9":"first","10":"instock","11":"shipping-taxable","12":"product-type-variable"},"acf":[],"_links":{"self":[{"href":"https:\/\/evokaii.com\/pl\/wp-json\/wp\/v2\/product\/17505","targetHints":{"allow":["GET"]}}],"collection":[{"href":"https:\/\/evokaii.com\/pl\/wp-json\/wp\/v2\/product"}],"about":[{"href":"https:\/\/evokaii.com\/pl\/wp-json\/wp\/v2\/types\/product"}],"replies":[{"embeddable":true,"href":"https:\/\/evokaii.com\/pl\/wp-json\/wp\/v2\/comments?post=17505"}],"wp:featuredmedia":[{"embeddable":true,"href":"https:\/\/evokaii.com\/pl\/wp-json\/wp\/v2\/media\/17509"}],"wp:attachment":[{"href":"https:\/\/evokaii.com\/pl\/wp-json\/wp\/v2\/media?parent=17505"}],"wp:term":[{"taxonomy":"product_brand","embeddable":true,"href":"https:\/\/evokaii.com\/pl\/wp-json\/wp\/v2\/product_brand?post=17505"},{"taxonomy":"product_cat","embeddable":true,"href":"https:\/\/evokaii.com\/pl\/wp-json\/wp\/v2\/product_cat?post=17505"},{"taxonomy":"product_tag","embeddable":true,"href":"https:\/\/evokaii.com\/pl\/wp-json\/wp\/v2\/product_tag?post=17505"}],"curies":[{"name":"wp","href":"https:\/\/api.w.org\/{rel}","templated":true}]}}