{"id":17601,"date":"2021-10-25T01:55:13","date_gmt":"2021-10-24T23:55:13","guid":{"rendered":"http:\/\/evokaii.com\/product\/dusty-ping-longsleeve\/"},"modified":"2024-03-29T11:13:04","modified_gmt":"2024-03-29T09:13:04","slug":"dusty-ping-longsleeve","status":"publish","type":"product","link":"https:\/\/evokaii.com\/pl\/produkt\/dusty-ping-longsleeve\/","title":{"rendered":"Dusty Pink Longsleeve"},"content":{"rendered":"","protected":false},"excerpt":{"rendered":"<p>Bluzka z d\u0142ugim r\u0119kawem wykonana jest z mi\u0142ej, lej\u0105cej dzianiny o sk\u0142adzie 94% wiskoza i 6% elastan. Bluzka ma wyko\u0144czenie p\u00f3\u0142okr\u0105g\u0142e na dole, kt\u00f3re pasuje do spodni jak i sp\u00f3dnicy. Wyprodukowano w Polsce.<\/p>\n","protected":false},"featured_media":17598,"comment_status":"open","ping_status":"closed","template":"","meta":{"_acf_changed":false},"product_brand":[],"product_cat":[2735,2207],"product_tag":[],"class_list":{"0":"post-17601","1":"product","2":"type-product","3":"status-publish","4":"has-post-thumbnail","6":"product_cat-bluzki-z-dlugim-rekawem","7":"product_cat-wyprzedaz","9":"first","10":"instock","11":"sale","12":"shipping-taxable","13":"purchasable","14":"product-type-variable"},"acf":[],"_links":{"self":[{"href":"https:\/\/evokaii.com\/pl\/wp-json\/wp\/v2\/product\/17601","targetHints":{"allow":["GET"]}}],"collection":[{"href":"https:\/\/evokaii.com\/pl\/wp-json\/wp\/v2\/product"}],"about":[{"href":"https:\/\/evokaii.com\/pl\/wp-json\/wp\/v2\/types\/product"}],"replies":[{"embeddable":true,"href":"https:\/\/evokaii.com\/pl\/wp-json\/wp\/v2\/comments?post=17601"}],"wp:featuredmedia":[{"embeddable":true,"href":"https:\/\/evokaii.com\/pl\/wp-json\/wp\/v2\/media\/17598"}],"wp:attachment":[{"href":"https:\/\/evokaii.com\/pl\/wp-json\/wp\/v2\/media?parent=17601"}],"wp:term":[{"taxonomy":"product_brand","embeddable":true,"href":"https:\/\/evokaii.com\/pl\/wp-json\/wp\/v2\/product_brand?post=17601"},{"taxonomy":"product_cat","embeddable":true,"href":"https:\/\/evokaii.com\/pl\/wp-json\/wp\/v2\/product_cat?post=17601"},{"taxonomy":"product_tag","embeddable":true,"href":"https:\/\/evokaii.com\/pl\/wp-json\/wp\/v2\/product_tag?post=17601"}],"curies":[{"name":"wp","href":"https:\/\/api.w.org\/{rel}","templated":true}]}}