{"id":17605,"date":"2021-10-25T01:52:10","date_gmt":"2021-10-24T23:52:10","guid":{"rendered":"http:\/\/evokaii.com\/product\/zebra-longsleeve\/"},"modified":"2021-10-25T01:52:10","modified_gmt":"2021-10-24T23:52:10","slug":"zebra-longsleeve","status":"publish","type":"product","link":"https:\/\/evokaii.com\/pl\/produkt\/zebra-longsleeve\/","title":{"rendered":"Zebra longsleeve"},"content":{"rendered":"","protected":false},"excerpt":{"rendered":"<p>Bluzka z d\u0142ugim r\u0119kawem z kieszonk\u0105 wykonana jest z mi\u0142ej dzianiny o sk\u0142adzie 67% bawe\u0142na, 30% poliester i 3% elastan. Bluzka ma unikalny wz\u00f3r z zebr\u0119, kt\u00f3ra pasuje do spodni jak i sp\u00f3dnicy. Wyprodukowano w Polsce.<\/p>\n","protected":false},"featured_media":17584,"comment_status":"open","ping_status":"closed","template":"","meta":{"_acf_changed":false},"product_brand":[],"product_cat":[2735],"product_tag":[],"class_list":{"0":"post-17605","1":"product","2":"type-product","3":"status-publish","4":"has-post-thumbnail","6":"product_cat-bluzki-z-dlugim-rekawem","8":"first","9":"outofstock","10":"shipping-taxable","11":"purchasable","12":"product-type-variable"},"acf":[],"_links":{"self":[{"href":"https:\/\/evokaii.com\/pl\/wp-json\/wp\/v2\/product\/17605","targetHints":{"allow":["GET"]}}],"collection":[{"href":"https:\/\/evokaii.com\/pl\/wp-json\/wp\/v2\/product"}],"about":[{"href":"https:\/\/evokaii.com\/pl\/wp-json\/wp\/v2\/types\/product"}],"replies":[{"embeddable":true,"href":"https:\/\/evokaii.com\/pl\/wp-json\/wp\/v2\/comments?post=17605"}],"wp:featuredmedia":[{"embeddable":true,"href":"https:\/\/evokaii.com\/pl\/wp-json\/wp\/v2\/media\/17584"}],"wp:attachment":[{"href":"https:\/\/evokaii.com\/pl\/wp-json\/wp\/v2\/media?parent=17605"}],"wp:term":[{"taxonomy":"product_brand","embeddable":true,"href":"https:\/\/evokaii.com\/pl\/wp-json\/wp\/v2\/product_brand?post=17605"},{"taxonomy":"product_cat","embeddable":true,"href":"https:\/\/evokaii.com\/pl\/wp-json\/wp\/v2\/product_cat?post=17605"},{"taxonomy":"product_tag","embeddable":true,"href":"https:\/\/evokaii.com\/pl\/wp-json\/wp\/v2\/product_tag?post=17605"}],"curies":[{"name":"wp","href":"https:\/\/api.w.org\/{rel}","templated":true}]}}