{"id":17609,"date":"2021-10-25T01:48:49","date_gmt":"2021-10-24T23:48:49","guid":{"rendered":"http:\/\/evokaii.com\/product\/panter-longsleeve\/"},"modified":"2022-11-21T14:50:12","modified_gmt":"2022-11-21T12:50:12","slug":"panter-longsleeve","status":"publish","type":"product","link":"https:\/\/evokaii.com\/pl\/produkt\/panter-longsleeve\/","title":{"rendered":"Panter Longsleeve"},"content":{"rendered":"","protected":false},"excerpt":{"rendered":"<p>Bluzka z d\u0142ugim r\u0119kawem wykonana jest z mi\u0142ej dzianiny o sk\u0142adzie 86% bawe\u0142na, 8% poliester i 6% elastan. Bluzka ma unikalny wz\u00f3r z panter\u0119, kt\u00f3ra pasuje do spodni jak i sp\u00f3dnicy. Bluzka na wyko\u0144czeniach posiada neonow\u0105 zielon\u0105 nitk\u0119. Wyprodukowano w Polsce.<\/p>\n","protected":false},"featured_media":17575,"comment_status":"open","ping_status":"closed","template":"","meta":{"_acf_changed":false},"product_brand":[],"product_cat":[2735,2207],"product_tag":[],"class_list":{"0":"post-17609","1":"product","2":"type-product","3":"status-publish","4":"has-post-thumbnail","6":"product_cat-bluzki-z-dlugim-rekawem","7":"product_cat-wyprzedaz","9":"first","10":"instock","11":"sale","12":"shipping-taxable","13":"purchasable","14":"product-type-variable"},"acf":[],"_links":{"self":[{"href":"https:\/\/evokaii.com\/pl\/wp-json\/wp\/v2\/product\/17609","targetHints":{"allow":["GET"]}}],"collection":[{"href":"https:\/\/evokaii.com\/pl\/wp-json\/wp\/v2\/product"}],"about":[{"href":"https:\/\/evokaii.com\/pl\/wp-json\/wp\/v2\/types\/product"}],"replies":[{"embeddable":true,"href":"https:\/\/evokaii.com\/pl\/wp-json\/wp\/v2\/comments?post=17609"}],"wp:featuredmedia":[{"embeddable":true,"href":"https:\/\/evokaii.com\/pl\/wp-json\/wp\/v2\/media\/17575"}],"wp:attachment":[{"href":"https:\/\/evokaii.com\/pl\/wp-json\/wp\/v2\/media?parent=17609"}],"wp:term":[{"taxonomy":"product_brand","embeddable":true,"href":"https:\/\/evokaii.com\/pl\/wp-json\/wp\/v2\/product_brand?post=17609"},{"taxonomy":"product_cat","embeddable":true,"href":"https:\/\/evokaii.com\/pl\/wp-json\/wp\/v2\/product_cat?post=17609"},{"taxonomy":"product_tag","embeddable":true,"href":"https:\/\/evokaii.com\/pl\/wp-json\/wp\/v2\/product_tag?post=17609"}],"curies":[{"name":"wp","href":"https:\/\/api.w.org\/{rel}","templated":true}]}}