{"id":17620,"date":"2021-10-25T02:09:09","date_gmt":"2021-10-25T00:09:09","guid":{"rendered":"http:\/\/evokaii.com\/product\/wild-flowers-coat\/"},"modified":"2021-10-25T02:09:09","modified_gmt":"2021-10-25T00:09:09","slug":"wild-flowers-coat","status":"publish","type":"product","link":"https:\/\/evokaii.com\/pl\/produkt\/wild-flowers-coat\/","title":{"rendered":"Wild flowers coat"},"content":{"rendered":"","protected":false},"excerpt":{"rendered":"<p>Ciep\u0142y Bluzo- p\u0142aszcz z dzianiny zapinany na ramieniu w unikalny wz\u00f3r \u201eWild flower\u201d. P\u0142aszcz posiada 2 kieszenie oraz nap\u0119 na ramieniu. Wykonany jest z ciep\u0142ej i mi\u0142ej w dotyku dzianiny bawe\u0142nianej o sk\u0142adzie 90% bawe\u0142na 10% poliester. Wyst\u0119puje w 2 rozmiarach S-M oraz M-L. Dla os\u00f3b ni\u017cszych i nosz\u0105cych rozmiary S,M polecamy wybra\u0107 rozmiar S-M. Dla os\u00f3b wy\u017cszych w rozmiarach L, Xl polecamy rozmiar M-L.<\/p>\n","protected":false},"featured_media":17617,"comment_status":"open","ping_status":"closed","template":"","meta":{"_acf_changed":false},"product_brand":[],"product_cat":[153],"product_tag":[],"class_list":{"0":"post-17620","1":"product","2":"type-product","3":"status-publish","4":"has-post-thumbnail","6":"product_cat-plaszcze","8":"first","9":"outofstock","10":"shipping-taxable","11":"purchasable","12":"product-type-variable"},"acf":[],"_links":{"self":[{"href":"https:\/\/evokaii.com\/pl\/wp-json\/wp\/v2\/product\/17620","targetHints":{"allow":["GET"]}}],"collection":[{"href":"https:\/\/evokaii.com\/pl\/wp-json\/wp\/v2\/product"}],"about":[{"href":"https:\/\/evokaii.com\/pl\/wp-json\/wp\/v2\/types\/product"}],"replies":[{"embeddable":true,"href":"https:\/\/evokaii.com\/pl\/wp-json\/wp\/v2\/comments?post=17620"}],"wp:featuredmedia":[{"embeddable":true,"href":"https:\/\/evokaii.com\/pl\/wp-json\/wp\/v2\/media\/17617"}],"wp:attachment":[{"href":"https:\/\/evokaii.com\/pl\/wp-json\/wp\/v2\/media?parent=17620"}],"wp:term":[{"taxonomy":"product_brand","embeddable":true,"href":"https:\/\/evokaii.com\/pl\/wp-json\/wp\/v2\/product_brand?post=17620"},{"taxonomy":"product_cat","embeddable":true,"href":"https:\/\/evokaii.com\/pl\/wp-json\/wp\/v2\/product_cat?post=17620"},{"taxonomy":"product_tag","embeddable":true,"href":"https:\/\/evokaii.com\/pl\/wp-json\/wp\/v2\/product_tag?post=17620"}],"curies":[{"name":"wp","href":"https:\/\/api.w.org\/{rel}","templated":true}]}}