{"id":17936,"date":"2022-09-13T23:39:15","date_gmt":"2022-09-13T21:39:16","guid":{"rendered":"http:\/\/evokaii.com\/?post_type=product&#038;p=17936"},"modified":"2024-08-11T16:59:52","modified_gmt":"2024-08-11T14:59:52","slug":"aloha-short-coat-light-pink","status":"publish","type":"product","link":"https:\/\/evokaii.com\/pl\/produkt\/aloha-short-coat-light-pink\/","title":{"rendered":"Aloha Short Coat Light Pink"},"content":{"rendered":"<h3>Aloha Short Coat Light Pink<\/h3>\n<p>Bluzo-p\u0142aszcz wykonany z grubej dzianiny bawe\u0142nianej, zapinany na nap\u0119 na ramieniu. Du\u017cy kaptur chroni przez zimnem. Bluza wykonana jest z bardzo ciep\u0142ej bawe\u0142nianej dzianiny z nadrukowan\u0105, autorsk\u0105 grafik\u0105 na plecach. <span style=\"color: #555555; font-size: 14.4px;\">\u015awietny do \u0142\u0105czenia z sukienkami, sp\u00f3dnicami i innymi ubraniami. Idealny wyb\u00f3r, je\u015bli nie jeste\u015b pewna, czy powinna\u015b<\/span><span class=\"Apple-converted-space\" style=\"color: #555555; font-size: 14.4px;\">\u00a0 <\/span><span style=\"color: #555555; font-size: 14.4px;\">zabra\u0107 ze sob\u0105 kurtk\u0119 lub sweter.<\/span><\/p>\n<p>Sk\u0142ad dzianiny :90% bawe\u0142na 10%poliester z efektem &#8221;sk\u00f3rki brzoskwini&#8221; w dotyku.<\/p>\n<p>Bluza wyst\u0119puje w 2 rozmiarach; dla ni\u017cszych Pa\u0144 S-M oraz dla wy\u017cszych M-L. Modelka ma na sobie rozmiar S-M przy wzro\u015bcie 166cm.<\/p>\n<p>Wyprodukowano w Polsce<\/p>\n<p><span style=\"color: #555555; font-size: 14.4px;\">\u00a0<\/span><\/p>\n","protected":false},"excerpt":{"rendered":"<p>\u2299 Wewn\u0105trz mi\u0119kka, szczotkowana bawe\u0142na<br \/>\n\u2299 Idealny p\u0142aszcz przej\u015bciowy<br \/>\n\u2299 Multi Style<br \/>\n\u2299 Zapinany na guziki<\/p>\n","protected":false},"featured_media":17942,"comment_status":"open","ping_status":"closed","template":"","meta":{"_acf_changed":false},"product_brand":[],"product_cat":[153,2207],"product_tag":[2803,181,2815,2818,196],"class_list":{"0":"post-17936","1":"product","2":"type-product","3":"status-publish","4":"has-post-thumbnail","6":"product_cat-plaszcze","7":"product_cat-wyprzedaz","8":"product_tag-bawelna","9":"product_tag-bluzy","10":"product_tag-komfort","11":"product_tag-plaszcz","12":"product_tag-plaszcze","13":"product_shipping_class-medium","14":"pa_colour-pattern-fioletowy","15":"pa_colour-pattern-jasny-rozowy","16":"pa_colour-pattern-ocean-pl","18":"first","19":"instock","20":"shipping-taxable","21":"purchasable","22":"product-type-variable","23":"has-default-attributes"},"acf":[],"_links":{"self":[{"href":"https:\/\/evokaii.com\/pl\/wp-json\/wp\/v2\/product\/17936","targetHints":{"allow":["GET"]}}],"collection":[{"href":"https:\/\/evokaii.com\/pl\/wp-json\/wp\/v2\/product"}],"about":[{"href":"https:\/\/evokaii.com\/pl\/wp-json\/wp\/v2\/types\/product"}],"replies":[{"embeddable":true,"href":"https:\/\/evokaii.com\/pl\/wp-json\/wp\/v2\/comments?post=17936"}],"wp:featuredmedia":[{"embeddable":true,"href":"https:\/\/evokaii.com\/pl\/wp-json\/wp\/v2\/media\/17942"}],"wp:attachment":[{"href":"https:\/\/evokaii.com\/pl\/wp-json\/wp\/v2\/media?parent=17936"}],"wp:term":[{"taxonomy":"product_brand","embeddable":true,"href":"https:\/\/evokaii.com\/pl\/wp-json\/wp\/v2\/product_brand?post=17936"},{"taxonomy":"product_cat","embeddable":true,"href":"https:\/\/evokaii.com\/pl\/wp-json\/wp\/v2\/product_cat?post=17936"},{"taxonomy":"product_tag","embeddable":true,"href":"https:\/\/evokaii.com\/pl\/wp-json\/wp\/v2\/product_tag?post=17936"}],"curies":[{"name":"wp","href":"https:\/\/api.w.org\/{rel}","templated":true}]}}