{"id":17948,"date":"2022-09-13T23:50:13","date_gmt":"2022-09-13T21:50:13","guid":{"rendered":"http:\/\/evokaii.com\/?post_type=product&#038;p=17948"},"modified":"2024-04-01T00:00:38","modified_gmt":"2024-03-31T22:00:38","slug":"aloha-short-coat-cats","status":"publish","type":"product","link":"https:\/\/evokaii.com\/pl\/produkt\/aloha-short-coat-cats\/","title":{"rendered":"Aloha Short Coat Cats"},"content":{"rendered":"<h3>Aloha Short Coat Cats<\/h3>\n<p>P\u0142aszcz wykonany z grubej dzianiny bawe\u0142nianej, zapinany na nap\u0119 na ramieniu. Du\u017cy kaptur. Idealnie pasuje do spodni oraz sukienek.<\/p>\n<p>Dost\u0119pne 2 rozmiary p\u0142aszcza : S-M oraz M-L<\/p>\n<p>Modelka nosi rozmiar S-M, wzrost 166cm.<\/p>\n<p>Wyprodukowano w Polsce.<\/p>\n<p><span style=\"color: #555555; font-size: 14.4px;\">\u00a0<\/span><\/p>\n","protected":false},"excerpt":{"rendered":"<p>\u2299 Wewn\u0105trz mi\u0119kka, szczotkowana bawe\u0142na<br \/>\n\u2299 Idealny p\u0142aszcz przej\u015bciowy<br \/>\n\u2299 Multi Style<br \/>\n\u2299 Zapinany na guziki<\/p>\n","protected":false},"featured_media":17958,"comment_status":"open","ping_status":"closed","template":"","meta":{"_acf_changed":false},"product_brand":[],"product_cat":[153,2207],"product_tag":[2803,181,2815,2820,2818,196],"class_list":{"0":"post-17948","1":"product","2":"type-product","3":"status-publish","4":"has-post-thumbnail","6":"product_cat-plaszcze","7":"product_cat-wyprzedaz","8":"product_tag-bawelna","9":"product_tag-bluzy","10":"product_tag-komfort","11":"product_tag-liscie","12":"product_tag-plaszcz","13":"product_tag-plaszcze","14":"product_shipping_class-medium","15":"pa_colour-pattern-fioletowy","16":"pa_colour-pattern-ocean-pl","17":"pa_colour-pattern-rozowy","19":"first","20":"instock","21":"shipping-taxable","22":"product-type-variable","23":"has-default-attributes"},"acf":[],"_links":{"self":[{"href":"https:\/\/evokaii.com\/pl\/wp-json\/wp\/v2\/product\/17948","targetHints":{"allow":["GET"]}}],"collection":[{"href":"https:\/\/evokaii.com\/pl\/wp-json\/wp\/v2\/product"}],"about":[{"href":"https:\/\/evokaii.com\/pl\/wp-json\/wp\/v2\/types\/product"}],"replies":[{"embeddable":true,"href":"https:\/\/evokaii.com\/pl\/wp-json\/wp\/v2\/comments?post=17948"}],"wp:featuredmedia":[{"embeddable":true,"href":"https:\/\/evokaii.com\/pl\/wp-json\/wp\/v2\/media\/17958"}],"wp:attachment":[{"href":"https:\/\/evokaii.com\/pl\/wp-json\/wp\/v2\/media?parent=17948"}],"wp:term":[{"taxonomy":"product_brand","embeddable":true,"href":"https:\/\/evokaii.com\/pl\/wp-json\/wp\/v2\/product_brand?post=17948"},{"taxonomy":"product_cat","embeddable":true,"href":"https:\/\/evokaii.com\/pl\/wp-json\/wp\/v2\/product_cat?post=17948"},{"taxonomy":"product_tag","embeddable":true,"href":"https:\/\/evokaii.com\/pl\/wp-json\/wp\/v2\/product_tag?post=17948"}],"curies":[{"name":"wp","href":"https:\/\/api.w.org\/{rel}","templated":true}]}}