{"id":18007,"date":"2022-09-15T23:31:00","date_gmt":"2022-09-15T21:31:00","guid":{"rendered":"http:\/\/evokaii.com\/?post_type=product&#038;p=18007"},"modified":"2022-09-19T20:59:22","modified_gmt":"2022-09-19T18:59:22","slug":"oversized-kangoo-hoodie-pink","status":"publish","type":"product","link":"https:\/\/evokaii.com\/pl\/produkt\/oversized-kangoo-hoodie-pink\/","title":{"rendered":"Oversized Kangoo Hoodie Pink"},"content":{"rendered":"<h3>Oversized Kngoo Hoodie Pink<\/h3>\n<p>Bluza Kangoo ma oversizowy kr\u00f3j pasuj\u0105cy do wi\u0119kszo\u015bci sylwetek. Du\u017cy kaptur chroni przez zimnem. Bluza wykonana jest z bardzo ciep\u0142ej bawe\u0142nianej dzianiny z nadrukowan\u0105, surfersk\u0105, autorsk\u0105 grafik\u0105 na plecach.<\/p>\n<p>Bluza wykonana jest z dzianiny 90% bawe\u0142na 10% poliester z efektem &#8221;sk\u00f3rki brzoskwini&#8221; w dotyku.<\/p>\n<p>Bluza wyst\u0119puje w 3 rozmiarach; dla ni\u017cszych Pa\u0144 S-M oraz dla wy\u017cszych M-L i L-XL. Rozmiar L-XL b\u0119dzie pasowa\u0142 r\u00f3wnie\u017c dla Pa\u0144 nosz\u0105cych wi\u0119ksze rozmiary np. XXL.<\/p>\n<p>Modelka ma na sobie rozmiar S-M przy wzro\u015bcie 166cm.<\/p>\n<p>Wyprodukowano w Polsce.<\/p>\n","protected":false},"excerpt":{"rendered":"<p>\u2299 Bluza o kroju lu\u017anym, oversizowym<br \/>\n\u2299 Surferski Nadruk<br \/>\n\u2299 Du\u017ca kiesze\u0144 typu kangurka<\/p>\n","protected":false},"featured_media":18015,"comment_status":"open","ping_status":"closed","template":"","meta":{"_acf_changed":false},"product_brand":[],"product_cat":[155,2721,1101],"product_tag":[181,2507,2506,1322],"class_list":{"0":"post-18007","1":"product","2":"type-product","3":"status-publish","4":"has-post-thumbnail","6":"product_cat-bluzy-damskie","7":"product_cat-bluzy-oversize","8":"product_cat-nowosci","9":"product_tag-bluzy","10":"product_tag-kangoo-pl","11":"product_tag-oversized-pl","12":"product_tag-rozowy","13":"pa_colour-pattern-rozowy","15":"first","16":"instock","17":"shipping-taxable","18":"product-type-variable"},"acf":[],"_links":{"self":[{"href":"https:\/\/evokaii.com\/pl\/wp-json\/wp\/v2\/product\/18007","targetHints":{"allow":["GET"]}}],"collection":[{"href":"https:\/\/evokaii.com\/pl\/wp-json\/wp\/v2\/product"}],"about":[{"href":"https:\/\/evokaii.com\/pl\/wp-json\/wp\/v2\/types\/product"}],"replies":[{"embeddable":true,"href":"https:\/\/evokaii.com\/pl\/wp-json\/wp\/v2\/comments?post=18007"}],"wp:featuredmedia":[{"embeddable":true,"href":"https:\/\/evokaii.com\/pl\/wp-json\/wp\/v2\/media\/18015"}],"wp:attachment":[{"href":"https:\/\/evokaii.com\/pl\/wp-json\/wp\/v2\/media?parent=18007"}],"wp:term":[{"taxonomy":"product_brand","embeddable":true,"href":"https:\/\/evokaii.com\/pl\/wp-json\/wp\/v2\/product_brand?post=18007"},{"taxonomy":"product_cat","embeddable":true,"href":"https:\/\/evokaii.com\/pl\/wp-json\/wp\/v2\/product_cat?post=18007"},{"taxonomy":"product_tag","embeddable":true,"href":"https:\/\/evokaii.com\/pl\/wp-json\/wp\/v2\/product_tag?post=18007"}],"curies":[{"name":"wp","href":"https:\/\/api.w.org\/{rel}","templated":true}]}}