{"id":18066,"date":"2022-09-19T22:08:31","date_gmt":"2022-09-19T20:08:32","guid":{"rendered":"http:\/\/evokaii.com\/?post_type=product&#038;p=18066"},"modified":"2024-04-01T00:00:48","modified_gmt":"2024-03-31T22:00:48","slug":"candy-long-hoodie-black-white-zebra","status":"publish","type":"product","link":"https:\/\/evokaii.com\/pl\/produkt\/candy-long-hoodie-black-white-zebra\/","title":{"rendered":"Candy Long Hoodie &#8211; Black &#038; White Zebra"},"content":{"rendered":"<h3>Candy Long Hoodie &#8211; Black &amp; White Zebra<\/h3>\n<p>Bluza Candy long black &amp; white zebra to bluza o d\u0142ugim kroju, kt\u00f3ra wykonana jest z dzianiny bawe\u0142nianej w oryginalnym nadruku w zebr\u0119 z elementami panterki. Idealna dla wszystkich, kt\u00f3ry uwielbiaj\u0105 du\u017ce kaptury. Bardzo twarzowa bluza z naszyt\u0105 kieszeni\u0105 typu kangur.<\/p>\n<p>Bluza posiada otwory na kciuki, dzi\u0119ki czemu sprawdzi si\u0119 te\u017c na jesienno-zimowe spacery. Do bluzy pasuj\u0105 spodnie niebieskie, chabrowe, szare.<\/p>\n<p>Na zdj\u0119ciach prezentowane s\u0105 spodnie niebieskie bawe\u0142niane.<\/p>\n<p>Sk\u0142ad : 90% bawe\u0142na 10% poliester<\/p>\n<p>Modelka ma na sobie rozmiar M, wzrost 166cm.<\/p>\n","protected":false},"excerpt":{"rendered":"<p>\u2299 Big Hood &amp; Modern Pulls<br \/>\n\u2299 Black &amp; White Zebra<br \/>\n\u2299 Kangoo Pocket<\/p>\n","protected":false},"featured_media":18076,"comment_status":"open","ping_status":"closed","template":"","meta":{"_acf_changed":false},"product_brand":[],"product_cat":[155,2694,2207],"product_tag":[2596,2814,193,2627,2815,2626,2589,2751,2816],"class_list":{"0":"post-18066","1":"product","2":"type-product","3":"status-publish","4":"has-post-thumbnail","6":"product_cat-bluzy-damskie","7":"product_cat-dlugie-bluzy-z-kapturem","8":"product_cat-wyprzedaz","9":"product_tag-beach-wear-pl","10":"product_tag-bluza-snowboardowa","11":"product_tag-duzy-kaptur","12":"product_tag-hoodie-dress-pl","13":"product_tag-komfort","14":"product_tag-long-hoodie-pl","15":"product_tag-surf-hoodies-pl","16":"product_tag-zebra-pl","17":"product_tag-zima","19":"first","20":"instock","21":"shipping-taxable","22":"purchasable","23":"product-type-variable","24":"has-default-attributes"},"acf":[],"_links":{"self":[{"href":"https:\/\/evokaii.com\/pl\/wp-json\/wp\/v2\/product\/18066","targetHints":{"allow":["GET"]}}],"collection":[{"href":"https:\/\/evokaii.com\/pl\/wp-json\/wp\/v2\/product"}],"about":[{"href":"https:\/\/evokaii.com\/pl\/wp-json\/wp\/v2\/types\/product"}],"replies":[{"embeddable":true,"href":"https:\/\/evokaii.com\/pl\/wp-json\/wp\/v2\/comments?post=18066"}],"wp:featuredmedia":[{"embeddable":true,"href":"https:\/\/evokaii.com\/pl\/wp-json\/wp\/v2\/media\/18076"}],"wp:attachment":[{"href":"https:\/\/evokaii.com\/pl\/wp-json\/wp\/v2\/media?parent=18066"}],"wp:term":[{"taxonomy":"product_brand","embeddable":true,"href":"https:\/\/evokaii.com\/pl\/wp-json\/wp\/v2\/product_brand?post=18066"},{"taxonomy":"product_cat","embeddable":true,"href":"https:\/\/evokaii.com\/pl\/wp-json\/wp\/v2\/product_cat?post=18066"},{"taxonomy":"product_tag","embeddable":true,"href":"https:\/\/evokaii.com\/pl\/wp-json\/wp\/v2\/product_tag?post=18066"}],"curies":[{"name":"wp","href":"https:\/\/api.w.org\/{rel}","templated":true}]}}