{"id":18110,"date":"2022-09-20T10:12:07","date_gmt":"2022-09-20T08:12:09","guid":{"rendered":"http:\/\/evokaii.com\/?post_type=product&#038;p=18110"},"modified":"2022-11-15T13:55:50","modified_gmt":"2022-11-15T11:55:50","slug":"candy-long-zipper-hoodie-pink-tropic","status":"publish","type":"product","link":"https:\/\/evokaii.com\/pl\/produkt\/candy-long-zipper-hoodie-pink-tropic\/","title":{"rendered":"Candy Long Zipper Hoodie &#8211; Pink Tropic"},"content":{"rendered":"<h3>Candy Long Zipper Hoodie &#8211; Pink Tropic<\/h3>\n<p>Bluza Candy long Pink Tropic to d\u0142uga bluza, kt\u00f3ra wykonana jest z dzianiny bawe\u0142nianej z oryginalnymi elementami nadruku w tropikalnym stylu. Idealna dla wszystkich, kt\u00f3rzy uwielbiaj\u0105 du\u017ce kaptury. Bardzo twarzowa bluza z suwakiem Ykk. Bluza posiada otwory na kciuki, dzi\u0119ki czemu sprawdzi si\u0119 te\u017c na jesienno-zimowe spacery.<\/p>\n<p>Do bluzy pasuj\u0105 spodnie welurowe w kolorze chabrowym, r\u00f3\u017cowym lub szarym, niebieskim, mi\u0119towym.<\/p>\n<p>Modelka na zdj\u0119ciu nosi rozmiar M ; wzrost166cm<\/p>\n<p>Wyprodukowano w Polsce.<\/p>\n","protected":false},"excerpt":{"rendered":"<p>\u2299 Du\u017cy kaptur<br \/>\n\u2299 Extra d\u0142ugi model<br \/>\n\u2299 \u0141atwe zapi\u0119cie<\/p>\n","protected":false},"featured_media":18115,"comment_status":"open","ping_status":"closed","template":"","meta":{"_acf_changed":false},"product_brand":[],"product_cat":[155,2694,1101],"product_tag":[2596,193,2627,2626,1322,854,220],"class_list":{"0":"post-18110","1":"product","2":"type-product","3":"status-publish","4":"has-post-thumbnail","6":"product_cat-bluzy-damskie","7":"product_cat-dlugie-bluzy-z-kapturem","8":"product_cat-nowosci","9":"product_tag-beach-wear-pl","10":"product_tag-duzy-kaptur","11":"product_tag-hoodie-dress-pl","12":"product_tag-long-hoodie-pl","13":"product_tag-rozowy","14":"product_tag-tropical-pl","15":"product_tag-zipper-pl","16":"pa_colour-pattern-rozowy","18":"first","19":"outofstock","20":"shipping-taxable","21":"product-type-variable","22":"has-default-attributes"},"acf":[],"_links":{"self":[{"href":"https:\/\/evokaii.com\/pl\/wp-json\/wp\/v2\/product\/18110","targetHints":{"allow":["GET"]}}],"collection":[{"href":"https:\/\/evokaii.com\/pl\/wp-json\/wp\/v2\/product"}],"about":[{"href":"https:\/\/evokaii.com\/pl\/wp-json\/wp\/v2\/types\/product"}],"replies":[{"embeddable":true,"href":"https:\/\/evokaii.com\/pl\/wp-json\/wp\/v2\/comments?post=18110"}],"wp:featuredmedia":[{"embeddable":true,"href":"https:\/\/evokaii.com\/pl\/wp-json\/wp\/v2\/media\/18115"}],"wp:attachment":[{"href":"https:\/\/evokaii.com\/pl\/wp-json\/wp\/v2\/media?parent=18110"}],"wp:term":[{"taxonomy":"product_brand","embeddable":true,"href":"https:\/\/evokaii.com\/pl\/wp-json\/wp\/v2\/product_brand?post=18110"},{"taxonomy":"product_cat","embeddable":true,"href":"https:\/\/evokaii.com\/pl\/wp-json\/wp\/v2\/product_cat?post=18110"},{"taxonomy":"product_tag","embeddable":true,"href":"https:\/\/evokaii.com\/pl\/wp-json\/wp\/v2\/product_tag?post=18110"}],"curies":[{"name":"wp","href":"https:\/\/api.w.org\/{rel}","templated":true}]}}