{"id":18131,"date":"2022-09-20T10:38:56","date_gmt":"2022-09-20T08:38:57","guid":{"rendered":"http:\/\/evokaii.com\/?post_type=product&#038;p=18131"},"modified":"2023-04-10T08:37:25","modified_gmt":"2023-04-10T06:37:25","slug":"candy-long-zipper-hoodie-pink-zebra","status":"publish","type":"product","link":"https:\/\/evokaii.com\/pl\/produkt\/candy-long-zipper-hoodie-pink-zebra\/","title":{"rendered":"Candy Long Zipper Hoodie &#8211; Pink Zebra"},"content":{"rendered":"<h3>Candy Long Zipper Hoodie &#8211; Pink Zebra<\/h3>\n<p>Bluza Candy long Pink Zebra to d\u0142uga bluza, kt\u00f3ra wykonana jest z dzianiny bawe\u0142nianej z oryginalnym printem zebra &amp; pantera. Idealna dla wszystkich, kt\u00f3rzy uwielbiaj\u0105 du\u017ce kaptury. Bardzo twarzowa bluza z suwakiem Ykk. Bluza posiada otwory na kciuki, dzi\u0119ki czemu sprawdzi si\u0119 te\u017c na jesienno-zimowe spacery.<\/p>\n<p>Do bluzy pasuj\u0105 spodnie welurowe w kolorze chabrowym, r\u00f3\u017cowym lub szarym.<\/p>\n<p>Modelka na zdj\u0119ciu nosi rozmiar M ; wzrost166cm<\/p>\n<p>Wyprodukowano w Polsce.<\/p>\n","protected":false},"excerpt":{"rendered":"<p>\u2299 Du\u017cy kaptur<br \/>\n\u2299 Extra d\u0142ugi model<br \/>\n\u2299 \u0141atwe zapi\u0119cie<\/p>\n","protected":false},"featured_media":18136,"comment_status":"open","ping_status":"closed","template":"","meta":{"_acf_changed":false},"product_brand":[],"product_cat":[155,2694,1101],"product_tag":[2596,193,2627,2626,2554,1322,2751,220],"class_list":{"0":"post-18131","1":"product","2":"type-product","3":"status-publish","4":"has-post-thumbnail","6":"product_cat-bluzy-damskie","7":"product_cat-dlugie-bluzy-z-kapturem","8":"product_cat-nowosci","9":"product_tag-beach-wear-pl","10":"product_tag-duzy-kaptur","11":"product_tag-hoodie-dress-pl","12":"product_tag-long-hoodie-pl","13":"product_tag-panthera-pl","14":"product_tag-rozowy","15":"product_tag-zebra-pl","16":"product_tag-zipper-pl","17":"pa_colour-pattern-rozowy","19":"first","20":"instock","21":"shipping-taxable","22":"product-type-variable","23":"has-default-attributes"},"acf":[],"_links":{"self":[{"href":"https:\/\/evokaii.com\/pl\/wp-json\/wp\/v2\/product\/18131","targetHints":{"allow":["GET"]}}],"collection":[{"href":"https:\/\/evokaii.com\/pl\/wp-json\/wp\/v2\/product"}],"about":[{"href":"https:\/\/evokaii.com\/pl\/wp-json\/wp\/v2\/types\/product"}],"replies":[{"embeddable":true,"href":"https:\/\/evokaii.com\/pl\/wp-json\/wp\/v2\/comments?post=18131"}],"wp:featuredmedia":[{"embeddable":true,"href":"https:\/\/evokaii.com\/pl\/wp-json\/wp\/v2\/media\/18136"}],"wp:attachment":[{"href":"https:\/\/evokaii.com\/pl\/wp-json\/wp\/v2\/media?parent=18131"}],"wp:term":[{"taxonomy":"product_brand","embeddable":true,"href":"https:\/\/evokaii.com\/pl\/wp-json\/wp\/v2\/product_brand?post=18131"},{"taxonomy":"product_cat","embeddable":true,"href":"https:\/\/evokaii.com\/pl\/wp-json\/wp\/v2\/product_cat?post=18131"},{"taxonomy":"product_tag","embeddable":true,"href":"https:\/\/evokaii.com\/pl\/wp-json\/wp\/v2\/product_tag?post=18131"}],"curies":[{"name":"wp","href":"https:\/\/api.w.org\/{rel}","templated":true}]}}