{"id":18193,"date":"2022-09-20T11:58:31","date_gmt":"2022-09-20T09:58:33","guid":{"rendered":"http:\/\/evokaii.com\/?post_type=product&#038;p=18193"},"modified":"2023-08-09T16:30:36","modified_gmt":"2023-08-09T14:30:36","slug":"big-hood-cornflower-blue","status":"publish","type":"product","link":"https:\/\/evokaii.com\/pl\/produkt\/big-hood-cornflower-blue\/","title":{"rendered":"Big Hood &#8211; Chabrowy Niebieski"},"content":{"rendered":"<h3>Big Hood &#8211; Chabrowy Niebieski<\/h3>\n<p>Milutka i ciep\u0142a welurowa bluza z kapturem przyda si\u0119 na ch\u0142odniejsze wieczory. Bluza ma dziury na kciuk. Bardzo twarzowy kolor chabrowy bluzy prze\u0142amany jest dodatkiem arktycznej mi\u0119ty.<\/p>\n<p>Do bluzy mo\u017cna dobra\u0107 spodnie w tym samym kolorze.<\/p>\n<p>Wyprodukowano w Polsce.<\/p>\n<p>Wymiary bluzy:<\/p>\n<p>1. Mierzona spod pachy do pachy na p\u0142asko; S-49cm, M-51cm, L-53cm<\/p>\n<p>2. D\u0142ugo\u015b\u0107 bluzy mierzona od pachy w d\u00f3\u0142; S-47 i M- 48cm, L-49cm<\/p>\n<p>3. D\u0142ugo\u015b\u0107 r\u0119kawa mierzona spod pachy; S-46cm, M-47cm, L- 49cm<\/p>\n","protected":false},"excerpt":{"rendered":"<p>\u2299 Du\u017cy kaptur &amp; \u015bci\u0105gacze<br \/>\n\u2299 Kiesze\u0144 &#8220;kangurka&#8221;<br \/>\n\u2299 Welurowa mi\u0119kko\u015b\u0107<\/p>\n","protected":false},"featured_media":18208,"comment_status":"open","ping_status":"closed","template":"","meta":{"_acf_changed":false},"product_brand":[],"product_cat":[155,2701,1101],"product_tag":[2596,181,193,2775,2589,2590],"class_list":{"0":"post-18193","1":"product","2":"type-product","3":"status-publish","4":"has-post-thumbnail","6":"product_cat-bluzy-damskie","7":"product_cat-bluza-z-kapturem","8":"product_cat-nowosci","9":"product_tag-beach-wear-pl","10":"product_tag-bluzy","11":"product_tag-duzy-kaptur","12":"product_tag-niebieski","13":"product_tag-surf-hoodies-pl","14":"product_tag-velvet-hoodie-pl","15":"product_shipping_class-medium","16":"size_chart-velvecia-hoodie-pl","18":"first","19":"instock","20":"shipping-taxable","21":"product-type-variable","22":"has-default-attributes"},"acf":[],"_links":{"self":[{"href":"https:\/\/evokaii.com\/pl\/wp-json\/wp\/v2\/product\/18193","targetHints":{"allow":["GET"]}}],"collection":[{"href":"https:\/\/evokaii.com\/pl\/wp-json\/wp\/v2\/product"}],"about":[{"href":"https:\/\/evokaii.com\/pl\/wp-json\/wp\/v2\/types\/product"}],"replies":[{"embeddable":true,"href":"https:\/\/evokaii.com\/pl\/wp-json\/wp\/v2\/comments?post=18193"}],"wp:featuredmedia":[{"embeddable":true,"href":"https:\/\/evokaii.com\/pl\/wp-json\/wp\/v2\/media\/18208"}],"wp:attachment":[{"href":"https:\/\/evokaii.com\/pl\/wp-json\/wp\/v2\/media?parent=18193"}],"wp:term":[{"taxonomy":"product_brand","embeddable":true,"href":"https:\/\/evokaii.com\/pl\/wp-json\/wp\/v2\/product_brand?post=18193"},{"taxonomy":"product_cat","embeddable":true,"href":"https:\/\/evokaii.com\/pl\/wp-json\/wp\/v2\/product_cat?post=18193"},{"taxonomy":"product_tag","embeddable":true,"href":"https:\/\/evokaii.com\/pl\/wp-json\/wp\/v2\/product_tag?post=18193"}],"curies":[{"name":"wp","href":"https:\/\/api.w.org\/{rel}","templated":true}]}}