{"id":18215,"date":"2022-09-20T13:27:27","date_gmt":"2022-09-20T11:27:28","guid":{"rendered":"http:\/\/evokaii.com\/?post_type=product&#038;p=18215"},"modified":"2025-01-02T19:08:07","modified_gmt":"2025-01-02T17:08:07","slug":"epic-hoodie-velvecia-starshine-copy","status":"publish","type":"product","link":"https:\/\/evokaii.com\/pl\/produkt\/epic-hoodie-velvecia-starshine-copy\/","title":{"rendered":"Epic Hoodie &#8211; Chabrowy Niebieski"},"content":{"rendered":"<h3>Epic Hoodie &#8211; Chabrowy Niebieski<\/h3>\n<p>Milutka i ciep\u0142a welurowa bluza bez kaptura przyda si\u0119 na ch\u0142odniejsze dni. Bardzo twarzowy chabrowy kolor bluzy. Idealnie pasuje do spodni lub sp\u00f3dniczek, sukienek.<\/p>\n<p>Bluza wykonana jest z 80% bawe\u0142ny i 20% poliestru.<\/p>\n<p>Modelka ma na sobie rozmiar S. Wzrost 166cm.<\/p>\n<p>Wyprodukowano w Polsce.<\/p>\n","protected":false},"excerpt":{"rendered":"<p>\u2299 Bluza z szerokim ko\u0142nierzem<br \/>\n\u2299 Welurowa mi\u0119kko\u015b\u0107<\/p>\n","protected":false},"featured_media":18223,"comment_status":"open","ping_status":"closed","template":"","meta":{"_acf_changed":false},"product_brand":[],"product_cat":[155,2207],"product_tag":[2803,181,2775,2621,2590],"class_list":{"0":"post-18215","1":"product","2":"type-product","3":"status-publish","4":"has-post-thumbnail","6":"product_cat-bluzy-damskie","7":"product_cat-wyprzedaz","8":"product_tag-bawelna","9":"product_tag-bluzy","10":"product_tag-niebieski","11":"product_tag-velvet-pl","12":"product_tag-velvet-hoodie-pl","13":"product_shipping_class-medium","14":"size_chart-velvecia-hoodie-pl","16":"first","17":"outofstock","18":"shipping-taxable","19":"product-type-variable"},"acf":[],"_links":{"self":[{"href":"https:\/\/evokaii.com\/pl\/wp-json\/wp\/v2\/product\/18215","targetHints":{"allow":["GET"]}}],"collection":[{"href":"https:\/\/evokaii.com\/pl\/wp-json\/wp\/v2\/product"}],"about":[{"href":"https:\/\/evokaii.com\/pl\/wp-json\/wp\/v2\/types\/product"}],"replies":[{"embeddable":true,"href":"https:\/\/evokaii.com\/pl\/wp-json\/wp\/v2\/comments?post=18215"}],"wp:featuredmedia":[{"embeddable":true,"href":"https:\/\/evokaii.com\/pl\/wp-json\/wp\/v2\/media\/18223"}],"wp:attachment":[{"href":"https:\/\/evokaii.com\/pl\/wp-json\/wp\/v2\/media?parent=18215"}],"wp:term":[{"taxonomy":"product_brand","embeddable":true,"href":"https:\/\/evokaii.com\/pl\/wp-json\/wp\/v2\/product_brand?post=18215"},{"taxonomy":"product_cat","embeddable":true,"href":"https:\/\/evokaii.com\/pl\/wp-json\/wp\/v2\/product_cat?post=18215"},{"taxonomy":"product_tag","embeddable":true,"href":"https:\/\/evokaii.com\/pl\/wp-json\/wp\/v2\/product_tag?post=18215"}],"curies":[{"name":"wp","href":"https:\/\/api.w.org\/{rel}","templated":true}]}}