{"id":18249,"date":"2022-09-20T17:39:53","date_gmt":"2022-09-20T15:39:54","guid":{"rendered":"http:\/\/evokaii.com\/?post_type=product&#038;p=18249"},"modified":"2025-11-02T12:39:01","modified_gmt":"2025-11-02T10:39:01","slug":"t-shirt-coral","status":"publish","type":"product","link":"https:\/\/evokaii.com\/pl\/produkt\/t-shirt-coral\/","title":{"rendered":"T-shirt Koralowy"},"content":{"rendered":"<h3>T-shirt Koralowy &#8211; delikatny oversize<\/h3>\n<p>T-shirt o delikatnym kroju oversize z kieszonk\u0105 w kolorze koralowym wykonana jest z mi\u0142ej dzianiny singlowej o sk\u0142adzie 97% bawe\u0142na i 3% elastan. Bluzka ma okr\u0105g\u0142e, szerokie wyci\u0119cie przy szyi dzi\u0119ki czemu mo\u017cna opu\u015bci\u0107 j\u0105 na rami\u0119.<\/p>\n<p>Modelka ma na sobie rozmiar M, wzrost 166cm.<\/p>\n<p>Wyprodukowano w Polsce.<\/p>\n","protected":false},"excerpt":{"rendered":"<p>\u2299 Mi\u0119kki bawe\u0142niany materia\u0142<br \/>\n\u2299 Jednolity kolor do kombinacji Mix &amp; Match<\/p>\n","protected":false},"featured_media":18259,"comment_status":"open","ping_status":"closed","template":"","meta":{"_acf_changed":false},"product_brand":[],"product_cat":[1101,158],"product_tag":[2803,2506,2807,2809,2810,205],"class_list":{"0":"post-18249","1":"product","2":"type-product","3":"status-publish","4":"has-post-thumbnail","6":"product_cat-nowosci","7":"product_cat-tops-pl","8":"product_tag-bawelna","9":"product_tag-oversized-pl","10":"product_tag-streetwear-tshirt-pl","11":"product_tag-t-shirt-pl","12":"product_tag-tank-top-pl-2","13":"product_tag-tank-top-pl","14":"product_shipping_class-small","16":"first","17":"instock","18":"shipping-taxable","19":"purchasable","20":"product-type-variable"},"acf":[],"_links":{"self":[{"href":"https:\/\/evokaii.com\/pl\/wp-json\/wp\/v2\/product\/18249","targetHints":{"allow":["GET"]}}],"collection":[{"href":"https:\/\/evokaii.com\/pl\/wp-json\/wp\/v2\/product"}],"about":[{"href":"https:\/\/evokaii.com\/pl\/wp-json\/wp\/v2\/types\/product"}],"replies":[{"embeddable":true,"href":"https:\/\/evokaii.com\/pl\/wp-json\/wp\/v2\/comments?post=18249"}],"wp:featuredmedia":[{"embeddable":true,"href":"https:\/\/evokaii.com\/pl\/wp-json\/wp\/v2\/media\/18259"}],"wp:attachment":[{"href":"https:\/\/evokaii.com\/pl\/wp-json\/wp\/v2\/media?parent=18249"}],"wp:term":[{"taxonomy":"product_brand","embeddable":true,"href":"https:\/\/evokaii.com\/pl\/wp-json\/wp\/v2\/product_brand?post=18249"},{"taxonomy":"product_cat","embeddable":true,"href":"https:\/\/evokaii.com\/pl\/wp-json\/wp\/v2\/product_cat?post=18249"},{"taxonomy":"product_tag","embeddable":true,"href":"https:\/\/evokaii.com\/pl\/wp-json\/wp\/v2\/product_tag?post=18249"}],"curies":[{"name":"wp","href":"https:\/\/api.w.org\/{rel}","templated":true}]}}