{"id":18283,"date":"2022-09-20T21:03:11","date_gmt":"2022-09-20T19:03:12","guid":{"rendered":"http:\/\/evokaii.com\/?post_type=product&#038;p=18283"},"modified":"2025-11-02T12:39:00","modified_gmt":"2025-11-02T10:39:00","slug":"longsleeve-coral","status":"publish","type":"product","link":"https:\/\/evokaii.com\/pl\/produkt\/longsleeve-coral\/","title":{"rendered":"Longsleeve Coral"},"content":{"rendered":"<h3>Longsleeve Coral<\/h3>\n<p>Bluzka z d\u0142ugim r\u0119kawem o przepi\u0119knym koralowym kolorze wykonana jest z mi\u0142ej dzianiny singlowej o sk\u0142adzie 94% bawe\u0142na i 6% elastan. Bluzka ma okr\u0105g\u0142e wyko\u0144czenie na dole oraz wyci\u0119cie &#8221;\u0142\u00f3dka&#8221; przy szyi.<\/p>\n<p>Modelka ma na sobie rozmiar M, wzrost 166cm.<\/p>\n<p>Wyprodukowano w Polsce.<\/p>\n","protected":false},"excerpt":{"rendered":"<p>\u2299 Mi\u0142a singlowa dzianina<br \/>\n\u2299 Jednolity kolor do kombinacji Mix &amp; Match<br \/>\n\u2299 Super mi\u0119kka<\/p>\n","protected":false},"featured_media":18291,"comment_status":"open","ping_status":"closed","template":"","meta":{"_acf_changed":false},"product_brand":[],"product_cat":[2735,2207],"product_tag":[],"class_list":{"0":"post-18283","1":"product","2":"type-product","3":"status-publish","4":"has-post-thumbnail","6":"product_cat-bluzki-z-dlugim-rekawem","7":"product_cat-wyprzedaz","8":"product_shipping_class-small","10":"first","11":"instock","12":"sale","13":"shipping-taxable","14":"purchasable","15":"product-type-variable"},"acf":[],"_links":{"self":[{"href":"https:\/\/evokaii.com\/pl\/wp-json\/wp\/v2\/product\/18283","targetHints":{"allow":["GET"]}}],"collection":[{"href":"https:\/\/evokaii.com\/pl\/wp-json\/wp\/v2\/product"}],"about":[{"href":"https:\/\/evokaii.com\/pl\/wp-json\/wp\/v2\/types\/product"}],"replies":[{"embeddable":true,"href":"https:\/\/evokaii.com\/pl\/wp-json\/wp\/v2\/comments?post=18283"}],"wp:featuredmedia":[{"embeddable":true,"href":"https:\/\/evokaii.com\/pl\/wp-json\/wp\/v2\/media\/18291"}],"wp:attachment":[{"href":"https:\/\/evokaii.com\/pl\/wp-json\/wp\/v2\/media?parent=18283"}],"wp:term":[{"taxonomy":"product_brand","embeddable":true,"href":"https:\/\/evokaii.com\/pl\/wp-json\/wp\/v2\/product_brand?post=18283"},{"taxonomy":"product_cat","embeddable":true,"href":"https:\/\/evokaii.com\/pl\/wp-json\/wp\/v2\/product_cat?post=18283"},{"taxonomy":"product_tag","embeddable":true,"href":"https:\/\/evokaii.com\/pl\/wp-json\/wp\/v2\/product_tag?post=18283"}],"curies":[{"name":"wp","href":"https:\/\/api.w.org\/{rel}","templated":true}]}}