{"id":18321,"date":"2022-09-20T22:08:42","date_gmt":"2022-09-20T20:08:43","guid":{"rendered":"http:\/\/evokaii.com\/?post_type=product&#038;p=18321"},"modified":"2025-07-12T19:49:29","modified_gmt":"2025-07-12T17:49:29","slug":"longsleeve-pocket-peach-pink","status":"publish","type":"product","link":"https:\/\/evokaii.com\/pl\/produkt\/longsleeve-pocket-peach-pink\/","title":{"rendered":"Longsleeve Pocket &#8211; Peach Pink"},"content":{"rendered":"<h3>Longsleeve z kieszonk\u0105 &#8211; Brzoskwiniowo R\u00f3\u017cowy<\/h3>\n<p>Bluzka z d\u0142ugim r\u0119kawem z kieszonk\u0105 wykonana jest z mi\u0142ej dzianiny o sk\u0142adzie 97% bawe\u0142na, 3% elastan. Bluzka ma przepi\u0119kny brzoskwiniowo r\u00f3\u017cowy kolor<\/p>\n<p>Modelka ma na sobie rozmiar M, wzrost 166cm.<\/p>\n<p>Wyprodukowano w Polsce.<\/p>\n","protected":false},"excerpt":{"rendered":"<p>\u2299 Mi\u0142a singlowa dzianina<br \/>\n\u2299 Jednolity kolor do kombinacji Mix &amp; Match<br \/>\n\u2299 Super mi\u0119kka<\/p>\n<p>\u2299 Kieszonka na piersi<\/p>\n","protected":false},"featured_media":18333,"comment_status":"open","ping_status":"closed","template":"","meta":{"_acf_changed":false},"product_brand":[],"product_cat":[2735,2207],"product_tag":[],"class_list":{"0":"post-18321","1":"product","2":"type-product","3":"status-publish","4":"has-post-thumbnail","6":"product_cat-bluzki-z-dlugim-rekawem","7":"product_cat-wyprzedaz","8":"product_shipping_class-small","10":"first","11":"instock","12":"shipping-taxable","13":"purchasable","14":"product-type-variable"},"acf":[],"_links":{"self":[{"href":"https:\/\/evokaii.com\/pl\/wp-json\/wp\/v2\/product\/18321","targetHints":{"allow":["GET"]}}],"collection":[{"href":"https:\/\/evokaii.com\/pl\/wp-json\/wp\/v2\/product"}],"about":[{"href":"https:\/\/evokaii.com\/pl\/wp-json\/wp\/v2\/types\/product"}],"replies":[{"embeddable":true,"href":"https:\/\/evokaii.com\/pl\/wp-json\/wp\/v2\/comments?post=18321"}],"wp:featuredmedia":[{"embeddable":true,"href":"https:\/\/evokaii.com\/pl\/wp-json\/wp\/v2\/media\/18333"}],"wp:attachment":[{"href":"https:\/\/evokaii.com\/pl\/wp-json\/wp\/v2\/media?parent=18321"}],"wp:term":[{"taxonomy":"product_brand","embeddable":true,"href":"https:\/\/evokaii.com\/pl\/wp-json\/wp\/v2\/product_brand?post=18321"},{"taxonomy":"product_cat","embeddable":true,"href":"https:\/\/evokaii.com\/pl\/wp-json\/wp\/v2\/product_cat?post=18321"},{"taxonomy":"product_tag","embeddable":true,"href":"https:\/\/evokaii.com\/pl\/wp-json\/wp\/v2\/product_tag?post=18321"}],"curies":[{"name":"wp","href":"https:\/\/api.w.org\/{rel}","templated":true}]}}