{"id":18340,"date":"2022-09-20T22:34:54","date_gmt":"2022-09-20T20:34:55","guid":{"rendered":"http:\/\/evokaii.com\/?post_type=product&#038;p=18340"},"modified":"2023-05-07T12:47:52","modified_gmt":"2023-05-07T10:47:52","slug":"oversize-hawaii-dress-pink","status":"publish","type":"product","link":"https:\/\/evokaii.com\/pl\/produkt\/oversize-hawaii-dress-pink\/","title":{"rendered":"Oversize Hawaii Dress &#8211; Pink"},"content":{"rendered":"<h3>Oversize Hawaii Dress &#8211; Pink<\/h3>\n<p>Sukienka Hawaii o kroju oversize z kieszonk\u0105 \u015bwietnie pasuje do wi\u0119kszo\u015bci sylwetek. Ty\u0142 sukienki jest lekko wyd\u0142u\u017cony a szeroki wykr\u00f3j sprawia, \u017ce mo\u017cna sukienk\u0119 opu\u015bci\u0107 na rami\u0119. Przez \u015brodek sukienki z ty\u0142u poprowadzone jest ozdobne przeszycie pod kolor dzianiny.<\/p>\n<p>Sukienka wykonana jest z wysokogatunkowej dzianiny bawe\u0142nianej z domieszk\u0105 elastanu.<\/p>\n<p>Modelka ma na sobie rozmiar M, wzrost 166cm.<\/p>\n<p>Wyprodukowano w Polsce.<\/p>\n","protected":false},"excerpt":{"rendered":"<p>\u2299 Letnia sukienka<br \/>\n\u2299 Prosty Design<br \/>\n\u2299 Oversize<br \/>\n\u2299 Kieszonka na piersi<\/p>\n","protected":false},"featured_media":18348,"comment_status":"open","ping_status":"closed","template":"","meta":{"_acf_changed":false},"product_brand":[],"product_cat":[1101,154],"product_tag":[2636,2506,2792,190],"class_list":{"0":"post-18340","1":"product","2":"type-product","3":"status-publish","4":"has-post-thumbnail","6":"product_cat-nowosci","7":"product_cat-sukienki","8":"product_tag-black-dress-pl","9":"product_tag-oversized-pl","10":"product_tag-pink-dress-pl","11":"product_tag-sukienka","12":"product_shipping_class-small","14":"first","15":"instock","16":"shipping-taxable","17":"product-type-variable","18":"has-default-attributes"},"acf":[],"_links":{"self":[{"href":"https:\/\/evokaii.com\/pl\/wp-json\/wp\/v2\/product\/18340","targetHints":{"allow":["GET"]}}],"collection":[{"href":"https:\/\/evokaii.com\/pl\/wp-json\/wp\/v2\/product"}],"about":[{"href":"https:\/\/evokaii.com\/pl\/wp-json\/wp\/v2\/types\/product"}],"replies":[{"embeddable":true,"href":"https:\/\/evokaii.com\/pl\/wp-json\/wp\/v2\/comments?post=18340"}],"wp:featuredmedia":[{"embeddable":true,"href":"https:\/\/evokaii.com\/pl\/wp-json\/wp\/v2\/media\/18348"}],"wp:attachment":[{"href":"https:\/\/evokaii.com\/pl\/wp-json\/wp\/v2\/media?parent=18340"}],"wp:term":[{"taxonomy":"product_brand","embeddable":true,"href":"https:\/\/evokaii.com\/pl\/wp-json\/wp\/v2\/product_brand?post=18340"},{"taxonomy":"product_cat","embeddable":true,"href":"https:\/\/evokaii.com\/pl\/wp-json\/wp\/v2\/product_cat?post=18340"},{"taxonomy":"product_tag","embeddable":true,"href":"https:\/\/evokaii.com\/pl\/wp-json\/wp\/v2\/product_tag?post=18340"}],"curies":[{"name":"wp","href":"https:\/\/api.w.org\/{rel}","templated":true}]}}