{"id":18380,"date":"2022-09-20T23:11:43","date_gmt":"2022-09-20T21:11:45","guid":{"rendered":"http:\/\/evokaii.com\/?post_type=product&#038;p=18380"},"modified":"2022-09-20T23:18:34","modified_gmt":"2022-09-20T21:18:34","slug":"oversize-hawaii-dress-black","status":"publish","type":"product","link":"https:\/\/evokaii.com\/pl\/produkt\/oversize-hawaii-dress-black\/","title":{"rendered":"Oversize Hawaii Dress &#8211; Black"},"content":{"rendered":"<h3>Oversize Hawaii Dress &#8211; Black<\/h3>\n<p>Sukienka Hawaii o kroju oversize z kieszonk\u0105 \u015bwietnie pasuje do wi\u0119kszo\u015bci sylwetek. Ty\u0142 sukienki jest lekko wyd\u0142u\u017cony a szeroki wykr\u00f3j sprawia, \u017ce mo\u017cna sukienk\u0119 opu\u015bci\u0107 na rami\u0119. Przez \u015brodek sukienki z ty\u0142u poprowadzone jest ozdobne przeszycie pod kolor dzianiny.<\/p>\n<p>Sukienka wykonana jest z wysokogatunkowej dzianiny bawe\u0142nianej z domieszk\u0105 elastanu.<\/p>\n<p>Modelka ma na sobie rozmiar M, wzrost 166cm.<\/p>\n<p>Wyprodukowano w Polsce.<\/p>\n","protected":false},"excerpt":{"rendered":"<p>\u2299 Letnia sukienka<br \/>\n\u2299 Prosty Design<br \/>\n\u2299 Oversize<br \/>\n\u2299 Kieszonka na piersi<\/p>\n","protected":false},"featured_media":18388,"comment_status":"open","ping_status":"closed","template":"","meta":{"_acf_changed":false},"product_brand":[],"product_cat":[1101,154],"product_tag":[2636,2784,2506,190],"class_list":{"0":"post-18380","1":"product","2":"type-product","3":"status-publish","4":"has-post-thumbnail","6":"product_cat-nowosci","7":"product_cat-sukienki","8":"product_tag-black-dress-pl","9":"product_tag-czarny","10":"product_tag-oversized-pl","11":"product_tag-sukienka","12":"product_shipping_class-small","14":"first","15":"outofstock","16":"shipping-taxable","17":"purchasable","18":"product-type-variable","19":"has-default-attributes"},"acf":[],"_links":{"self":[{"href":"https:\/\/evokaii.com\/pl\/wp-json\/wp\/v2\/product\/18380","targetHints":{"allow":["GET"]}}],"collection":[{"href":"https:\/\/evokaii.com\/pl\/wp-json\/wp\/v2\/product"}],"about":[{"href":"https:\/\/evokaii.com\/pl\/wp-json\/wp\/v2\/types\/product"}],"replies":[{"embeddable":true,"href":"https:\/\/evokaii.com\/pl\/wp-json\/wp\/v2\/comments?post=18380"}],"wp:featuredmedia":[{"embeddable":true,"href":"https:\/\/evokaii.com\/pl\/wp-json\/wp\/v2\/media\/18388"}],"wp:attachment":[{"href":"https:\/\/evokaii.com\/pl\/wp-json\/wp\/v2\/media?parent=18380"}],"wp:term":[{"taxonomy":"product_brand","embeddable":true,"href":"https:\/\/evokaii.com\/pl\/wp-json\/wp\/v2\/product_brand?post=18380"},{"taxonomy":"product_cat","embeddable":true,"href":"https:\/\/evokaii.com\/pl\/wp-json\/wp\/v2\/product_cat?post=18380"},{"taxonomy":"product_tag","embeddable":true,"href":"https:\/\/evokaii.com\/pl\/wp-json\/wp\/v2\/product_tag?post=18380"}],"curies":[{"name":"wp","href":"https:\/\/api.w.org\/{rel}","templated":true}]}}